{"id":219058,"date":"2025-03-23T11:06:40","date_gmt":"2025-03-23T11:06:40","guid":{"rendered":"https:\/\/aromasentia.com\/product\/small-bangle-t-stand-chocolate\/"},"modified":"2025-12-30T20:59:31","modified_gmt":"2025-12-30T20:59:31","slug":"soporte-pulsera-peq-t-chocolate","status":"publish","type":"product","link":"https:\/\/aromasentia.com\/es\/soporte-pulsera-peq-t-chocolate\/","title":{"rendered":"Soporte Pulsera Peq \u00abT\u00bb &#8211; Chocolate"},"content":{"rendered":"<p itemprop=\"description\"><strong>Puestos de brazaletes de joyer\u00eda al por mayor<\/strong>, peque\u00f1os puestos de brazaletes hechos de poliuretano natural, acabados a mano para mostrar brazaletes, pulseras y otras joyas de moda.&nbsp;<\/p>\n<p itemprop=\"description\">Estas formas de poliuretano pinnable est\u00e1n envueltas firmemente con papel natural retorcido para dar un elegante y llamativo<strong>&nbsp;efecto rat\u00e1n&nbsp;<\/strong> natural que contrasta con las joyas para a\u00f1adir estilo y sofisticaci\u00f3n.&nbsp;<\/p>\n<p itemprop=\"description\">Disponible en tres tama\u00f1os y colores diferentes para permitir el m\u00e1ximo potencial de exposici\u00f3n. Perfecto para mostradores, vitrinas y otros expositores de tienda.<\/p>\n<p itemprop=\"description\"><strong>Haga su pedido hoy mismo para crear el rinc\u00f3n de joyer\u00eda perfecto en su tienda.<\/strong><\/p>\n<p itemprop=\"description\"><\/p>\n<p itemprop=\"description\"><strong>Tallas:<\/strong><\/p>\n<p itemprop=\"description\"><strong>Altura 14cm, Anchura 19cm, &nbsp;Di\u00e1metro 5cm, Longitud: 7cm<\/strong><\/p>\n<p itemprop=\"description\"><strong>Peso: 270g<\/strong><\/p>\n","protected":false},"excerpt":{"rendered":"<p>Puestos de brazaletes de joyer\u00eda al por mayor, peque\u00f1os puestos de brazaletes hechos de poliuretano natural, acabados a mano para mostrar brazaletes, pulseras y otras joyas de moda.&nbsp; Estas formas de poliuretano pinnable est\u00e1n envueltas firmemente con papel natural retorcido para dar un elegante y llamativo&nbsp;efecto rat\u00e1n&nbsp; natural que contrasta con las joyas para a\u00f1adir [&hellip;]<\/p>\n","protected":false},"featured_media":425805,"comment_status":"closed","ping_status":"open","template":"","meta":[],"product_brand":[],"product_cat":[14528],"product_tag":[],"class_list":{"0":"post-219058","1":"product","2":"type-product","3":"status-publish","4":"has-post-thumbnail","6":"product_cat-joyas-y-accesorios","7":"pa_collection-natural-rattan-jewellery-display-stands-es","8":"pa_made-in-china","10":"first","11":"instock","12":"purchasable","13":"product-type-simple"},"supplier_id":null,"supplier_sku":"NatJD-02","barcode":null,"atum_controlled":true,"out_stock_date":null,"out_stock_threshold":null,"inheritable":false,"inbound_stock":null,"stock_on_hold":0,"sold_today":0,"sales_last_days":0,"reserved_stock":null,"customer_returns":null,"warehouse_damage":null,"lost_in_post":null,"other_logs":null,"out_stock_days":0,"lost_sales":0,"has_location":null,"update_date":"2026-02-09T11:40:59","atum_locations":[],"atum_stock_status":"instock","restock_status":false,"low_stock_amount":"","sales_update_date":"2026-01-30T01:24:56","calc_backorders":null,"_links":{"self":[{"href":"https:\/\/aromasentia.com\/es\/wp-json\/wp\/v2\/product\/219058","targetHints":{"allow":["GET"]}}],"collection":[{"href":"https:\/\/aromasentia.com\/es\/wp-json\/wp\/v2\/product"}],"about":[{"href":"https:\/\/aromasentia.com\/es\/wp-json\/wp\/v2\/types\/product"}],"replies":[{"embeddable":true,"href":"https:\/\/aromasentia.com\/es\/wp-json\/wp\/v2\/comments?post=219058"}],"version-history":[{"count":0,"href":"https:\/\/aromasentia.com\/es\/wp-json\/wp\/v2\/product\/219058\/revisions"}],"wp:featuredmedia":[{"embeddable":true,"href":"https:\/\/aromasentia.com\/es\/wp-json\/wp\/v2\/media\/425805"}],"wp:attachment":[{"href":"https:\/\/aromasentia.com\/es\/wp-json\/wp\/v2\/media?parent=219058"}],"wp:term":[{"taxonomy":"product_brand","embeddable":true,"href":"https:\/\/aromasentia.com\/es\/wp-json\/wp\/v2\/product_brand?post=219058"},{"taxonomy":"product_cat","embeddable":true,"href":"https:\/\/aromasentia.com\/es\/wp-json\/wp\/v2\/product_cat?post=219058"},{"taxonomy":"product_tag","embeddable":true,"href":"https:\/\/aromasentia.com\/es\/wp-json\/wp\/v2\/product_tag?post=219058"}],"curies":[{"name":"wp","href":"https:\/\/api.w.org\/{rel}","templated":true}]}}