{"id":218826,"date":"2025-03-23T11:06:48","date_gmt":"2025-03-23T11:06:48","guid":{"rendered":"https:\/\/aromasentia.com\/product\/orgonite-power-pendant-power-block-in-dome\/"},"modified":"2025-12-30T20:58:54","modified_gmt":"2025-12-30T20:58:54","slug":"colgantes-de-orgonita-bloque-de-poder-en-la-cupula","status":"publish","type":"product","link":"https:\/\/aromasentia.com\/es\/colgantes-de-orgonita-bloque-de-poder-en-la-cupula\/","title":{"rendered":"Colgantes de Orgonita &#8211; Bloque de poder en la c\u00fapula"},"content":{"rendered":"<p style=\"text-align: justify;\"><strong>Aroma Sentia Espa\u00f1a Mayorista de Orgonita.&nbsp;<\/strong>A veces conocidos como objetos de flujo de energ\u00eda, estos colgantes de orgonita est\u00e1n hechos con chips de piedras preciosas, cobre, limaduras de metal y tienen objetos esot\u00e9ricos en su interior. La orgonita se ha vuelto muy popular como herramienta de curaci\u00f3n espiritual y como protecci\u00f3n contra la contaminaci\u00f3n electromagn\u00e9tica. Todos los objetos son muy especiales, pero echa un vistazo a la varita de agua de orgonita &#8230; contiene agua bendita real del Ganges.<\/p>\n<p>Muchas personas notan efectos emocionales positivos en presencia de generadores de org\u00f3n, el estado de \u00e1nimo y las emociones tienden a elevarse. Algunas personas informan que pueden dormir mejor y m\u00e1s profundamente con un generador de org\u00f3n en el dormitorio. AWGifts Espa\u00f1a Orgonite est\u00e1 hecha artesanalmente con inspiraci\u00f3n espiritual, por lo que los dise\u00f1os pueden variar ligeramente de los que se muestran.<\/p>\n<p>Encante a sus clientes, compre una gama de joyas de orgonita hoy.&nbsp;<\/p>\n<p style=\"text-align: justify;\"><strong>Nota:&nbsp;<\/strong>debido a la naturaleza del art\u00edculo y su proceso de fabricaci\u00f3n, los dise\u00f1os pueden variar y las im\u00e1genes son solo para fines ilustrativos.<\/p>\n<p>os.<\/p>\n","protected":false},"excerpt":{"rendered":"<p>Aroma Sentia Espa\u00f1a Mayorista de Orgonita.&nbsp;A veces conocidos como objetos de flujo de energ\u00eda, estos colgantes de orgonita est\u00e1n hechos con chips de piedras preciosas, cobre, limaduras de metal y tienen objetos esot\u00e9ricos en su interior. La orgonita se ha vuelto muy popular como herramienta de curaci\u00f3n espiritual y como protecci\u00f3n contra la contaminaci\u00f3n electromagn\u00e9tica. [&hellip;]<\/p>\n","protected":false},"featured_media":426869,"comment_status":"closed","ping_status":"open","template":"","meta":[],"product_brand":[],"product_cat":[25215,14528],"product_tag":[],"class_list":{"0":"post-218826","1":"product","2":"type-product","3":"status-publish","4":"has-post-thumbnail","6":"product_cat-collares-y-colgantes","7":"product_cat-joyas-y-accesorios","8":"pa_collection-orgonite-power-pendants-es","9":"pa_made-in-india","11":"first","12":"instock","13":"purchasable","14":"product-type-simple"},"supplier_id":null,"supplier_sku":"OPP-07","barcode":null,"atum_controlled":true,"out_stock_date":null,"out_stock_threshold":null,"inheritable":false,"inbound_stock":null,"stock_on_hold":0,"sold_today":0,"sales_last_days":0,"reserved_stock":null,"customer_returns":null,"warehouse_damage":null,"lost_in_post":null,"other_logs":null,"out_stock_days":0,"lost_sales":0,"has_location":null,"update_date":"2026-01-30T01:25:31","atum_locations":[],"atum_stock_status":"instock","restock_status":false,"low_stock_amount":"","sales_update_date":"2026-01-30T01:25:31","calc_backorders":null,"_links":{"self":[{"href":"https:\/\/aromasentia.com\/es\/wp-json\/wp\/v2\/product\/218826","targetHints":{"allow":["GET"]}}],"collection":[{"href":"https:\/\/aromasentia.com\/es\/wp-json\/wp\/v2\/product"}],"about":[{"href":"https:\/\/aromasentia.com\/es\/wp-json\/wp\/v2\/types\/product"}],"replies":[{"embeddable":true,"href":"https:\/\/aromasentia.com\/es\/wp-json\/wp\/v2\/comments?post=218826"}],"version-history":[{"count":0,"href":"https:\/\/aromasentia.com\/es\/wp-json\/wp\/v2\/product\/218826\/revisions"}],"wp:featuredmedia":[{"embeddable":true,"href":"https:\/\/aromasentia.com\/es\/wp-json\/wp\/v2\/media\/426869"}],"wp:attachment":[{"href":"https:\/\/aromasentia.com\/es\/wp-json\/wp\/v2\/media?parent=218826"}],"wp:term":[{"taxonomy":"product_brand","embeddable":true,"href":"https:\/\/aromasentia.com\/es\/wp-json\/wp\/v2\/product_brand?post=218826"},{"taxonomy":"product_cat","embeddable":true,"href":"https:\/\/aromasentia.com\/es\/wp-json\/wp\/v2\/product_cat?post=218826"},{"taxonomy":"product_tag","embeddable":true,"href":"https:\/\/aromasentia.com\/es\/wp-json\/wp\/v2\/product_tag?post=218826"}],"curies":[{"name":"wp","href":"https:\/\/api.w.org\/{rel}","templated":true}]}}