{"id":218570,"date":"2025-03-23T11:07:03","date_gmt":"2025-03-23T11:07:03","guid":{"rendered":"https:\/\/aromasentia.com\/product\/selection-display-tray-35x24cm\/"},"modified":"2025-12-30T20:58:16","modified_gmt":"2025-12-30T20:58:16","slug":"bandeja-de-exposicion-35x24cm","status":"publish","type":"product","link":"https:\/\/aromasentia.com\/es\/bandeja-de-exposicion-35x24cm\/","title":{"rendered":"Bandeja de Exposicion  35x24cm"},"content":{"rendered":"<p>Nuestra bandeja expositora Selection es una plataforma vers\u00e1til y elegante para exhibir su colecci\u00f3n de joyas. Fabricada en madera natural, la bandeja irradia calidez y sofisticaci\u00f3n. Su <strong>superficie plana y espaciosa, acolchada con suave terciopelo verde azulado<\/strong>, proporciona un entorno lujoso y seguro para una gran variedad de piezas de joyer\u00eda. Este dise\u00f1o minimalista permite que sus creaciones brillen sin distracciones.<\/p>\n<p>Con unas dimensiones de <strong>35 cm por 24 cm<\/strong>, la bandeja ofrece un amplio espacio para crear una exposici\u00f3n cautivadora. El <strong>forro de terciopelo<\/strong> protege sus preciadas piezas de ara\u00f1azos a la vez que realza su encanto.<\/p>\n<p>\u00a1Cree un atractivo escaparate con la bandeja Selection Display!<\/p>\n","protected":false},"excerpt":{"rendered":"<p>Nuestra bandeja expositora Selection es una plataforma vers\u00e1til y elegante para exhibir su colecci\u00f3n de joyas. Fabricada en madera natural, la bandeja irradia calidez y sofisticaci\u00f3n. Su superficie plana y espaciosa, acolchada con suave terciopelo verde azulado, proporciona un entorno lujoso y seguro para una gran variedad de piezas de joyer\u00eda. Este dise\u00f1o minimalista permite [&hellip;]<\/p>\n","protected":false},"featured_media":431532,"comment_status":"closed","ping_status":"open","template":"","meta":{"_angie_page":false},"product_brand":[],"product_cat":[14528],"product_tag":[],"class_list":{"0":"post-218570","1":"product","2":"type-product","3":"status-publish","4":"has-post-thumbnail","6":"product_cat-joyas-y-accesorios","7":"pa_collection-velvet-jewellery-displays-es","8":"pa_made-in-china","10":"first","11":"instock","12":"purchasable","13":"product-type-simple"},"supplier_id":null,"supplier_sku":"VJD-04","barcode":null,"atum_controlled":true,"out_stock_date":null,"out_stock_threshold":null,"inheritable":false,"inbound_stock":null,"stock_on_hold":0,"sold_today":0,"sales_last_days":0,"reserved_stock":null,"customer_returns":null,"warehouse_damage":null,"lost_in_post":null,"other_logs":null,"out_stock_days":0,"lost_sales":0,"has_location":null,"update_date":"2026-04-27T07:26:25","atum_locations":[],"atum_stock_status":"instock","restock_status":false,"low_stock_amount":"","sales_update_date":"2026-01-20T05:14:22","calc_backorders":null,"_links":{"self":[{"href":"https:\/\/aromasentia.com\/es\/wp-json\/wp\/v2\/product\/218570","targetHints":{"allow":["GET"]}}],"collection":[{"href":"https:\/\/aromasentia.com\/es\/wp-json\/wp\/v2\/product"}],"about":[{"href":"https:\/\/aromasentia.com\/es\/wp-json\/wp\/v2\/types\/product"}],"replies":[{"embeddable":true,"href":"https:\/\/aromasentia.com\/es\/wp-json\/wp\/v2\/comments?post=218570"}],"version-history":[{"count":0,"href":"https:\/\/aromasentia.com\/es\/wp-json\/wp\/v2\/product\/218570\/revisions"}],"wp:featuredmedia":[{"embeddable":true,"href":"https:\/\/aromasentia.com\/es\/wp-json\/wp\/v2\/media\/431532"}],"wp:attachment":[{"href":"https:\/\/aromasentia.com\/es\/wp-json\/wp\/v2\/media?parent=218570"}],"wp:term":[{"taxonomy":"product_brand","embeddable":true,"href":"https:\/\/aromasentia.com\/es\/wp-json\/wp\/v2\/product_brand?post=218570"},{"taxonomy":"product_cat","embeddable":true,"href":"https:\/\/aromasentia.com\/es\/wp-json\/wp\/v2\/product_cat?post=218570"},{"taxonomy":"product_tag","embeddable":true,"href":"https:\/\/aromasentia.com\/es\/wp-json\/wp\/v2\/product_tag?post=218570"}],"curies":[{"name":"wp","href":"https:\/\/api.w.org\/{rel}","templated":true}]}}