{"id":218566,"date":"2025-03-23T11:07:03","date_gmt":"2025-03-23T11:07:03","guid":{"rendered":"https:\/\/aromasentia.com\/product\/seven-line-ring-display-tray-35x24cm\/"},"modified":"2025-12-30T20:58:16","modified_gmt":"2025-12-30T20:58:16","slug":"bandeja-de-exposion-para-anillos-7-lineas-35x24cm","status":"publish","type":"product","link":"https:\/\/aromasentia.com\/es\/bandeja-de-exposion-para-anillos-7-lineas-35x24cm\/","title":{"rendered":"Bandeja de Exposion para Anillos &#8211; 7 Lineas &#8211; 35x24cm"},"content":{"rendered":"<p>Nuestra bandeja expositora de siete l\u00edneas para anillos es una soluci\u00f3n minimalista pero elegante para exhibir su colecci\u00f3n de anillos. <strong>Fabricada en madera natural<\/strong>, la bandeja ofrece una base c\u00e1lida y acogedora. Sus siete l\u00edneas paralelas, cada una <strong>acolchada con suave terciopelo verde azulado<\/strong>, proporcionan un lujoso y seguro emplazamiento para sus anillos. Este dise\u00f1o sencillo pero eficaz permite que sus anillos sean el centro de atenci\u00f3n.<\/p>\n<p>Con unas dimensiones de <strong>35 cm por 24 cm<\/strong>, la bandeja ofrece un amplio espacio para una gran variedad de estilos de anillos. El forro de terciopelo <strong>protege sus preciosas piezas de ara\u00f1azos<\/strong> a la vez que realza su brillo. Tanto si es usted un comerciante como un apasionado de la joyer\u00eda, esta bandeja expositora es la elecci\u00f3n perfecta para actualizar su colecci\u00f3n de anillos.<\/p>\n<p><strong>Esta bandeja expositora es la elecci\u00f3n perfecta para actualizar su colecci\u00f3n de anillos<\/strong>.<\/p>\n","protected":false},"excerpt":{"rendered":"<p>Nuestra bandeja expositora de siete l\u00edneas para anillos es una soluci\u00f3n minimalista pero elegante para exhibir su colecci\u00f3n de anillos. Fabricada en madera natural, la bandeja ofrece una base c\u00e1lida y acogedora. Sus siete l\u00edneas paralelas, cada una acolchada con suave terciopelo verde azulado, proporcionan un lujoso y seguro emplazamiento para sus anillos. Este dise\u00f1o [&hellip;]<\/p>\n","protected":false},"featured_media":431515,"comment_status":"closed","ping_status":"open","template":"","meta":{"_angie_page":false},"product_brand":[],"product_cat":[14528],"product_tag":[],"class_list":{"0":"post-218566","1":"product","2":"type-product","3":"status-publish","4":"has-post-thumbnail","6":"product_cat-joyas-y-accesorios","7":"pa_collection-velvet-jewellery-displays-es","8":"pa_made-in-china","10":"first","11":"instock","12":"purchasable","13":"product-type-simple"},"supplier_id":null,"supplier_sku":"VJD-03","barcode":null,"atum_controlled":true,"out_stock_date":null,"out_stock_threshold":null,"inheritable":false,"inbound_stock":null,"stock_on_hold":0,"sold_today":0,"sales_last_days":0,"reserved_stock":null,"customer_returns":null,"warehouse_damage":null,"lost_in_post":null,"other_logs":null,"out_stock_days":0,"lost_sales":0,"has_location":null,"update_date":"2026-04-27T07:26:25","atum_locations":[],"atum_stock_status":"instock","restock_status":false,"low_stock_amount":"","sales_update_date":"2025-09-03T00:15:52","calc_backorders":null,"_links":{"self":[{"href":"https:\/\/aromasentia.com\/es\/wp-json\/wp\/v2\/product\/218566","targetHints":{"allow":["GET"]}}],"collection":[{"href":"https:\/\/aromasentia.com\/es\/wp-json\/wp\/v2\/product"}],"about":[{"href":"https:\/\/aromasentia.com\/es\/wp-json\/wp\/v2\/types\/product"}],"replies":[{"embeddable":true,"href":"https:\/\/aromasentia.com\/es\/wp-json\/wp\/v2\/comments?post=218566"}],"version-history":[{"count":0,"href":"https:\/\/aromasentia.com\/es\/wp-json\/wp\/v2\/product\/218566\/revisions"}],"wp:featuredmedia":[{"embeddable":true,"href":"https:\/\/aromasentia.com\/es\/wp-json\/wp\/v2\/media\/431515"}],"wp:attachment":[{"href":"https:\/\/aromasentia.com\/es\/wp-json\/wp\/v2\/media?parent=218566"}],"wp:term":[{"taxonomy":"product_brand","embeddable":true,"href":"https:\/\/aromasentia.com\/es\/wp-json\/wp\/v2\/product_brand?post=218566"},{"taxonomy":"product_cat","embeddable":true,"href":"https:\/\/aromasentia.com\/es\/wp-json\/wp\/v2\/product_cat?post=218566"},{"taxonomy":"product_tag","embeddable":true,"href":"https:\/\/aromasentia.com\/es\/wp-json\/wp\/v2\/product_tag?post=218566"}],"curies":[{"name":"wp","href":"https:\/\/api.w.org\/{rel}","templated":true}]}}