{"id":218558,"date":"2025-03-23T11:07:03","date_gmt":"2025-03-23T11:07:03","guid":{"rendered":"https:\/\/aromasentia.com\/product\/twelve-compartment-display-tray-35x24cm\/"},"modified":"2025-12-30T20:58:16","modified_gmt":"2025-12-30T20:58:16","slug":"bandeja-de-exposicion-12-compartimentos-35x24cm","status":"publish","type":"product","link":"https:\/\/aromasentia.com\/es\/bandeja-de-exposicion-12-compartimentos-35x24cm\/","title":{"rendered":"Bandeja de Exposicion &#8211; 12 Compartimentos &#8211; 35x24cm"},"content":{"rendered":"<p>Esta elegante y vers\u00e1til bandeja expositora de terciopelo es perfecta para exhibir una gran variedad de piezas de joyer\u00eda. Cuenta con <strong>doce compartimentos del mismo tama\u00f1o<\/strong>, lo que le permite organizar y exponer ordenadamente sus <strong>pendientes, anillos, collares y pulseras<\/strong>. La bandeja est\u00e1 <strong>forrada con suave terciopelo verde azulado para proteger las joyas<\/strong> y a\u00f1adir un toque de lujo. El marco de madera natural aporta un toque c\u00e1lido y acogedor. Esta bandeja es ideal para su uso en joyer\u00edas, boutiques y en casa.<\/p>\n<p><em>Dimensiones: 35cm x 24cm<\/em><\/p>\n","protected":false},"excerpt":{"rendered":"<p>Esta elegante y vers\u00e1til bandeja expositora de terciopelo es perfecta para exhibir una gran variedad de piezas de joyer\u00eda. Cuenta con doce compartimentos del mismo tama\u00f1o, lo que le permite organizar y exponer ordenadamente sus pendientes, anillos, collares y pulseras. La bandeja est\u00e1 forrada con suave terciopelo verde azulado para proteger las joyas y a\u00f1adir [&hellip;]<\/p>\n","protected":false},"featured_media":431473,"comment_status":"closed","ping_status":"open","template":"","meta":{"_angie_page":false},"product_brand":[],"product_cat":[14528],"product_tag":[],"class_list":{"0":"post-218558","1":"product","2":"type-product","3":"status-publish","4":"has-post-thumbnail","6":"product_cat-joyas-y-accesorios","7":"pa_collection-velvet-jewellery-displays-es","8":"pa_made-in-china","10":"first","11":"instock","12":"purchasable","13":"product-type-simple"},"supplier_id":null,"supplier_sku":"VJD-01","barcode":null,"atum_controlled":true,"out_stock_date":null,"out_stock_threshold":null,"inheritable":false,"inbound_stock":null,"stock_on_hold":0,"sold_today":0,"sales_last_days":0,"reserved_stock":null,"customer_returns":null,"warehouse_damage":null,"lost_in_post":null,"other_logs":null,"out_stock_days":0,"lost_sales":0,"has_location":null,"update_date":"2026-04-27T07:26:25","atum_locations":[],"atum_stock_status":"instock","restock_status":false,"low_stock_amount":"","sales_update_date":"2026-01-20T05:14:33","calc_backorders":null,"_links":{"self":[{"href":"https:\/\/aromasentia.com\/es\/wp-json\/wp\/v2\/product\/218558","targetHints":{"allow":["GET"]}}],"collection":[{"href":"https:\/\/aromasentia.com\/es\/wp-json\/wp\/v2\/product"}],"about":[{"href":"https:\/\/aromasentia.com\/es\/wp-json\/wp\/v2\/types\/product"}],"replies":[{"embeddable":true,"href":"https:\/\/aromasentia.com\/es\/wp-json\/wp\/v2\/comments?post=218558"}],"version-history":[{"count":0,"href":"https:\/\/aromasentia.com\/es\/wp-json\/wp\/v2\/product\/218558\/revisions"}],"wp:featuredmedia":[{"embeddable":true,"href":"https:\/\/aromasentia.com\/es\/wp-json\/wp\/v2\/media\/431473"}],"wp:attachment":[{"href":"https:\/\/aromasentia.com\/es\/wp-json\/wp\/v2\/media?parent=218558"}],"wp:term":[{"taxonomy":"product_brand","embeddable":true,"href":"https:\/\/aromasentia.com\/es\/wp-json\/wp\/v2\/product_brand?post=218558"},{"taxonomy":"product_cat","embeddable":true,"href":"https:\/\/aromasentia.com\/es\/wp-json\/wp\/v2\/product_cat?post=218558"},{"taxonomy":"product_tag","embeddable":true,"href":"https:\/\/aromasentia.com\/es\/wp-json\/wp\/v2\/product_tag?post=218558"}],"curies":[{"name":"wp","href":"https:\/\/api.w.org\/{rel}","templated":true}]}}