{"id":218490,"date":"2025-03-23T11:07:03","date_gmt":"2025-03-23T11:07:03","guid":{"rendered":"https:\/\/aromasentia.com\/product\/tree-of-life-silver-pendent-30mm-coral-effect\/"},"modified":"2025-12-30T20:58:02","modified_gmt":"2025-12-30T20:58:02","slug":"colgante-de-plata-arbol-de-la-vida-30mm-efecto-coral","status":"publish","type":"product","link":"https:\/\/aromasentia.com\/es\/colgante-de-plata-arbol-de-la-vida-30mm-efecto-coral\/","title":{"rendered":"Colgante de Plata \u00c1rbol de la Vida 30mm &#8211; Efecto Coral"},"content":{"rendered":"<p style=\"text-align: justify;\"><strong>Pendiente de Plata \u00e1rbol de la Vida<\/strong>, un regalo emotivo para alguien que adora las joyas inusuales y et\u00e9reas que cuentan una historia.<\/p>\n<p style=\"text-align: justify;\"><\/p>\n<p style=\"text-align: justify;\">El \u00e1rbol de la vida es un s\u00edmbolo universal que se encuentra en muchas tradiciones espirituales y mitol\u00f3gicas de todo el mundo. Representa muchas cosas, incluyendo curaci\u00f3n, protecci\u00f3n, fuerza, generosidad y belleza.<\/p>\n<p style=\"text-align: justify;\"><\/p>\n<p style=\"text-align: justify;\">Una pieza atrevidamente diferente, muy diferente a todo lo que se puede encontrar en la calle principal.<\/p>\n","protected":false},"excerpt":{"rendered":"<p>Pendiente de Plata \u00e1rbol de la Vida, un regalo emotivo para alguien que adora las joyas inusuales y et\u00e9reas que cuentan una historia. El \u00e1rbol de la vida es un s\u00edmbolo universal que se encuentra en muchas tradiciones espirituales y mitol\u00f3gicas de todo el mundo. Representa muchas cosas, incluyendo curaci\u00f3n, protecci\u00f3n, fuerza, generosidad y belleza. [&hellip;]<\/p>\n","protected":false},"featured_media":430824,"comment_status":"closed","ping_status":"open","template":"","meta":{"_angie_page":false},"product_brand":[],"product_cat":[14528],"product_tag":[],"class_list":{"0":"post-218490","1":"product","2":"type-product","3":"status-publish","4":"has-post-thumbnail","6":"product_cat-joyas-y-accesorios","7":"pa_collection-tree-of-life-925-silver-jewellery-es","8":"pa_made-in-indonesia","10":"first","11":"instock","12":"purchasable","13":"product-type-simple"},"supplier_id":null,"supplier_sku":"TOLSP-01","barcode":null,"atum_controlled":true,"out_stock_date":null,"out_stock_threshold":null,"inheritable":false,"inbound_stock":null,"stock_on_hold":0,"sold_today":0,"sales_last_days":0,"reserved_stock":null,"customer_returns":null,"warehouse_damage":null,"lost_in_post":null,"other_logs":null,"out_stock_days":0,"lost_sales":0,"has_location":null,"update_date":"2026-04-27T07:25:10","atum_locations":[],"atum_stock_status":"instock","restock_status":false,"low_stock_amount":"","sales_update_date":"2026-01-30T01:25:54","calc_backorders":null,"_links":{"self":[{"href":"https:\/\/aromasentia.com\/es\/wp-json\/wp\/v2\/product\/218490","targetHints":{"allow":["GET"]}}],"collection":[{"href":"https:\/\/aromasentia.com\/es\/wp-json\/wp\/v2\/product"}],"about":[{"href":"https:\/\/aromasentia.com\/es\/wp-json\/wp\/v2\/types\/product"}],"replies":[{"embeddable":true,"href":"https:\/\/aromasentia.com\/es\/wp-json\/wp\/v2\/comments?post=218490"}],"version-history":[{"count":0,"href":"https:\/\/aromasentia.com\/es\/wp-json\/wp\/v2\/product\/218490\/revisions"}],"wp:featuredmedia":[{"embeddable":true,"href":"https:\/\/aromasentia.com\/es\/wp-json\/wp\/v2\/media\/430824"}],"wp:attachment":[{"href":"https:\/\/aromasentia.com\/es\/wp-json\/wp\/v2\/media?parent=218490"}],"wp:term":[{"taxonomy":"product_brand","embeddable":true,"href":"https:\/\/aromasentia.com\/es\/wp-json\/wp\/v2\/product_brand?post=218490"},{"taxonomy":"product_cat","embeddable":true,"href":"https:\/\/aromasentia.com\/es\/wp-json\/wp\/v2\/product_cat?post=218490"},{"taxonomy":"product_tag","embeddable":true,"href":"https:\/\/aromasentia.com\/es\/wp-json\/wp\/v2\/product_tag?post=218490"}],"curies":[{"name":"wp","href":"https:\/\/api.w.org\/{rel}","templated":true}]}}