{"id":218342,"date":"2025-03-23T11:58:30","date_gmt":"2025-03-23T11:58:30","guid":{"rendered":"https:\/\/aromasentia.com\/product\/large-art-elephant-candle-incense-holder\/"},"modified":"2025-12-30T20:57:32","modified_gmt":"2025-12-30T20:57:32","slug":"candelabro-porta-incienso-elefante-grande","status":"publish","type":"product","link":"https:\/\/aromasentia.com\/es\/candelabro-porta-incienso-elefante-grande\/","title":{"rendered":"Candelabro \/ Porta incienso Elefante  &#8211; Grande"},"content":{"rendered":"<p>Llama la atenci\u00f3n con esta gran figura art\u00edstica de elefante que funciona como portavelas e incensario. Su intrincado dise\u00f1o y gran tama\u00f1o lo convierten en un cautivador punto focal para tu decoraci\u00f3n.<\/p>\n","protected":false},"excerpt":{"rendered":"<p>Llama la atenci\u00f3n con esta gran figura art\u00edstica de elefante que funciona como portavelas e incensario. Su intrincado dise\u00f1o y gran tama\u00f1o lo convierten en un cautivador punto focal para tu decoraci\u00f3n.<\/p>\n","protected":false},"featured_media":434882,"comment_status":"closed","ping_status":"open","template":"","meta":{"_angie_page":false},"product_brand":[],"product_cat":[14412,14066],"product_tag":[],"class_list":{"0":"post-218342","1":"product","2":"type-product","3":"status-publish","4":"has-post-thumbnail","6":"product_cat-feng-shui-y-coleccion-tibetana","7":"product_cat-regalos-vintage-y-souvenir","8":"pa_collection-brass-fengshui-objects-es","9":"pa_made-in-indonesia","11":"first","12":"instock","13":"purchasable","14":"product-type-simple"},"supplier_id":null,"supplier_sku":"BFF-30","barcode":null,"atum_controlled":true,"out_stock_date":null,"out_stock_threshold":null,"inheritable":false,"inbound_stock":null,"stock_on_hold":0,"sold_today":0,"sales_last_days":0,"reserved_stock":null,"customer_returns":null,"warehouse_damage":null,"lost_in_post":null,"other_logs":null,"out_stock_days":0,"lost_sales":0,"has_location":null,"update_date":"2026-04-29T06:53:02","atum_locations":[],"atum_stock_status":"instock","restock_status":false,"low_stock_amount":"","sales_update_date":"2026-01-30T01:26:37","calc_backorders":null,"_links":{"self":[{"href":"https:\/\/aromasentia.com\/es\/wp-json\/wp\/v2\/product\/218342","targetHints":{"allow":["GET"]}}],"collection":[{"href":"https:\/\/aromasentia.com\/es\/wp-json\/wp\/v2\/product"}],"about":[{"href":"https:\/\/aromasentia.com\/es\/wp-json\/wp\/v2\/types\/product"}],"replies":[{"embeddable":true,"href":"https:\/\/aromasentia.com\/es\/wp-json\/wp\/v2\/comments?post=218342"}],"version-history":[{"count":0,"href":"https:\/\/aromasentia.com\/es\/wp-json\/wp\/v2\/product\/218342\/revisions"}],"wp:featuredmedia":[{"embeddable":true,"href":"https:\/\/aromasentia.com\/es\/wp-json\/wp\/v2\/media\/434882"}],"wp:attachment":[{"href":"https:\/\/aromasentia.com\/es\/wp-json\/wp\/v2\/media?parent=218342"}],"wp:term":[{"taxonomy":"product_brand","embeddable":true,"href":"https:\/\/aromasentia.com\/es\/wp-json\/wp\/v2\/product_brand?post=218342"},{"taxonomy":"product_cat","embeddable":true,"href":"https:\/\/aromasentia.com\/es\/wp-json\/wp\/v2\/product_cat?post=218342"},{"taxonomy":"product_tag","embeddable":true,"href":"https:\/\/aromasentia.com\/es\/wp-json\/wp\/v2\/product_tag?post=218342"}],"curies":[{"name":"wp","href":"https:\/\/api.w.org\/{rel}","templated":true}]}}