{"id":218330,"date":"2025-03-23T11:58:30","date_gmt":"2025-03-23T11:58:30","guid":{"rendered":"https:\/\/aromasentia.com\/product\/small-elephant-candle-incense-holder\/"},"modified":"2025-12-30T20:57:32","modified_gmt":"2025-12-30T20:57:32","slug":"candelabro-porta-incienso-elefante-pequeno","status":"publish","type":"product","link":"https:\/\/aromasentia.com\/es\/candelabro-porta-incienso-elefante-pequeno\/","title":{"rendered":"Candelabro \/ Porta Incienso Elefante &#8211; Peque\u00f1o"},"content":{"rendered":"<p>Aporta un toque de caprichoso encanto a tu espacio con esta figurita de elefante que sirve tanto de portavelas como de portaincienso. Su tama\u00f1o compacto y su adorable dise\u00f1o lo convierten en un complemento encantador para cualquier habitaci\u00f3n.<\/p>\n","protected":false},"excerpt":{"rendered":"<p>Aporta un toque de caprichoso encanto a tu espacio con esta figurita de elefante que sirve tanto de portavelas como de portaincienso. Su tama\u00f1o compacto y su adorable dise\u00f1o lo convierten en un complemento encantador para cualquier habitaci\u00f3n.<\/p>\n","protected":false},"featured_media":434799,"comment_status":"closed","ping_status":"open","template":"","meta":[],"product_brand":[],"product_cat":[14412,14066],"product_tag":[],"class_list":{"0":"post-218330","1":"product","2":"type-product","3":"status-publish","4":"has-post-thumbnail","6":"product_cat-feng-shui-y-coleccion-tibetana","7":"product_cat-regalos-vintage-y-souvenir","8":"pa_collection-brass-fengshui-objects-es","9":"pa_made-in-indonesia","11":"first","12":"instock","13":"purchasable","14":"product-type-simple"},"supplier_id":null,"supplier_sku":"BFF-32","barcode":null,"atum_controlled":true,"out_stock_date":null,"out_stock_threshold":null,"inheritable":false,"inbound_stock":null,"stock_on_hold":0,"sold_today":0,"sales_last_days":0,"reserved_stock":null,"customer_returns":null,"warehouse_damage":null,"lost_in_post":null,"other_logs":null,"out_stock_days":0,"lost_sales":0,"has_location":null,"update_date":"2026-02-02T10:24:18","atum_locations":[],"atum_stock_status":"instock","restock_status":false,"low_stock_amount":"","sales_update_date":"2026-01-20T05:14:23","calc_backorders":null,"_links":{"self":[{"href":"https:\/\/aromasentia.com\/es\/wp-json\/wp\/v2\/product\/218330","targetHints":{"allow":["GET"]}}],"collection":[{"href":"https:\/\/aromasentia.com\/es\/wp-json\/wp\/v2\/product"}],"about":[{"href":"https:\/\/aromasentia.com\/es\/wp-json\/wp\/v2\/types\/product"}],"replies":[{"embeddable":true,"href":"https:\/\/aromasentia.com\/es\/wp-json\/wp\/v2\/comments?post=218330"}],"version-history":[{"count":0,"href":"https:\/\/aromasentia.com\/es\/wp-json\/wp\/v2\/product\/218330\/revisions"}],"wp:featuredmedia":[{"embeddable":true,"href":"https:\/\/aromasentia.com\/es\/wp-json\/wp\/v2\/media\/434799"}],"wp:attachment":[{"href":"https:\/\/aromasentia.com\/es\/wp-json\/wp\/v2\/media?parent=218330"}],"wp:term":[{"taxonomy":"product_brand","embeddable":true,"href":"https:\/\/aromasentia.com\/es\/wp-json\/wp\/v2\/product_brand?post=218330"},{"taxonomy":"product_cat","embeddable":true,"href":"https:\/\/aromasentia.com\/es\/wp-json\/wp\/v2\/product_cat?post=218330"},{"taxonomy":"product_tag","embeddable":true,"href":"https:\/\/aromasentia.com\/es\/wp-json\/wp\/v2\/product_tag?post=218330"}],"curies":[{"name":"wp","href":"https:\/\/api.w.org\/{rel}","templated":true}]}}