{"id":218290,"date":"2025-03-23T11:59:32","date_gmt":"2025-03-23T11:59:32","guid":{"rendered":"https:\/\/aromasentia.com\/product\/cotton-bound-notebooks-20x15cm-96-pages-pale-blue-floral\/"},"modified":"2025-12-30T20:57:25","modified_gmt":"2025-12-30T20:57:25","slug":"cuadernos-encuadernados-en-algodon-20x15cm-96-pag-azul-claro-floral","status":"publish","type":"product","link":"https:\/\/aromasentia.com\/es\/cuadernos-encuadernados-en-algodon-20x15cm-96-pag-azul-claro-floral\/","title":{"rendered":"Cuadernos Encuadernados en Algodon 20x15cm &#8211; 96 pag &#8211; Azul claro floral"},"content":{"rendered":"<p>Activa la creatividad y la sensaci\u00f3n de paz con el <strong>Cuaderno de notas de algod\u00f3n con encuadernaci\u00f3n floral azul al por mayor<\/strong>. Este cautivador cuaderno presenta un delicado dise\u00f1o floral en tranquilos tonos azules, creando una atm\u00f3sfera serena e inspiradora.<\/p>\n<p>Con <strong>96 p\u00e1ginas<\/strong> de papel de alta calidad, este cuaderno ofrece espacio suficiente para <strong>escribir extensamente, realizar dibujos detallados<\/strong> o <strong>sesiones tranquilas de lluvia de ideas<\/strong>. Tanto si los estudiantes est\u00e1n escribiendo poemas, como si los artistas est\u00e1n estudiando la naturaleza o los profesionales est\u00e1n muy ocupados registrando ideas de forma consciente, este cuaderno ofrece la plataforma perfecta para sus esfuerzos.<\/p>\n<p>Con unas dimensiones de <strong>20 x 15 cm<\/strong>, este diario consigue el equilibrio ideal entre amplitud y portabilidad. Es lo bastante grande para escribir mucho o realizar ilustraciones detalladas, pero lo bastante compacto para llevarlo f\u00e1cilmente en mochilas, bolsos o carteras. Esto permite a los usuarios capturar ideas e inspiraciones dondequiera que surjan.<\/p>\n<p><span style=\"color: rgb(44, 130, 201);\">Suministre hoy mismo el Cuaderno de Algod\u00f3n Floral Azul P\u00e1lido con Encuadernaci\u00f3n y vea c\u00f3mo florecen sus ventas<\/span> <\/p>\n<p>\n","protected":false},"excerpt":{"rendered":"<p>Activa la creatividad y la sensaci\u00f3n de paz con el Cuaderno de notas de algod\u00f3n con encuadernaci\u00f3n floral azul al por mayor. Este cautivador cuaderno presenta un delicado dise\u00f1o floral en tranquilos tonos azules, creando una atm\u00f3sfera serena e inspiradora. Con 96 p\u00e1ginas de papel de alta calidad, este cuaderno ofrece espacio suficiente para escribir [&hellip;]<\/p>\n","protected":false},"featured_media":435084,"comment_status":"closed","ping_status":"open","template":"","meta":[],"product_brand":[],"product_cat":[14065,14066],"product_tag":[],"class_list":{"0":"post-218290","1":"product","2":"type-product","3":"status-publish","4":"has-post-thumbnail","6":"product_cat-cuadernos-y-diario","7":"product_cat-regalos-vintage-y-souvenir","8":"pa_collection-cotton-bound-notebooks-es","9":"pa_made-in-india","11":"first","12":"instock","13":"purchasable","14":"product-type-simple"},"supplier_id":null,"supplier_sku":"CBN-09","barcode":null,"atum_controlled":true,"out_stock_date":null,"out_stock_threshold":null,"inheritable":false,"inbound_stock":null,"stock_on_hold":0,"sold_today":0,"sales_last_days":0,"reserved_stock":null,"customer_returns":null,"warehouse_damage":null,"lost_in_post":null,"other_logs":null,"out_stock_days":0,"lost_sales":0,"has_location":null,"update_date":"2026-02-06T00:01:30","atum_locations":[],"atum_stock_status":"instock","restock_status":false,"low_stock_amount":"","sales_update_date":"2026-02-06T00:01:30","calc_backorders":null,"_links":{"self":[{"href":"https:\/\/aromasentia.com\/es\/wp-json\/wp\/v2\/product\/218290","targetHints":{"allow":["GET"]}}],"collection":[{"href":"https:\/\/aromasentia.com\/es\/wp-json\/wp\/v2\/product"}],"about":[{"href":"https:\/\/aromasentia.com\/es\/wp-json\/wp\/v2\/types\/product"}],"replies":[{"embeddable":true,"href":"https:\/\/aromasentia.com\/es\/wp-json\/wp\/v2\/comments?post=218290"}],"version-history":[{"count":0,"href":"https:\/\/aromasentia.com\/es\/wp-json\/wp\/v2\/product\/218290\/revisions"}],"wp:featuredmedia":[{"embeddable":true,"href":"https:\/\/aromasentia.com\/es\/wp-json\/wp\/v2\/media\/435084"}],"wp:attachment":[{"href":"https:\/\/aromasentia.com\/es\/wp-json\/wp\/v2\/media?parent=218290"}],"wp:term":[{"taxonomy":"product_brand","embeddable":true,"href":"https:\/\/aromasentia.com\/es\/wp-json\/wp\/v2\/product_brand?post=218290"},{"taxonomy":"product_cat","embeddable":true,"href":"https:\/\/aromasentia.com\/es\/wp-json\/wp\/v2\/product_cat?post=218290"},{"taxonomy":"product_tag","embeddable":true,"href":"https:\/\/aromasentia.com\/es\/wp-json\/wp\/v2\/product_tag?post=218290"}],"curies":[{"name":"wp","href":"https:\/\/api.w.org\/{rel}","templated":true}]}}