{"id":218282,"date":"2025-03-23T11:59:32","date_gmt":"2025-03-23T11:59:32","guid":{"rendered":"https:\/\/aromasentia.com\/product\/cotton-bound-notebooks-20x15cm-96-pages-pink-floral\/"},"modified":"2025-12-30T20:57:25","modified_gmt":"2025-12-30T20:57:25","slug":"cuadernosencuadernados-en-algodon-20x15cm-96-pag-rosa-floral","status":"publish","type":"product","link":"https:\/\/aromasentia.com\/es\/cuadernosencuadernados-en-algodon-20x15cm-96-pag-rosa-floral\/","title":{"rendered":"CuadernosEncuadernados en Algodon 20x15cm &#8211; 96 pag &#8211; Rosa floral"},"content":{"rendered":"<p>\u00a1<\/p>\n<p>Captura corazones y cultiva la creatividad con esta encantadora colecci\u00f3n de <strong>Cuadernos de Algod\u00f3n con Encuadernaci\u00f3n Floral Rosa al por mayor<\/strong>! Cada cuaderno presenta un dise\u00f1o floral \u00fanico y llamativo en una variedad de suaves tonos rosas, ofreciendo un toque de elegancia y feminidad. La tapa blanda est\u00e1 hecha de <strong>algod\u00f3n de alta calidad con un acabado mate<\/strong>, a\u00f1adiendo un tacto lujoso y una textura sutil.<\/p>\n<p>Con <strong>96 p\u00e1ginas<\/strong> de papel de alta calidad, este diario ofrece espacio suficiente para <strong>una escritura extensa, dibujos detallados<\/strong>, o cualquier cosa que la imaginaci\u00f3n desee. Tanto si los estudiantes est\u00e1n escribiendo historias, como si los artistas est\u00e1n plasmando ilustraciones florales o los profesionales m\u00e1s ocupados est\u00e1n anotando notas e ideas, este cuaderno ofrece la plataforma perfecta para sus esfuerzos.<\/p>\n<p>Con unas dimensiones de <strong>20 x 15 cm<\/strong>, este diario consigue el equilibrio ideal entre amplitud y portabilidad. Es lo suficientemente grande para escribir mucho o realizar ilustraciones detalladas, pero lo suficientemente compacto para llevarlo f\u00e1cilmente en <strong>mochilas, bolsos o carteras<\/strong>. Esto permite a los usuarios capturar ideas e inspiraciones dondequiera que surjan. <\/p>\n<p><strong>Regalo perfecto<\/strong> para cualquier persona a la que le guste escribir, llevar un diario o expresarse de forma creativa.<\/p>\n<p><span style=\"color: rgb(235, 107, 86);\">Suministra hoy mismo el Cuaderno de Algod\u00f3n Floral Rosa y ver\u00e1s c\u00f3mo florecen tus ventas<\/span> <\/p>\n<p><span style=\"color: rgb(235, 107, 86);\">\u00a1Suministra hoy mismo el Cuaderno de Algod\u00f3n Floral Rosa y ver\u00e1s c\u00f3mo florecen tus ventas!<\/p>\n","protected":false},"excerpt":{"rendered":"<p>\u00a1 Captura corazones y cultiva la creatividad con esta encantadora colecci\u00f3n de Cuadernos de Algod\u00f3n con Encuadernaci\u00f3n Floral Rosa al por mayor! Cada cuaderno presenta un dise\u00f1o floral \u00fanico y llamativo en una variedad de suaves tonos rosas, ofreciendo un toque de elegancia y feminidad. La tapa blanda est\u00e1 hecha de algod\u00f3n de alta calidad [&hellip;]<\/p>\n","protected":false},"featured_media":435058,"comment_status":"closed","ping_status":"open","template":"","meta":{"_angie_page":false},"product_brand":[],"product_cat":[14065,14066],"product_tag":[],"class_list":{"0":"post-218282","1":"product","2":"type-product","3":"status-publish","4":"has-post-thumbnail","6":"product_cat-cuadernos-y-diario","7":"product_cat-regalos-vintage-y-souvenir","8":"pa_collection-cotton-bound-notebooks-es","9":"pa_made-in-india","11":"first","12":"instock","13":"purchasable","14":"product-type-simple"},"supplier_id":null,"supplier_sku":"CBN-07","barcode":null,"atum_controlled":true,"out_stock_date":null,"out_stock_threshold":null,"inheritable":false,"inbound_stock":null,"stock_on_hold":0,"sold_today":0,"sales_last_days":0,"reserved_stock":null,"customer_returns":null,"warehouse_damage":null,"lost_in_post":null,"other_logs":null,"out_stock_days":0,"lost_sales":0,"has_location":null,"update_date":"2026-04-27T06:56:03","atum_locations":[],"atum_stock_status":"instock","restock_status":false,"low_stock_amount":"","sales_update_date":"2026-02-06T00:01:30","calc_backorders":null,"_links":{"self":[{"href":"https:\/\/aromasentia.com\/es\/wp-json\/wp\/v2\/product\/218282","targetHints":{"allow":["GET"]}}],"collection":[{"href":"https:\/\/aromasentia.com\/es\/wp-json\/wp\/v2\/product"}],"about":[{"href":"https:\/\/aromasentia.com\/es\/wp-json\/wp\/v2\/types\/product"}],"replies":[{"embeddable":true,"href":"https:\/\/aromasentia.com\/es\/wp-json\/wp\/v2\/comments?post=218282"}],"version-history":[{"count":0,"href":"https:\/\/aromasentia.com\/es\/wp-json\/wp\/v2\/product\/218282\/revisions"}],"wp:featuredmedia":[{"embeddable":true,"href":"https:\/\/aromasentia.com\/es\/wp-json\/wp\/v2\/media\/435058"}],"wp:attachment":[{"href":"https:\/\/aromasentia.com\/es\/wp-json\/wp\/v2\/media?parent=218282"}],"wp:term":[{"taxonomy":"product_brand","embeddable":true,"href":"https:\/\/aromasentia.com\/es\/wp-json\/wp\/v2\/product_brand?post=218282"},{"taxonomy":"product_cat","embeddable":true,"href":"https:\/\/aromasentia.com\/es\/wp-json\/wp\/v2\/product_cat?post=218282"},{"taxonomy":"product_tag","embeddable":true,"href":"https:\/\/aromasentia.com\/es\/wp-json\/wp\/v2\/product_tag?post=218282"}],"curies":[{"name":"wp","href":"https:\/\/api.w.org\/{rel}","templated":true}]}}