{"id":218278,"date":"2025-03-23T11:59:32","date_gmt":"2025-03-23T11:59:32","guid":{"rendered":"https:\/\/aromasentia.com\/product\/cotton-bound-notebooks-20x15cm-96-pages-black-dots-dashes\/"},"modified":"2025-12-30T20:57:25","modified_gmt":"2025-12-30T20:57:25","slug":"cuadernos-encuadernados-en-algodon-20x15cm-96-pag-puntos-y-rayas-negros","status":"publish","type":"product","link":"https:\/\/aromasentia.com\/es\/cuadernos-encuadernados-en-algodon-20x15cm-96-pag-puntos-y-rayas-negros\/","title":{"rendered":"Cuadernos Encuadernados en Algodon 20x15cm &#8211; 96 pag &#8211; Puntos y rayas negros"},"content":{"rendered":"<p>Atienda a una amplia gama de usuarios con el <strong>cuaderno encuadernado de algod\u00f3n al por mayor &#8211; Black Dots &amp; Dashes<\/strong>. Este vers\u00e1til cuaderno presenta un dise\u00f1o de cubierta cl\u00e1sico en blanco y negro, que ofrece un aspecto atemporal y sofisticado.<\/p>\n<p>Con <strong>96 p\u00e1ginas<\/strong> de papel de alta calidad, este diario ofrece espacio suficiente para <strong>tomar notas exhaustivas, realizar dibujos detallados o largas sesiones de lluvia de ideas<\/strong>.<\/p>\n<p>Con unas dimensiones de <strong>20 x 15 cm<\/strong>, este diario logra el equilibrio ideal entre amplitud y portabilidad. Es lo bastante grande para escribir mucho o realizar ilustraciones detalladas, pero lo bastante compacto para <strong>transportarlo con facilidad en mochilas, bolsos o carteras<\/strong>. Esto permite a los usuarios capturar ideas e inspiraciones dondequiera que surjan.<\/p>\n<p><span style=\"color: rgb(0, 0, 0);\">Suministre hoy mismo el cuaderno encuadernado en algod\u00f3n Black Dots &amp; Dashes y \u00a1vea c\u00f3mo crecen sus ventas!<\/p>\n","protected":false},"excerpt":{"rendered":"<p>Atienda a una amplia gama de usuarios con el cuaderno encuadernado de algod\u00f3n al por mayor &#8211; Black Dots &amp; Dashes. Este vers\u00e1til cuaderno presenta un dise\u00f1o de cubierta cl\u00e1sico en blanco y negro, que ofrece un aspecto atemporal y sofisticado. Con 96 p\u00e1ginas de papel de alta calidad, este diario ofrece espacio suficiente para [&hellip;]<\/p>\n","protected":false},"featured_media":435049,"comment_status":"closed","ping_status":"open","template":"","meta":[],"product_brand":[],"product_cat":[14065,14066],"product_tag":[],"class_list":{"0":"post-218278","1":"product","2":"type-product","3":"status-publish","4":"has-post-thumbnail","6":"product_cat-cuadernos-y-diario","7":"product_cat-regalos-vintage-y-souvenir","8":"pa_collection-cotton-bound-notebooks-es","9":"pa_made-in-india","11":"first","12":"instock","13":"purchasable","14":"product-type-simple"},"supplier_id":null,"supplier_sku":"CBN-06","barcode":null,"atum_controlled":true,"out_stock_date":null,"out_stock_threshold":null,"inheritable":false,"inbound_stock":null,"stock_on_hold":0,"sold_today":0,"sales_last_days":0,"reserved_stock":null,"customer_returns":null,"warehouse_damage":null,"lost_in_post":null,"other_logs":null,"out_stock_days":0,"lost_sales":0,"has_location":null,"update_date":"2026-02-06T00:01:26","atum_locations":[],"atum_stock_status":"instock","restock_status":false,"low_stock_amount":"","sales_update_date":"2026-02-06T00:01:26","calc_backorders":null,"_links":{"self":[{"href":"https:\/\/aromasentia.com\/es\/wp-json\/wp\/v2\/product\/218278","targetHints":{"allow":["GET"]}}],"collection":[{"href":"https:\/\/aromasentia.com\/es\/wp-json\/wp\/v2\/product"}],"about":[{"href":"https:\/\/aromasentia.com\/es\/wp-json\/wp\/v2\/types\/product"}],"replies":[{"embeddable":true,"href":"https:\/\/aromasentia.com\/es\/wp-json\/wp\/v2\/comments?post=218278"}],"version-history":[{"count":0,"href":"https:\/\/aromasentia.com\/es\/wp-json\/wp\/v2\/product\/218278\/revisions"}],"wp:featuredmedia":[{"embeddable":true,"href":"https:\/\/aromasentia.com\/es\/wp-json\/wp\/v2\/media\/435049"}],"wp:attachment":[{"href":"https:\/\/aromasentia.com\/es\/wp-json\/wp\/v2\/media?parent=218278"}],"wp:term":[{"taxonomy":"product_brand","embeddable":true,"href":"https:\/\/aromasentia.com\/es\/wp-json\/wp\/v2\/product_brand?post=218278"},{"taxonomy":"product_cat","embeddable":true,"href":"https:\/\/aromasentia.com\/es\/wp-json\/wp\/v2\/product_cat?post=218278"},{"taxonomy":"product_tag","embeddable":true,"href":"https:\/\/aromasentia.com\/es\/wp-json\/wp\/v2\/product_tag?post=218278"}],"curies":[{"name":"wp","href":"https:\/\/api.w.org\/{rel}","templated":true}]}}