{"id":218270,"date":"2025-03-23T11:59:32","date_gmt":"2025-03-23T11:59:32","guid":{"rendered":"https:\/\/aromasentia.com\/product\/cotton-bound-notebooks-20x15cm-96-pages-roses\/"},"modified":"2025-12-30T20:57:25","modified_gmt":"2025-12-30T20:57:25","slug":"cuadernos-encuadernados-en-algodon-20x15cm-96-pag-rosas","status":"publish","type":"product","link":"https:\/\/aromasentia.com\/es\/cuadernos-encuadernados-en-algodon-20x15cm-96-pag-rosas\/","title":{"rendered":"Cuadernos Encuadernados en Algodon 20x15cm &#8211; 96 pag &#8211; Rosas"},"content":{"rendered":"<p>\u00a1<\/p>\n<p>Captura corazones y cultiva la creatividad con esta encantadora colecci\u00f3n de <strong>Cuadernos de algod\u00f3n encuadernados con rosas al por mayor<\/strong>! Cada cuaderno presenta un hermoso y exclusivo <strong>dise\u00f1o de rosas<\/strong>, que ofrece un toque de elegancia y feminidad. <\/p>\n<p>La tapa blanda est\u00e1 confeccionada en <strong>algod\u00f3n de alta calidad<\/strong> con un acabado mate, que a\u00f1ade un tacto lujoso y una textura sutil.<\/p>\n<p>Con <strong>96 p\u00e1ginas<\/strong> de papel de alta calidad, este diario ofrece espacio suficiente para <strong>una escritura extensa, dibujos detallados<\/strong> o cualquier cosa que la imaginaci\u00f3n desee. Tanto si los estudiantes est\u00e1n escribiendo historias como si los artistas est\u00e1n plasmando ilustraciones florales o los profesionales m\u00e1s ocupados est\u00e1n anotando notas e ideas, este cuaderno ofrece la plataforma perfecta para sus esfuerzos.<\/p>\n<p>Con unas dimensiones de <strong>20 x 15 cm<\/strong>, este diario consigue el equilibrio ideal entre amplitud y portabilidad. Es lo suficientemente compacto como para llevarlo f\u00e1cilmente en <strong>mochilas, bolsos o carteras<\/strong>. Esto permite a los usuarios capturar ideas e inspiraciones dondequiera que surjan.<\/p>\n<p>Este vers\u00e1til cuaderno es un <strong>regalo perfecto<\/strong> para cualquier persona a la que le guste escribir, llevar un diario o expresarse de forma creativa. &nbsp;<\/p>\n<p><span style=\"color: rgb(209, 72, 65);\">Suministre hoy mismo los Cuadernos encuadernados de algod\u00f3n Rosa y vea c\u00f3mo florecen sus ventas! &nbsp;<\/span> <\/p>\n<p><strong>Cuaderno de notas de algod\u00f3n rosa<\/strong>.<\/p>\n","protected":false},"excerpt":{"rendered":"<p>\u00a1 Captura corazones y cultiva la creatividad con esta encantadora colecci\u00f3n de Cuadernos de algod\u00f3n encuadernados con rosas al por mayor! Cada cuaderno presenta un hermoso y exclusivo dise\u00f1o de rosas, que ofrece un toque de elegancia y feminidad. La tapa blanda est\u00e1 confeccionada en algod\u00f3n de alta calidad con un acabado mate, que a\u00f1ade [&hellip;]<\/p>\n","protected":false},"featured_media":435031,"comment_status":"closed","ping_status":"open","template":"","meta":[],"product_brand":[],"product_cat":[14065,14066],"product_tag":[],"class_list":{"0":"post-218270","1":"product","2":"type-product","3":"status-publish","4":"has-post-thumbnail","6":"product_cat-cuadernos-y-diario","7":"product_cat-regalos-vintage-y-souvenir","8":"pa_collection-cotton-bound-notebooks-es","9":"pa_made-in-india","11":"first","12":"instock","13":"purchasable","14":"product-type-simple"},"supplier_id":null,"supplier_sku":"CBN-04","barcode":null,"atum_controlled":true,"out_stock_date":null,"out_stock_threshold":null,"inheritable":false,"inbound_stock":null,"stock_on_hold":0,"sold_today":0,"sales_last_days":0,"reserved_stock":null,"customer_returns":null,"warehouse_damage":null,"lost_in_post":null,"other_logs":null,"out_stock_days":0,"lost_sales":0,"has_location":null,"update_date":"2026-02-12T03:56:45","atum_locations":[],"atum_stock_status":"instock","restock_status":false,"low_stock_amount":"","sales_update_date":"2025-10-09T03:27:12","calc_backorders":null,"_links":{"self":[{"href":"https:\/\/aromasentia.com\/es\/wp-json\/wp\/v2\/product\/218270","targetHints":{"allow":["GET"]}}],"collection":[{"href":"https:\/\/aromasentia.com\/es\/wp-json\/wp\/v2\/product"}],"about":[{"href":"https:\/\/aromasentia.com\/es\/wp-json\/wp\/v2\/types\/product"}],"replies":[{"embeddable":true,"href":"https:\/\/aromasentia.com\/es\/wp-json\/wp\/v2\/comments?post=218270"}],"version-history":[{"count":0,"href":"https:\/\/aromasentia.com\/es\/wp-json\/wp\/v2\/product\/218270\/revisions"}],"wp:featuredmedia":[{"embeddable":true,"href":"https:\/\/aromasentia.com\/es\/wp-json\/wp\/v2\/media\/435031"}],"wp:attachment":[{"href":"https:\/\/aromasentia.com\/es\/wp-json\/wp\/v2\/media?parent=218270"}],"wp:term":[{"taxonomy":"product_brand","embeddable":true,"href":"https:\/\/aromasentia.com\/es\/wp-json\/wp\/v2\/product_brand?post=218270"},{"taxonomy":"product_cat","embeddable":true,"href":"https:\/\/aromasentia.com\/es\/wp-json\/wp\/v2\/product_cat?post=218270"},{"taxonomy":"product_tag","embeddable":true,"href":"https:\/\/aromasentia.com\/es\/wp-json\/wp\/v2\/product_tag?post=218270"}],"curies":[{"name":"wp","href":"https:\/\/api.w.org\/{rel}","templated":true}]}}