{"id":218266,"date":"2025-03-23T11:59:32","date_gmt":"2025-03-23T11:59:32","guid":{"rendered":"https:\/\/aromasentia.com\/product\/cotton-bound-notebooks-20x15cm-96-pages-indigo-fish\/"},"modified":"2025-12-30T20:57:25","modified_gmt":"2025-12-30T20:57:25","slug":"cuadernos-encuadernados-en-algodon-20x15cm-96-pag-pez-indigo","status":"publish","type":"product","link":"https:\/\/aromasentia.com\/es\/cuadernos-encuadernados-en-algodon-20x15cm-96-pag-pez-indigo\/","title":{"rendered":"Cuadernos Encuadernados en Algodon  20x15cm &#8211; 96 pag &#8211; Pez  Indigo"},"content":{"rendered":"<p>Encadene la creatividad y la imaginaci\u00f3n de sus clientes con el <strong>cuaderno encuadernado de algod\u00f3n al por mayor &#8211; Peces \u00edndigo<\/strong>. Este cautivador cuaderno cuenta con un hermoso fondo azul \u00edndigo adornado con peces blancos, creando una atm\u00f3sfera tranquilizadora e inspiradora.<\/p>\n<p>Con <strong>96 p\u00e1ginas<\/strong> de papel de alta calidad, este diario ofrece espacio suficiente para <strong>escribir extensamente, realizar ilustraciones detalladas<\/strong>, o cualquier cosa que la imaginaci\u00f3n desee. Tanto si los estudiantes est\u00e1n tomando notas exhaustivas, como si los artistas est\u00e1n capturando dibujos detallados o los entusiastas marinos est\u00e1n registrando observaciones, el cuaderno Indigo Fish Cotton Bound ofrece el lienzo perfecto para sus esfuerzos.<\/p>\n<p>El diario est\u00e1 elaborado con una lujosa cubierta de algod\u00f3n encuadernado, asegurando una <strong>suave y c\u00f3moda sensaci\u00f3n<\/strong> que los usuarios apreciar\u00e1n. Con unas medidas de <strong>20 x 15 cm<\/strong>, este cuaderno consigue el equilibrio ideal entre amplitud y portabilidad. Lo suficientemente compacto como para <strong>transportarlo con facilidad en mochilas, bolsas o bolsos<\/strong>. Esto permite a los usuarios capturar ideas e inspiraciones dondequiera que surjan.<\/p>\n<p>Este vers\u00e1til diario es un <strong>regalo perfecto<\/strong> para cualquier persona a la que le guste poner la pluma sobre el papel, ya sea para la escritura creativa, la lluvia de ideas, llevar un diario o simplemente hacer garabatos.<\/p>\n<p><span style=\"color: rgb(41, 105, 176);\">Suministre hoy mismo el Cuaderno de Algod\u00f3n Encuadernado Indigo Fish y vea c\u00f3mo aumentan sus ventas<\/span><\/p>\n<p>\n","protected":false},"excerpt":{"rendered":"<p>Encadene la creatividad y la imaginaci\u00f3n de sus clientes con el cuaderno encuadernado de algod\u00f3n al por mayor &#8211; Peces \u00edndigo. Este cautivador cuaderno cuenta con un hermoso fondo azul \u00edndigo adornado con peces blancos, creando una atm\u00f3sfera tranquilizadora e inspiradora. Con 96 p\u00e1ginas de papel de alta calidad, este diario ofrece espacio suficiente para [&hellip;]<\/p>\n","protected":false},"featured_media":435014,"comment_status":"closed","ping_status":"open","template":"","meta":[],"product_brand":[],"product_cat":[14065,14066],"product_tag":[],"class_list":{"0":"post-218266","1":"product","2":"type-product","3":"status-publish","4":"has-post-thumbnail","6":"product_cat-cuadernos-y-diario","7":"product_cat-regalos-vintage-y-souvenir","8":"pa_collection-cotton-bound-notebooks-es","9":"pa_made-in-india","11":"first","12":"instock","13":"purchasable","14":"product-type-simple"},"supplier_id":null,"supplier_sku":"CBN-03","barcode":null,"atum_controlled":true,"out_stock_date":null,"out_stock_threshold":null,"inheritable":false,"inbound_stock":null,"stock_on_hold":0,"sold_today":0,"sales_last_days":0,"reserved_stock":null,"customer_returns":null,"warehouse_damage":null,"lost_in_post":null,"other_logs":null,"out_stock_days":0,"lost_sales":0,"has_location":null,"update_date":"2026-02-02T11:18:44","atum_locations":[],"atum_stock_status":"instock","restock_status":false,"low_stock_amount":"","sales_update_date":"2025-10-09T03:27:12","calc_backorders":null,"_links":{"self":[{"href":"https:\/\/aromasentia.com\/es\/wp-json\/wp\/v2\/product\/218266","targetHints":{"allow":["GET"]}}],"collection":[{"href":"https:\/\/aromasentia.com\/es\/wp-json\/wp\/v2\/product"}],"about":[{"href":"https:\/\/aromasentia.com\/es\/wp-json\/wp\/v2\/types\/product"}],"replies":[{"embeddable":true,"href":"https:\/\/aromasentia.com\/es\/wp-json\/wp\/v2\/comments?post=218266"}],"version-history":[{"count":0,"href":"https:\/\/aromasentia.com\/es\/wp-json\/wp\/v2\/product\/218266\/revisions"}],"wp:featuredmedia":[{"embeddable":true,"href":"https:\/\/aromasentia.com\/es\/wp-json\/wp\/v2\/media\/435014"}],"wp:attachment":[{"href":"https:\/\/aromasentia.com\/es\/wp-json\/wp\/v2\/media?parent=218266"}],"wp:term":[{"taxonomy":"product_brand","embeddable":true,"href":"https:\/\/aromasentia.com\/es\/wp-json\/wp\/v2\/product_brand?post=218266"},{"taxonomy":"product_cat","embeddable":true,"href":"https:\/\/aromasentia.com\/es\/wp-json\/wp\/v2\/product_cat?post=218266"},{"taxonomy":"product_tag","embeddable":true,"href":"https:\/\/aromasentia.com\/es\/wp-json\/wp\/v2\/product_tag?post=218266"}],"curies":[{"name":"wp","href":"https:\/\/api.w.org\/{rel}","templated":true}]}}