{"id":218118,"date":"2025-03-23T12:02:39","date_gmt":"2025-03-23T12:02:39","guid":{"rendered":"https:\/\/aromasentia.com\/product\/med-square-box-13-5x13-5x6cm-mushroom-design-teal\/"},"modified":"2025-12-30T20:56:54","modified_gmt":"2025-12-30T20:56:54","slug":"caja-cuadrada-mediana-135-x-135-x-6-cm-hongo-verde-azulado","status":"publish","type":"product","link":"https:\/\/aromasentia.com\/es\/caja-cuadrada-mediana-135-x-135-x-6-cm-hongo-verde-azulado\/","title":{"rendered":"Caja Cuadrada Mediana 13,5 x 13,5 x 6 cm &#8211; Hongo Verde azulado"},"content":{"rendered":"<p>La Caja Cuadrada Mediana con una medida de 13.5&#215;13.5&#215;6 cm de <strong>Aroma Sentia Espa\u00f1a,<\/strong> es un producto ideal que combina practicidad y dise\u00f1o atractivo para la venta. <strong>El dise\u00f1o de esta caja cuenta con tonos azulados, que evocan a la noche de la naturaleza<\/strong>. Por lo que all\u00ed donde coloques esta caja evocar\u00e1 a lo natural y silvestre.<\/p>\n<p>Producto hecho a mano en la India. Producto artesanal.&nbsp;<\/p>\n<p><strong>\u00a1Hazte con tus unidades antes de que se acaben al por mayor y destaca de tu competencia con productos de calidad!<\/strong><\/p>\n","protected":false},"excerpt":{"rendered":"<p>La Caja Cuadrada Mediana con una medida de 13.5&#215;13.5&#215;6 cm de Aroma Sentia Espa\u00f1a, es un producto ideal que combina practicidad y dise\u00f1o atractivo para la venta. El dise\u00f1o de esta caja cuenta con tonos azulados, que evocan a la noche de la naturaleza. Por lo que all\u00ed donde coloques esta caja evocar\u00e1 a lo [&hellip;]<\/p>\n","protected":false},"featured_media":436154,"comment_status":"closed","ping_status":"open","template":"","meta":{"_angie_page":false},"product_brand":[],"product_cat":[14148,14147],"product_tag":[],"class_list":{"0":"post-218118","1":"product","2":"type-product","3":"status-publish","4":"has-post-thumbnail","6":"product_cat-cajas-de-madera","7":"product_cat-cajas-de-regalo-y-embalajes","8":"pa_collection-enamelled-trays-and-boxes-with-mushroom-design-es","9":"pa_made-in-india","11":"first","12":"instock","13":"purchasable","14":"product-type-simple"},"supplier_id":null,"supplier_sku":"ENBT-04","barcode":null,"atum_controlled":true,"out_stock_date":null,"out_stock_threshold":null,"inheritable":false,"inbound_stock":null,"stock_on_hold":0,"sold_today":0,"sales_last_days":0,"reserved_stock":null,"customer_returns":null,"warehouse_damage":null,"lost_in_post":null,"other_logs":null,"out_stock_days":0,"lost_sales":0,"has_location":null,"update_date":"2026-05-08T05:07:21","atum_locations":[],"atum_stock_status":"instock","restock_status":false,"low_stock_amount":"","sales_update_date":"2026-01-30T01:26:03","calc_backorders":null,"_links":{"self":[{"href":"https:\/\/aromasentia.com\/es\/wp-json\/wp\/v2\/product\/218118","targetHints":{"allow":["GET"]}}],"collection":[{"href":"https:\/\/aromasentia.com\/es\/wp-json\/wp\/v2\/product"}],"about":[{"href":"https:\/\/aromasentia.com\/es\/wp-json\/wp\/v2\/types\/product"}],"replies":[{"embeddable":true,"href":"https:\/\/aromasentia.com\/es\/wp-json\/wp\/v2\/comments?post=218118"}],"version-history":[{"count":0,"href":"https:\/\/aromasentia.com\/es\/wp-json\/wp\/v2\/product\/218118\/revisions"}],"wp:featuredmedia":[{"embeddable":true,"href":"https:\/\/aromasentia.com\/es\/wp-json\/wp\/v2\/media\/436154"}],"wp:attachment":[{"href":"https:\/\/aromasentia.com\/es\/wp-json\/wp\/v2\/media?parent=218118"}],"wp:term":[{"taxonomy":"product_brand","embeddable":true,"href":"https:\/\/aromasentia.com\/es\/wp-json\/wp\/v2\/product_brand?post=218118"},{"taxonomy":"product_cat","embeddable":true,"href":"https:\/\/aromasentia.com\/es\/wp-json\/wp\/v2\/product_cat?post=218118"},{"taxonomy":"product_tag","embeddable":true,"href":"https:\/\/aromasentia.com\/es\/wp-json\/wp\/v2\/product_tag?post=218118"}],"curies":[{"name":"wp","href":"https:\/\/api.w.org\/{rel}","templated":true}]}}