{"id":218114,"date":"2025-03-23T12:02:39","date_gmt":"2025-03-23T12:02:39","guid":{"rendered":"https:\/\/aromasentia.com\/product\/med-square-box-13-5x13-5x6cm-mushroom-design-maroon\/"},"modified":"2025-12-30T20:56:54","modified_gmt":"2025-12-30T20:56:54","slug":"caja-cuadrada-mediana-135-x-135-x-6-cm-hongo-granate","status":"publish","type":"product","link":"https:\/\/aromasentia.com\/es\/caja-cuadrada-mediana-135-x-135-x-6-cm-hongo-granate\/","title":{"rendered":"Caja Cuadrada Mediana 13,5 x 13,5 x 6 cm &#8211; Hongo Granate"},"content":{"rendered":"<p>A\u00f1ada a su cat\u00e1logo las cajas decorativas y de almacenamiento de Aroma Sentia Espa\u00f1a. Sus clientes podr\u00e1n guardar productos u objetos algo m\u00e1s grandes como cremas, llaves o collares.&nbsp;<\/p>\n<p><strong>Producto hecho a mano en India de forma artesanal de madera de mango.<\/strong><\/p>\n<p>En ciertas sociedades antiguas, los <strong>hongos <\/strong>fueron vistos como s\u00edmbolos de la <strong>abundancia y la prosperidad,<\/strong> representando el potencial de vida y crecimiento.<\/p>\n<p><strong>Medidas del producto: &nbsp;13,5 x 13,5 x 6 cm&nbsp;<\/strong><\/p>\n<p>Combine estas cajas mediadas con las cajas peque\u00f1as y venda set de los 3 tama\u00f1os para que puedan tener su clientes una colecci\u00f3n completa.&nbsp;<\/p>\n","protected":false},"excerpt":{"rendered":"<p>A\u00f1ada a su cat\u00e1logo las cajas decorativas y de almacenamiento de Aroma Sentia Espa\u00f1a. Sus clientes podr\u00e1n guardar productos u objetos algo m\u00e1s grandes como cremas, llaves o collares.&nbsp; Producto hecho a mano en India de forma artesanal de madera de mango. En ciertas sociedades antiguas, los hongos fueron vistos como s\u00edmbolos de la abundancia [&hellip;]<\/p>\n","protected":false},"featured_media":436129,"comment_status":"closed","ping_status":"open","template":"","meta":{"_angie_page":false},"product_brand":[],"product_cat":[14148,14147],"product_tag":[],"class_list":{"0":"post-218114","1":"product","2":"type-product","3":"status-publish","4":"has-post-thumbnail","6":"product_cat-cajas-de-madera","7":"product_cat-cajas-de-regalo-y-embalajes","8":"pa_collection-enamelled-trays-and-boxes-with-mushroom-design-es","9":"pa_made-in-india","11":"first","12":"instock","13":"purchasable","14":"product-type-simple"},"supplier_id":null,"supplier_sku":"ENBT-03","barcode":null,"atum_controlled":true,"out_stock_date":null,"out_stock_threshold":null,"inheritable":false,"inbound_stock":null,"stock_on_hold":0,"sold_today":0,"sales_last_days":0,"reserved_stock":null,"customer_returns":null,"warehouse_damage":null,"lost_in_post":null,"other_logs":null,"out_stock_days":0,"lost_sales":0,"has_location":null,"update_date":"2026-05-08T05:07:21","atum_locations":[],"atum_stock_status":"instock","restock_status":false,"low_stock_amount":"","sales_update_date":"2026-01-30T01:26:05","calc_backorders":null,"_links":{"self":[{"href":"https:\/\/aromasentia.com\/es\/wp-json\/wp\/v2\/product\/218114","targetHints":{"allow":["GET"]}}],"collection":[{"href":"https:\/\/aromasentia.com\/es\/wp-json\/wp\/v2\/product"}],"about":[{"href":"https:\/\/aromasentia.com\/es\/wp-json\/wp\/v2\/types\/product"}],"replies":[{"embeddable":true,"href":"https:\/\/aromasentia.com\/es\/wp-json\/wp\/v2\/comments?post=218114"}],"version-history":[{"count":0,"href":"https:\/\/aromasentia.com\/es\/wp-json\/wp\/v2\/product\/218114\/revisions"}],"wp:featuredmedia":[{"embeddable":true,"href":"https:\/\/aromasentia.com\/es\/wp-json\/wp\/v2\/media\/436129"}],"wp:attachment":[{"href":"https:\/\/aromasentia.com\/es\/wp-json\/wp\/v2\/media?parent=218114"}],"wp:term":[{"taxonomy":"product_brand","embeddable":true,"href":"https:\/\/aromasentia.com\/es\/wp-json\/wp\/v2\/product_brand?post=218114"},{"taxonomy":"product_cat","embeddable":true,"href":"https:\/\/aromasentia.com\/es\/wp-json\/wp\/v2\/product_cat?post=218114"},{"taxonomy":"product_tag","embeddable":true,"href":"https:\/\/aromasentia.com\/es\/wp-json\/wp\/v2\/product_tag?post=218114"}],"curies":[{"name":"wp","href":"https:\/\/api.w.org\/{rel}","templated":true}]}}