{"id":218074,"date":"2025-03-23T12:03:54","date_gmt":"2025-03-23T12:03:54","guid":{"rendered":"https:\/\/aromasentia.com\/product\/big-round-box-17-5x7-5cm-buddha-face-black-engraved\/"},"modified":"2025-12-30T20:56:47","modified_gmt":"2025-12-30T20:56:47","slug":"caja-redonda-grande-175x75cm-cara-de-buda-negro","status":"publish","type":"product","link":"https:\/\/aromasentia.com\/es\/caja-redonda-grande-175x75cm-cara-de-buda-negro\/","title":{"rendered":"Caja Redonda Grande 17,5&#215;7,5cm &#8211; Cara de Buda Negro"},"content":{"rendered":"<p>Sorprenda a sus clientes con artesan\u00eda de la India. Aroma Sentia Espa\u00f1a ofrece cajas redondas hechas de madera de mango.&nbsp;<\/p>\n<p>Esta caja tiene una <strong>medida 17.5&#215;7.5 cm<\/strong> y viene grabado con la cara de Buda. Ideal para guardar objetos personales como llaves o documentos como DNI o tarjetas.&nbsp;<\/p>\n<p><strong>Estas cajas son fabricadas artesanalmente con madera de mango de calidad. &nbsp;<\/strong><\/p>\n<p>El grabado de Buda en estas cajas redondas simboliza la conexi\u00f3n con el camino hacia la iluminaci\u00f3n y es ideal para aquellos que buscan paz y reflexi\u00f3n en su vida diaria.&nbsp;<\/p>\n<p>\u00a1Disponibles en varios dos colores y dos dise\u00f1os para que pueda revender en su tienda! \u00a1Desc\u00fabrelos y haz tu pedido hoy!\u2b07\ufe0f<\/p>\n","protected":false},"excerpt":{"rendered":"<p>Sorprenda a sus clientes con artesan\u00eda de la India. Aroma Sentia Espa\u00f1a ofrece cajas redondas hechas de madera de mango.&nbsp; Esta caja tiene una medida 17.5&#215;7.5 cm y viene grabado con la cara de Buda. Ideal para guardar objetos personales como llaves o documentos como DNI o tarjetas.&nbsp; Estas cajas son fabricadas artesanalmente con madera [&hellip;]<\/p>\n","protected":false},"featured_media":436582,"comment_status":"closed","ping_status":"open","template":"","meta":{"_angie_page":false},"product_brand":[],"product_cat":[14148,14147],"product_tag":[],"class_list":{"0":"post-218074","1":"product","2":"type-product","3":"status-publish","4":"has-post-thumbnail","6":"product_cat-cajas-de-madera","7":"product_cat-cajas-de-regalo-y-embalajes","8":"pa_collection-handcrafted-wooden-boxes-trays--buddha-hamsa-collection-es","9":"pa_made-in-india","11":"first","12":"instock","13":"purchasable","14":"product-type-simple"},"supplier_id":null,"supplier_sku":"ETBT-14","barcode":null,"atum_controlled":true,"out_stock_date":null,"out_stock_threshold":null,"inheritable":false,"inbound_stock":null,"stock_on_hold":0,"sold_today":0,"sales_last_days":0,"reserved_stock":null,"customer_returns":null,"warehouse_damage":null,"lost_in_post":null,"other_logs":null,"out_stock_days":0,"lost_sales":0,"has_location":null,"update_date":"2026-04-27T07:02:07","atum_locations":[],"atum_stock_status":"instock","restock_status":false,"low_stock_amount":"","sales_update_date":"2026-01-30T01:24:41","calc_backorders":null,"_links":{"self":[{"href":"https:\/\/aromasentia.com\/es\/wp-json\/wp\/v2\/product\/218074","targetHints":{"allow":["GET"]}}],"collection":[{"href":"https:\/\/aromasentia.com\/es\/wp-json\/wp\/v2\/product"}],"about":[{"href":"https:\/\/aromasentia.com\/es\/wp-json\/wp\/v2\/types\/product"}],"replies":[{"embeddable":true,"href":"https:\/\/aromasentia.com\/es\/wp-json\/wp\/v2\/comments?post=218074"}],"version-history":[{"count":0,"href":"https:\/\/aromasentia.com\/es\/wp-json\/wp\/v2\/product\/218074\/revisions"}],"wp:featuredmedia":[{"embeddable":true,"href":"https:\/\/aromasentia.com\/es\/wp-json\/wp\/v2\/media\/436582"}],"wp:attachment":[{"href":"https:\/\/aromasentia.com\/es\/wp-json\/wp\/v2\/media?parent=218074"}],"wp:term":[{"taxonomy":"product_brand","embeddable":true,"href":"https:\/\/aromasentia.com\/es\/wp-json\/wp\/v2\/product_brand?post=218074"},{"taxonomy":"product_cat","embeddable":true,"href":"https:\/\/aromasentia.com\/es\/wp-json\/wp\/v2\/product_cat?post=218074"},{"taxonomy":"product_tag","embeddable":true,"href":"https:\/\/aromasentia.com\/es\/wp-json\/wp\/v2\/product_tag?post=218074"}],"curies":[{"name":"wp","href":"https:\/\/api.w.org\/{rel}","templated":true}]}}