{"id":218066,"date":"2025-03-23T12:03:54","date_gmt":"2025-03-23T12:03:54","guid":{"rendered":"https:\/\/aromasentia.com\/product\/big-rectangle-box-21-5x14x6-3cm-hamsa-black-engraved\/"},"modified":"2025-12-30T20:56:47","modified_gmt":"2025-12-30T20:56:47","slug":"caja-rectangular-grande-215x14x63cm-hamsa-negro","status":"publish","type":"product","link":"https:\/\/aromasentia.com\/es\/caja-rectangular-grande-215x14x63cm-hamsa-negro\/","title":{"rendered":"Caja Rectangular Grande 21,5x14x6,3cm &#8211; Hamsa Negro"},"content":{"rendered":"<p>Ofrece en su tienda una opci\u00f3n de regalo a tus clientes \u00a1estas cajas son perfectas para clientes que quieran regalar u obtener productos artesanales, de comercio junto y expirituales.&nbsp;<\/p>\n<p>Estas cajas son el complemento perfecto para esos productos que quiere vender en conjunto \u00a1prepare diferentes packs para la relajaci\u00f3n con estas cajas de Hamsa para aportar un toque espiritual con las cajas de Aroma Sentia Espa\u00f1a.<\/p>\n<p>Caja sofisticada elaborada de madera de mango en la India.&nbsp;<\/p>\n<p><strong>Medidas del producto: 21.5x14x36.3cm&nbsp;<\/strong>ideal para guardar art\u00edculos de mayor tama\u00f1o como sets de cosm\u00e9ticos, accesorios o art\u00edculos de lujo.&nbsp;<\/p>\n","protected":false},"excerpt":{"rendered":"<p>Ofrece en su tienda una opci\u00f3n de regalo a tus clientes \u00a1estas cajas son perfectas para clientes que quieran regalar u obtener productos artesanales, de comercio junto y expirituales.&nbsp; Estas cajas son el complemento perfecto para esos productos que quiere vender en conjunto \u00a1prepare diferentes packs para la relajaci\u00f3n con estas cajas de Hamsa para [&hellip;]<\/p>\n","protected":false},"featured_media":436540,"comment_status":"closed","ping_status":"open","template":"","meta":{"_angie_page":false},"product_brand":[],"product_cat":[14148,14147],"product_tag":[],"class_list":{"0":"post-218066","1":"product","2":"type-product","3":"status-publish","4":"has-post-thumbnail","6":"product_cat-cajas-de-madera","7":"product_cat-cajas-de-regalo-y-embalajes","8":"pa_collection-handcrafted-wooden-boxes-trays--buddha-hamsa-collection-es","9":"pa_made-in-india","11":"first","12":"instock","13":"purchasable","14":"product-type-simple"},"supplier_id":null,"supplier_sku":"ETBT-12","barcode":null,"atum_controlled":true,"out_stock_date":null,"out_stock_threshold":null,"inheritable":false,"inbound_stock":null,"stock_on_hold":0,"sold_today":0,"sales_last_days":0,"reserved_stock":null,"customer_returns":null,"warehouse_damage":null,"lost_in_post":null,"other_logs":null,"out_stock_days":0,"lost_sales":0,"has_location":null,"update_date":"2026-04-27T07:02:07","atum_locations":[],"atum_stock_status":"instock","restock_status":false,"low_stock_amount":"","sales_update_date":"2025-09-03T00:15:27","calc_backorders":null,"_links":{"self":[{"href":"https:\/\/aromasentia.com\/es\/wp-json\/wp\/v2\/product\/218066","targetHints":{"allow":["GET"]}}],"collection":[{"href":"https:\/\/aromasentia.com\/es\/wp-json\/wp\/v2\/product"}],"about":[{"href":"https:\/\/aromasentia.com\/es\/wp-json\/wp\/v2\/types\/product"}],"replies":[{"embeddable":true,"href":"https:\/\/aromasentia.com\/es\/wp-json\/wp\/v2\/comments?post=218066"}],"version-history":[{"count":0,"href":"https:\/\/aromasentia.com\/es\/wp-json\/wp\/v2\/product\/218066\/revisions"}],"wp:featuredmedia":[{"embeddable":true,"href":"https:\/\/aromasentia.com\/es\/wp-json\/wp\/v2\/media\/436540"}],"wp:attachment":[{"href":"https:\/\/aromasentia.com\/es\/wp-json\/wp\/v2\/media?parent=218066"}],"wp:term":[{"taxonomy":"product_brand","embeddable":true,"href":"https:\/\/aromasentia.com\/es\/wp-json\/wp\/v2\/product_brand?post=218066"},{"taxonomy":"product_cat","embeddable":true,"href":"https:\/\/aromasentia.com\/es\/wp-json\/wp\/v2\/product_cat?post=218066"},{"taxonomy":"product_tag","embeddable":true,"href":"https:\/\/aromasentia.com\/es\/wp-json\/wp\/v2\/product_tag?post=218066"}],"curies":[{"name":"wp","href":"https:\/\/api.w.org\/{rel}","templated":true}]}}