{"id":218062,"date":"2025-03-23T12:03:54","date_gmt":"2025-03-23T12:03:54","guid":{"rendered":"https:\/\/aromasentia.com\/product\/big-rectangle-box-21-5x14x6-3cm-hamsa-whitewash\/"},"modified":"2025-12-30T20:56:47","modified_gmt":"2025-12-30T20:56:47","slug":"caja-rectangular-grande-215x14x63cm-hamsa-blanco","status":"publish","type":"product","link":"https:\/\/aromasentia.com\/es\/caja-rectangular-grande-215x14x63cm-hamsa-blanco\/","title":{"rendered":"Caja Rectangular Grande 21,5x14x6,3cm &#8211; Hamsa Blanco"},"content":{"rendered":"<p><strong>Aporta serenidad y protecci\u00f3n a la casa de sus clientes con las cajas rectangulares de madera de mango de Aroma Sentia Espa\u00f1a <\/strong><\/p>\n<p>El s\u00edmbolo Hamsa blanco simboliza protecci\u00f3n, buena suerte y paz interior. Tambi\u00e9n es un s\u00edmbolo de fe y esperanza.&nbsp;<\/p>\n<p>Esta caja de mayor tama\u00f1o es perfecta para aquellos que buscan almacenar art\u00edculos importantes o usarla como pieza decorativa. Su dise\u00f1o atractivo y lleno de significado ser\u00e1 un complemento perfecto para cualquier espacio.<\/p>\n<p><strong>Medidas del producto 21.5x14x6.3cm<\/strong><\/p>\n<p><strong>\u00a1Obt\u00e9n precios al por mayor y revende en tu tienda productos de calidad hechos a mano!<\/strong><\/p>\n","protected":false},"excerpt":{"rendered":"<p>Aporta serenidad y protecci\u00f3n a la casa de sus clientes con las cajas rectangulares de madera de mango de Aroma Sentia Espa\u00f1a El s\u00edmbolo Hamsa blanco simboliza protecci\u00f3n, buena suerte y paz interior. Tambi\u00e9n es un s\u00edmbolo de fe y esperanza.&nbsp; Esta caja de mayor tama\u00f1o es perfecta para aquellos que buscan almacenar art\u00edculos importantes [&hellip;]<\/p>\n","protected":false},"featured_media":436523,"comment_status":"closed","ping_status":"open","template":"","meta":{"_angie_page":false},"product_brand":[],"product_cat":[14148,14147],"product_tag":[],"class_list":{"0":"post-218062","1":"product","2":"type-product","3":"status-publish","4":"has-post-thumbnail","6":"product_cat-cajas-de-madera","7":"product_cat-cajas-de-regalo-y-embalajes","8":"pa_collection-handcrafted-wooden-boxes-trays--buddha-hamsa-collection-es","9":"pa_made-in-india","11":"first","12":"instock","13":"purchasable","14":"product-type-simple"},"supplier_id":null,"supplier_sku":"ETBT-11","barcode":null,"atum_controlled":true,"out_stock_date":null,"out_stock_threshold":null,"inheritable":false,"inbound_stock":null,"stock_on_hold":0,"sold_today":0,"sales_last_days":0,"reserved_stock":null,"customer_returns":null,"warehouse_damage":null,"lost_in_post":null,"other_logs":null,"out_stock_days":0,"lost_sales":0,"has_location":null,"update_date":"2026-04-27T07:02:07","atum_locations":[],"atum_stock_status":"instock","restock_status":false,"low_stock_amount":"","sales_update_date":"2026-01-30T01:24:31","calc_backorders":null,"_links":{"self":[{"href":"https:\/\/aromasentia.com\/es\/wp-json\/wp\/v2\/product\/218062","targetHints":{"allow":["GET"]}}],"collection":[{"href":"https:\/\/aromasentia.com\/es\/wp-json\/wp\/v2\/product"}],"about":[{"href":"https:\/\/aromasentia.com\/es\/wp-json\/wp\/v2\/types\/product"}],"replies":[{"embeddable":true,"href":"https:\/\/aromasentia.com\/es\/wp-json\/wp\/v2\/comments?post=218062"}],"version-history":[{"count":0,"href":"https:\/\/aromasentia.com\/es\/wp-json\/wp\/v2\/product\/218062\/revisions"}],"wp:featuredmedia":[{"embeddable":true,"href":"https:\/\/aromasentia.com\/es\/wp-json\/wp\/v2\/media\/436523"}],"wp:attachment":[{"href":"https:\/\/aromasentia.com\/es\/wp-json\/wp\/v2\/media?parent=218062"}],"wp:term":[{"taxonomy":"product_brand","embeddable":true,"href":"https:\/\/aromasentia.com\/es\/wp-json\/wp\/v2\/product_brand?post=218062"},{"taxonomy":"product_cat","embeddable":true,"href":"https:\/\/aromasentia.com\/es\/wp-json\/wp\/v2\/product_cat?post=218062"},{"taxonomy":"product_tag","embeddable":true,"href":"https:\/\/aromasentia.com\/es\/wp-json\/wp\/v2\/product_tag?post=218062"}],"curies":[{"name":"wp","href":"https:\/\/api.w.org\/{rel}","templated":true}]}}