{"id":218058,"date":"2025-03-23T12:03:54","date_gmt":"2025-03-23T12:03:54","guid":{"rendered":"https:\/\/aromasentia.com\/product\/big-rectangle-box-21-5x14x6-3cm-buddha-face-black-engraved\/"},"modified":"2025-12-30T20:56:47","modified_gmt":"2025-12-30T20:56:47","slug":"caja-rectangular-grande-215x14x63cm-cara-de-buda-negro","status":"publish","type":"product","link":"https:\/\/aromasentia.com\/es\/caja-rectangular-grande-215x14x63cm-cara-de-buda-negro\/","title":{"rendered":"Caja Rectangular Grande 21,5x14x6,3cm &#8211; Cara de Buda Negro"},"content":{"rendered":"<p>Explora la gama de cajas de madera de mango artesanales de Aroma Sentia Espa\u00f1a y sorprenda a sus clientes por su calidad y acabado.&nbsp;<\/p>\n<p><strong>El Buda es un s\u00edmbolo de sabidur\u00eda profunda y equilibrio interior.&nbsp;<\/strong>Esta caja grande de madera de mango es perfecta para aquellos que buscan transmitir una sensaci\u00f3n de serenidad y paz en su entorno.&nbsp;<\/p>\n<p>Estas cajas hechas a mano son perfectas para almacenar joyas, accesorios o llaves en el \u00a1d\u00eda a d\u00eda! Dejando un punto en concreto donde poder guardarlas y encontrarlas siempre.<\/p>\n<p>Medidas: 21.5x14x6.3 cm.<\/p>\n<p><strong>Dale a tu tienda un toque \u00fanico y especial con esta pieza de artesan\u00eda. \u00a1Compra ahora y ofrece productos exclusivos de Aroma Sentia Espa\u00f1a!<\/strong> <\/p>\n","protected":false},"excerpt":{"rendered":"<p>Explora la gama de cajas de madera de mango artesanales de Aroma Sentia Espa\u00f1a y sorprenda a sus clientes por su calidad y acabado.&nbsp; El Buda es un s\u00edmbolo de sabidur\u00eda profunda y equilibrio interior.&nbsp;Esta caja grande de madera de mango es perfecta para aquellos que buscan transmitir una sensaci\u00f3n de serenidad y paz en [&hellip;]<\/p>\n","protected":false},"featured_media":436506,"comment_status":"closed","ping_status":"open","template":"","meta":{"_angie_page":false},"product_brand":[],"product_cat":[14148,14147],"product_tag":[],"class_list":{"0":"post-218058","1":"product","2":"type-product","3":"status-publish","4":"has-post-thumbnail","6":"product_cat-cajas-de-madera","7":"product_cat-cajas-de-regalo-y-embalajes","8":"pa_collection-handcrafted-wooden-boxes-trays--buddha-hamsa-collection-es","9":"pa_made-in-india","11":"first","12":"instock","13":"purchasable","14":"product-type-simple"},"supplier_id":null,"supplier_sku":"ETBT-10","barcode":null,"atum_controlled":true,"out_stock_date":null,"out_stock_threshold":null,"inheritable":false,"inbound_stock":null,"stock_on_hold":0,"sold_today":0,"sales_last_days":0,"reserved_stock":null,"customer_returns":null,"warehouse_damage":null,"lost_in_post":null,"other_logs":null,"out_stock_days":0,"lost_sales":0,"has_location":null,"update_date":"2026-04-27T07:02:07","atum_locations":[],"atum_stock_status":"instock","restock_status":false,"low_stock_amount":"","sales_update_date":"2026-01-30T01:24:32","calc_backorders":null,"_links":{"self":[{"href":"https:\/\/aromasentia.com\/es\/wp-json\/wp\/v2\/product\/218058","targetHints":{"allow":["GET"]}}],"collection":[{"href":"https:\/\/aromasentia.com\/es\/wp-json\/wp\/v2\/product"}],"about":[{"href":"https:\/\/aromasentia.com\/es\/wp-json\/wp\/v2\/types\/product"}],"replies":[{"embeddable":true,"href":"https:\/\/aromasentia.com\/es\/wp-json\/wp\/v2\/comments?post=218058"}],"version-history":[{"count":0,"href":"https:\/\/aromasentia.com\/es\/wp-json\/wp\/v2\/product\/218058\/revisions"}],"wp:featuredmedia":[{"embeddable":true,"href":"https:\/\/aromasentia.com\/es\/wp-json\/wp\/v2\/media\/436506"}],"wp:attachment":[{"href":"https:\/\/aromasentia.com\/es\/wp-json\/wp\/v2\/media?parent=218058"}],"wp:term":[{"taxonomy":"product_brand","embeddable":true,"href":"https:\/\/aromasentia.com\/es\/wp-json\/wp\/v2\/product_brand?post=218058"},{"taxonomy":"product_cat","embeddable":true,"href":"https:\/\/aromasentia.com\/es\/wp-json\/wp\/v2\/product_cat?post=218058"},{"taxonomy":"product_tag","embeddable":true,"href":"https:\/\/aromasentia.com\/es\/wp-json\/wp\/v2\/product_tag?post=218058"}],"curies":[{"name":"wp","href":"https:\/\/api.w.org\/{rel}","templated":true}]}}