{"id":218050,"date":"2025-03-23T12:03:54","date_gmt":"2025-03-23T12:03:54","guid":{"rendered":"https:\/\/aromasentia.com\/product\/med-square-box-17x10x4-2cm-hamsa-black-engraved\/"},"modified":"2025-12-30T20:56:47","modified_gmt":"2025-12-30T20:56:47","slug":"caja-cuadrada-mediana-17x10x42cm-hamsa-negro","status":"publish","type":"product","link":"https:\/\/aromasentia.com\/es\/caja-cuadrada-mediana-17x10x42cm-hamsa-negro\/","title":{"rendered":"Caja Cuadrada Mediana 17x10x4,2cm &#8211; Hamsa Negro"},"content":{"rendered":"<p>Deleite a sus clientes con las cajas hechas a mano a partir de madera de mango de Aroma Sentia Espa\u00f1a y ofrece una pieza \u00fanica y de protecci\u00f3n.&nbsp;<\/p>\n<p>El Hamsa es un s\u00edmbolo de fe y esperanza, ya que se cree que protege a las personas de cualquier amenaza f\u00edsica, emocional o espiritual. Se asocia con la buena suerte y la bendici\u00f3n en momentos dif\u00edciles. <\/p>\n<p><strong>\u00a1Revenda en su negocio y combine diferentes tama\u00f1os de cajas de almacenamiento con significado! <\/strong><\/p>\n","protected":false},"excerpt":{"rendered":"<p>Deleite a sus clientes con las cajas hechas a mano a partir de madera de mango de Aroma Sentia Espa\u00f1a y ofrece una pieza \u00fanica y de protecci\u00f3n.&nbsp; El Hamsa es un s\u00edmbolo de fe y esperanza, ya que se cree que protege a las personas de cualquier amenaza f\u00edsica, emocional o espiritual. Se asocia [&hellip;]<\/p>\n","protected":false},"featured_media":436472,"comment_status":"closed","ping_status":"open","template":"","meta":{"_angie_page":false},"product_brand":[],"product_cat":[14148,14147],"product_tag":[],"class_list":{"0":"post-218050","1":"product","2":"type-product","3":"status-publish","4":"has-post-thumbnail","6":"product_cat-cajas-de-madera","7":"product_cat-cajas-de-regalo-y-embalajes","8":"pa_collection-handcrafted-wooden-boxes-trays--buddha-hamsa-collection-es","9":"pa_made-in-india","11":"first","12":"instock","13":"purchasable","14":"product-type-simple"},"supplier_id":null,"supplier_sku":"ETBT-08","barcode":null,"atum_controlled":true,"out_stock_date":null,"out_stock_threshold":null,"inheritable":false,"inbound_stock":null,"stock_on_hold":0,"sold_today":0,"sales_last_days":0,"reserved_stock":null,"customer_returns":null,"warehouse_damage":null,"lost_in_post":null,"other_logs":null,"out_stock_days":0,"lost_sales":0,"has_location":null,"update_date":"2026-05-08T05:08:29","atum_locations":[],"atum_stock_status":"instock","restock_status":false,"low_stock_amount":"","sales_update_date":"2026-02-06T00:01:34","calc_backorders":null,"_links":{"self":[{"href":"https:\/\/aromasentia.com\/es\/wp-json\/wp\/v2\/product\/218050","targetHints":{"allow":["GET"]}}],"collection":[{"href":"https:\/\/aromasentia.com\/es\/wp-json\/wp\/v2\/product"}],"about":[{"href":"https:\/\/aromasentia.com\/es\/wp-json\/wp\/v2\/types\/product"}],"replies":[{"embeddable":true,"href":"https:\/\/aromasentia.com\/es\/wp-json\/wp\/v2\/comments?post=218050"}],"version-history":[{"count":0,"href":"https:\/\/aromasentia.com\/es\/wp-json\/wp\/v2\/product\/218050\/revisions"}],"wp:featuredmedia":[{"embeddable":true,"href":"https:\/\/aromasentia.com\/es\/wp-json\/wp\/v2\/media\/436472"}],"wp:attachment":[{"href":"https:\/\/aromasentia.com\/es\/wp-json\/wp\/v2\/media?parent=218050"}],"wp:term":[{"taxonomy":"product_brand","embeddable":true,"href":"https:\/\/aromasentia.com\/es\/wp-json\/wp\/v2\/product_brand?post=218050"},{"taxonomy":"product_cat","embeddable":true,"href":"https:\/\/aromasentia.com\/es\/wp-json\/wp\/v2\/product_cat?post=218050"},{"taxonomy":"product_tag","embeddable":true,"href":"https:\/\/aromasentia.com\/es\/wp-json\/wp\/v2\/product_tag?post=218050"}],"curies":[{"name":"wp","href":"https:\/\/api.w.org\/{rel}","templated":true}]}}