{"id":218046,"date":"2025-03-23T12:03:54","date_gmt":"2025-03-23T12:03:54","guid":{"rendered":"https:\/\/aromasentia.com\/product\/med-square-box-17x10x4-2cm-hamsa-whitewash\/"},"modified":"2025-12-30T20:56:40","modified_gmt":"2025-12-30T20:56:40","slug":"caja-cuadrada-mediana-17x10x42cm-hamsa-blanco","status":"publish","type":"product","link":"https:\/\/aromasentia.com\/es\/caja-cuadrada-mediana-17x10x42cm-hamsa-blanco\/","title":{"rendered":"Caja Cuadrada Mediana 17x10x4,2cm &#8211; Hamsa Blanco"},"content":{"rendered":"<p><strong>\u00bfQuieres destacar de tu competencia? <\/strong>\u00a1A\u00f1ada a su cat\u00e1logo productos \u00fanicos y artesanales! Estas cajas cuentan una historia de artesan\u00eda, comercio junto y concepto espiritual con el grabado de Hamsa en color blanco.&nbsp;<\/p>\n<p>Su tama\u00f1o la hace ideal para almacenar art\u00edculos de tama\u00f1o medio, como joyas, amuletos o peque\u00f1os recuerdos.<\/p>\n<p>Medidas del producto: 17x10x4.2 cm<\/p>\n<p><strong>Haz que tus clientes se enamoren de las piezas llenas de significado. \u00a1Adquiere esta caja hoy y haz crecer tu negocio con Aroma Sentia Espa\u00f1a!<\/strong><\/p>\n","protected":false},"excerpt":{"rendered":"<p>\u00bfQuieres destacar de tu competencia? \u00a1A\u00f1ada a su cat\u00e1logo productos \u00fanicos y artesanales! Estas cajas cuentan una historia de artesan\u00eda, comercio junto y concepto espiritual con el grabado de Hamsa en color blanco.&nbsp; Su tama\u00f1o la hace ideal para almacenar art\u00edculos de tama\u00f1o medio, como joyas, amuletos o peque\u00f1os recuerdos. Medidas del producto: 17x10x4.2 cm [&hellip;]<\/p>\n","protected":false},"featured_media":436455,"comment_status":"closed","ping_status":"open","template":"","meta":{"_angie_page":false},"product_brand":[],"product_cat":[14148,14147],"product_tag":[],"class_list":{"0":"post-218046","1":"product","2":"type-product","3":"status-publish","4":"has-post-thumbnail","6":"product_cat-cajas-de-madera","7":"product_cat-cajas-de-regalo-y-embalajes","8":"pa_collection-handcrafted-wooden-boxes-trays--buddha-hamsa-collection-es","9":"pa_made-in-india","11":"first","12":"instock","13":"purchasable","14":"product-type-simple"},"supplier_id":null,"supplier_sku":"ETBT-07","barcode":null,"atum_controlled":true,"out_stock_date":null,"out_stock_threshold":null,"inheritable":false,"inbound_stock":null,"stock_on_hold":0,"sold_today":0,"sales_last_days":0,"reserved_stock":null,"customer_returns":null,"warehouse_damage":null,"lost_in_post":null,"other_logs":null,"out_stock_days":0,"lost_sales":0,"has_location":null,"update_date":"2026-05-08T05:08:29","atum_locations":[],"atum_stock_status":"instock","restock_status":false,"low_stock_amount":"","sales_update_date":"2026-01-30T01:24:32","calc_backorders":null,"_links":{"self":[{"href":"https:\/\/aromasentia.com\/es\/wp-json\/wp\/v2\/product\/218046","targetHints":{"allow":["GET"]}}],"collection":[{"href":"https:\/\/aromasentia.com\/es\/wp-json\/wp\/v2\/product"}],"about":[{"href":"https:\/\/aromasentia.com\/es\/wp-json\/wp\/v2\/types\/product"}],"replies":[{"embeddable":true,"href":"https:\/\/aromasentia.com\/es\/wp-json\/wp\/v2\/comments?post=218046"}],"version-history":[{"count":0,"href":"https:\/\/aromasentia.com\/es\/wp-json\/wp\/v2\/product\/218046\/revisions"}],"wp:featuredmedia":[{"embeddable":true,"href":"https:\/\/aromasentia.com\/es\/wp-json\/wp\/v2\/media\/436455"}],"wp:attachment":[{"href":"https:\/\/aromasentia.com\/es\/wp-json\/wp\/v2\/media?parent=218046"}],"wp:term":[{"taxonomy":"product_brand","embeddable":true,"href":"https:\/\/aromasentia.com\/es\/wp-json\/wp\/v2\/product_brand?post=218046"},{"taxonomy":"product_cat","embeddable":true,"href":"https:\/\/aromasentia.com\/es\/wp-json\/wp\/v2\/product_cat?post=218046"},{"taxonomy":"product_tag","embeddable":true,"href":"https:\/\/aromasentia.com\/es\/wp-json\/wp\/v2\/product_tag?post=218046"}],"curies":[{"name":"wp","href":"https:\/\/api.w.org\/{rel}","templated":true}]}}