{"id":218038,"date":"2025-03-23T12:03:54","date_gmt":"2025-03-23T12:03:54","guid":{"rendered":"https:\/\/aromasentia.com\/product\/med-square-box-17x10x4-2cm-buddha-face-whitewash\/"},"modified":"2025-12-30T20:56:40","modified_gmt":"2025-12-30T20:56:40","slug":"caja-cuadrada-mediana-17x10x42cm-buda-blanco","status":"publish","type":"product","link":"https:\/\/aromasentia.com\/es\/caja-cuadrada-mediana-17x10x42cm-buda-blanco\/","title":{"rendered":"Caja Cuadrada Mediana 17x10x4,2cm &#8211; Buda Blanco"},"content":{"rendered":"<p>Ampl\u00eda tu cat\u00e1logo y oferta de tu tienda con las elegantes caja de madera de mango de Aroma Sentia Espa\u00f1a&nbsp;<\/p>\n<p><strong>Medidas del producto: 17x10x4.2 cm con el dise\u00f1o del Buda en blanco.&nbsp;<\/strong><\/p>\n<p>Hecha artesanalmente en la India, esta pieza <strong>permite guardar art\u00edculos personales algo m\u00e1s grandes, protegi\u00e9ndolas del polvo y tenerlas en un lugar seguro.&nbsp;<\/strong><\/p>\n<p>Esta caja &nbsp;aporta un contraste arm\u00f3nico entre lo <strong>espiritual y lo pr\u00e1ctico<\/strong>. \u00a1Una pieza \u00fanica que atraer\u00e1 a tus clientes m\u00e1s exigentes!<\/p>\n<p>No dejes pasar esta oportunidad \u00fanica de ofrecer productos con estilo y significado.<\/p>\n","protected":false},"excerpt":{"rendered":"<p>Ampl\u00eda tu cat\u00e1logo y oferta de tu tienda con las elegantes caja de madera de mango de Aroma Sentia Espa\u00f1a&nbsp; Medidas del producto: 17x10x4.2 cm con el dise\u00f1o del Buda en blanco.&nbsp; Hecha artesanalmente en la India, esta pieza permite guardar art\u00edculos personales algo m\u00e1s grandes, protegi\u00e9ndolas del polvo y tenerlas en un lugar seguro.&nbsp; [&hellip;]<\/p>\n","protected":false},"featured_media":436421,"comment_status":"closed","ping_status":"open","template":"","meta":[],"product_brand":[],"product_cat":[14148,14147],"product_tag":[],"class_list":{"0":"post-218038","1":"product","2":"type-product","3":"status-publish","4":"has-post-thumbnail","6":"product_cat-cajas-de-madera","7":"product_cat-cajas-de-regalo-y-embalajes","8":"pa_collection-handcrafted-wooden-boxes-trays--buddha-hamsa-collection-es","9":"pa_made-in-india","11":"first","12":"instock","13":"purchasable","14":"product-type-simple"},"supplier_id":null,"supplier_sku":"ETBT-05","barcode":null,"atum_controlled":true,"out_stock_date":null,"out_stock_threshold":null,"inheritable":false,"inbound_stock":null,"stock_on_hold":0,"sold_today":0,"sales_last_days":0,"reserved_stock":null,"customer_returns":null,"warehouse_damage":null,"lost_in_post":null,"other_logs":null,"out_stock_days":0,"lost_sales":0,"has_location":null,"update_date":"2026-01-30T01:24:36","atum_locations":[],"atum_stock_status":"instock","restock_status":false,"low_stock_amount":"","sales_update_date":"2026-01-30T01:24:36","calc_backorders":null,"_links":{"self":[{"href":"https:\/\/aromasentia.com\/es\/wp-json\/wp\/v2\/product\/218038","targetHints":{"allow":["GET"]}}],"collection":[{"href":"https:\/\/aromasentia.com\/es\/wp-json\/wp\/v2\/product"}],"about":[{"href":"https:\/\/aromasentia.com\/es\/wp-json\/wp\/v2\/types\/product"}],"replies":[{"embeddable":true,"href":"https:\/\/aromasentia.com\/es\/wp-json\/wp\/v2\/comments?post=218038"}],"version-history":[{"count":0,"href":"https:\/\/aromasentia.com\/es\/wp-json\/wp\/v2\/product\/218038\/revisions"}],"wp:featuredmedia":[{"embeddable":true,"href":"https:\/\/aromasentia.com\/es\/wp-json\/wp\/v2\/media\/436421"}],"wp:attachment":[{"href":"https:\/\/aromasentia.com\/es\/wp-json\/wp\/v2\/media?parent=218038"}],"wp:term":[{"taxonomy":"product_brand","embeddable":true,"href":"https:\/\/aromasentia.com\/es\/wp-json\/wp\/v2\/product_brand?post=218038"},{"taxonomy":"product_cat","embeddable":true,"href":"https:\/\/aromasentia.com\/es\/wp-json\/wp\/v2\/product_cat?post=218038"},{"taxonomy":"product_tag","embeddable":true,"href":"https:\/\/aromasentia.com\/es\/wp-json\/wp\/v2\/product_tag?post=218038"}],"curies":[{"name":"wp","href":"https:\/\/api.w.org\/{rel}","templated":true}]}}