{"id":218034,"date":"2025-03-23T12:03:54","date_gmt":"2025-03-23T12:03:54","guid":{"rendered":"https:\/\/aromasentia.com\/product\/small-square-box-10x10x4-2cm-hamsa-black-engraved\/"},"modified":"2025-12-30T20:56:40","modified_gmt":"2025-12-30T20:56:40","slug":"caja-cuadrada-pequena-10x10x42cm-cara-de-hamsa-grabada-en-negro","status":"publish","type":"product","link":"https:\/\/aromasentia.com\/es\/caja-cuadrada-pequena-10x10x42cm-cara-de-hamsa-grabada-en-negro\/","title":{"rendered":"Caja cuadrada peque\u00f1a 10x10x4,2cm &#8211; Cara de Hamsa grabada en negro"},"content":{"rendered":"<p>Descubre las cajas de madera de mango de <strong>Aroma Sentia Espa\u00f1a<\/strong> con el grabado del s\u00edmbolo de Hamsa en tono marr\u00f3n, es una opci\u00f3n perfecta para clientes que buscan <strong>productos artesanales y espirituales. <\/strong><\/p>\n<p><strong>Medidas del producto: 10x10x4.2cm<\/strong><\/p>\n<p>Hecha a mano en la India, por artesanos expertos.<\/p>\n<p><strong>Haz que tus estanter\u00edas destaquen con lo mejor de la artesan\u00eda de la India. \u00a1Compra ahora y ofrece un producto exclusivo a tus clientes!<\/strong><\/p>\n","protected":false},"excerpt":{"rendered":"<p>Descubre las cajas de madera de mango de Aroma Sentia Espa\u00f1a con el grabado del s\u00edmbolo de Hamsa en tono marr\u00f3n, es una opci\u00f3n perfecta para clientes que buscan productos artesanales y espirituales. Medidas del producto: 10x10x4.2cm Hecha a mano en la India, por artesanos expertos. Haz que tus estanter\u00edas destaquen con lo mejor de [&hellip;]<\/p>\n","protected":false},"featured_media":436404,"comment_status":"closed","ping_status":"open","template":"","meta":{"_angie_page":false},"product_brand":[],"product_cat":[14148,14147],"product_tag":[],"class_list":{"0":"post-218034","1":"product","2":"type-product","3":"status-publish","4":"has-post-thumbnail","6":"product_cat-cajas-de-madera","7":"product_cat-cajas-de-regalo-y-embalajes","8":"pa_collection-handcrafted-wooden-boxes-trays--buddha-hamsa-collection-es","9":"pa_made-in-india","11":"first","12":"instock","13":"purchasable","14":"product-type-simple"},"supplier_id":null,"supplier_sku":"ETBT-04","barcode":null,"atum_controlled":true,"out_stock_date":null,"out_stock_threshold":null,"inheritable":false,"inbound_stock":null,"stock_on_hold":0,"sold_today":0,"sales_last_days":0,"reserved_stock":null,"customer_returns":null,"warehouse_damage":null,"lost_in_post":null,"other_logs":null,"out_stock_days":0,"lost_sales":0,"has_location":null,"update_date":"2026-04-27T07:02:07","atum_locations":[],"atum_stock_status":"instock","restock_status":false,"low_stock_amount":"","sales_update_date":"2026-01-30T01:24:32","calc_backorders":null,"_links":{"self":[{"href":"https:\/\/aromasentia.com\/es\/wp-json\/wp\/v2\/product\/218034","targetHints":{"allow":["GET"]}}],"collection":[{"href":"https:\/\/aromasentia.com\/es\/wp-json\/wp\/v2\/product"}],"about":[{"href":"https:\/\/aromasentia.com\/es\/wp-json\/wp\/v2\/types\/product"}],"replies":[{"embeddable":true,"href":"https:\/\/aromasentia.com\/es\/wp-json\/wp\/v2\/comments?post=218034"}],"version-history":[{"count":0,"href":"https:\/\/aromasentia.com\/es\/wp-json\/wp\/v2\/product\/218034\/revisions"}],"wp:featuredmedia":[{"embeddable":true,"href":"https:\/\/aromasentia.com\/es\/wp-json\/wp\/v2\/media\/436404"}],"wp:attachment":[{"href":"https:\/\/aromasentia.com\/es\/wp-json\/wp\/v2\/media?parent=218034"}],"wp:term":[{"taxonomy":"product_brand","embeddable":true,"href":"https:\/\/aromasentia.com\/es\/wp-json\/wp\/v2\/product_brand?post=218034"},{"taxonomy":"product_cat","embeddable":true,"href":"https:\/\/aromasentia.com\/es\/wp-json\/wp\/v2\/product_cat?post=218034"},{"taxonomy":"product_tag","embeddable":true,"href":"https:\/\/aromasentia.com\/es\/wp-json\/wp\/v2\/product_tag?post=218034"}],"curies":[{"name":"wp","href":"https:\/\/api.w.org\/{rel}","templated":true}]}}