{"id":218030,"date":"2025-03-23T12:03:54","date_gmt":"2025-03-23T12:03:54","guid":{"rendered":"https:\/\/aromasentia.com\/product\/small-square-box-10x10x4-2cm-hamsa-whitewash\/"},"modified":"2025-12-30T20:56:40","modified_gmt":"2025-12-30T20:56:40","slug":"caja-cuadrada-pequena-10x10x42cm-cara-de-hamsa-grabada-en-blanco","status":"publish","type":"product","link":"https:\/\/aromasentia.com\/es\/caja-cuadrada-pequena-10x10x42cm-cara-de-hamsa-grabada-en-blanco\/","title":{"rendered":"Caja cuadrada peque\u00f1a 10x10x4,2cm &#8211; Cara de Hamsa grabada en blanco"},"content":{"rendered":"<p>Esta caja de madera de mango con el s\u00edmbolo del Hamsa blanco es un regalo perfecto para tus clientes interesados en la protecci\u00f3n y el bienestar.&nbsp;<\/p>\n<p>Hecha a mano en la India, estas cajas con el <strong>s\u00edmbolo Hamsa transmite un mensaje de buena suerte y seguridad.&nbsp;<\/strong><\/p>\n<p><strong>Medidas de la caja: 10x10x4.2 cm<\/strong><\/p>\n<p>Ofrece a tus clientes un<strong>&nbsp;caja decorativa y funcional<\/strong>, que combina la artesan\u00eda de la India con la practicidad de las cajas de almacenamiento.&nbsp;<\/p>\n<p><strong>No dejes pasar la oportunidad de ofrecer un producto de calidad y \u00fanico a tus clientes, \u00a1marca la diferencia en tu tienda con Aroma Sentia Espa\u00f1a!<\/strong><\/p>\n","protected":false},"excerpt":{"rendered":"<p>Esta caja de madera de mango con el s\u00edmbolo del Hamsa blanco es un regalo perfecto para tus clientes interesados en la protecci\u00f3n y el bienestar.&nbsp; Hecha a mano en la India, estas cajas con el s\u00edmbolo Hamsa transmite un mensaje de buena suerte y seguridad.&nbsp; Medidas de la caja: 10x10x4.2 cm Ofrece a tus [&hellip;]<\/p>\n","protected":false},"featured_media":436387,"comment_status":"closed","ping_status":"open","template":"","meta":[],"product_brand":[],"product_cat":[14148,14147],"product_tag":[],"class_list":{"0":"post-218030","1":"product","2":"type-product","3":"status-publish","4":"has-post-thumbnail","6":"product_cat-cajas-de-madera","7":"product_cat-cajas-de-regalo-y-embalajes","8":"pa_collection-handcrafted-wooden-boxes-trays--buddha-hamsa-collection-es","9":"pa_made-in-india","11":"first","12":"instock","13":"purchasable","14":"product-type-simple"},"supplier_id":null,"supplier_sku":"ETBT-03","barcode":null,"atum_controlled":true,"out_stock_date":null,"out_stock_threshold":null,"inheritable":false,"inbound_stock":null,"stock_on_hold":0,"sold_today":0,"sales_last_days":0,"reserved_stock":null,"customer_returns":null,"warehouse_damage":null,"lost_in_post":null,"other_logs":null,"out_stock_days":0,"lost_sales":0,"has_location":null,"update_date":"2026-01-30T01:24:36","atum_locations":[],"atum_stock_status":"instock","restock_status":false,"low_stock_amount":"","sales_update_date":"2026-01-30T01:24:36","calc_backorders":null,"_links":{"self":[{"href":"https:\/\/aromasentia.com\/es\/wp-json\/wp\/v2\/product\/218030","targetHints":{"allow":["GET"]}}],"collection":[{"href":"https:\/\/aromasentia.com\/es\/wp-json\/wp\/v2\/product"}],"about":[{"href":"https:\/\/aromasentia.com\/es\/wp-json\/wp\/v2\/types\/product"}],"replies":[{"embeddable":true,"href":"https:\/\/aromasentia.com\/es\/wp-json\/wp\/v2\/comments?post=218030"}],"version-history":[{"count":0,"href":"https:\/\/aromasentia.com\/es\/wp-json\/wp\/v2\/product\/218030\/revisions"}],"wp:featuredmedia":[{"embeddable":true,"href":"https:\/\/aromasentia.com\/es\/wp-json\/wp\/v2\/media\/436387"}],"wp:attachment":[{"href":"https:\/\/aromasentia.com\/es\/wp-json\/wp\/v2\/media?parent=218030"}],"wp:term":[{"taxonomy":"product_brand","embeddable":true,"href":"https:\/\/aromasentia.com\/es\/wp-json\/wp\/v2\/product_brand?post=218030"},{"taxonomy":"product_cat","embeddable":true,"href":"https:\/\/aromasentia.com\/es\/wp-json\/wp\/v2\/product_cat?post=218030"},{"taxonomy":"product_tag","embeddable":true,"href":"https:\/\/aromasentia.com\/es\/wp-json\/wp\/v2\/product_tag?post=218030"}],"curies":[{"name":"wp","href":"https:\/\/api.w.org\/{rel}","templated":true}]}}