{"id":217994,"date":"2025-03-23T12:04:43","date_gmt":"2025-03-23T12:04:43","guid":{"rendered":"https:\/\/aromasentia.com\/product\/long-tray-30x15x2-5cm-hamsa-design-black-engraved\/"},"modified":"2025-12-30T20:56:33","modified_gmt":"2025-12-30T20:56:33","slug":"bandeja-alargada-30x15x25cm-hamsa-negro","status":"publish","type":"product","link":"https:\/\/aromasentia.com\/es\/bandeja-alargada-30x15x25cm-hamsa-negro\/","title":{"rendered":"Bandeja Alargada 30x15x2,5cm &#8211; Hamsa Negro"},"content":{"rendered":"<p>Aroma Sentia Espa\u00f1a es proveedor de bandejas de madera de mango con la figura de Buda son el equilibrio perfecto entre funcionalidad y simbolismo espiritual.&nbsp;<\/p>\n<p>El Buda, como s\u00edmbolo protecci\u00f3n y aporta una energ\u00eda calmante a cualquier espacio. Las medidas de este producto es de: 30x15x2.5cm<\/p>\n<p>Estas bandejas son perfectas para tanto para organizar objetos o como un centro de mesa para aportar armon\u00eda al espacio Adem\u00e1s de ser una pieza decorativa \u00fanica, aportan una sensaci\u00f3n de calma y mindfulness a tu hogar o tienda.&nbsp;<\/p>\n<p>Producto hecho artesanalmente en la India.&nbsp;<\/p>\n<p><strong>\u00a1Haz tu pedido hoy y ofrece a tus clientes un art\u00edculo que lleva la paz consigo!<\/strong><\/p>\n","protected":false},"excerpt":{"rendered":"<p>Aroma Sentia Espa\u00f1a es proveedor de bandejas de madera de mango con la figura de Buda son el equilibrio perfecto entre funcionalidad y simbolismo espiritual.&nbsp; El Buda, como s\u00edmbolo protecci\u00f3n y aporta una energ\u00eda calmante a cualquier espacio. Las medidas de este producto es de: 30x15x2.5cm Estas bandejas son perfectas para tanto para organizar objetos [&hellip;]<\/p>\n","protected":false},"featured_media":436672,"comment_status":"closed","ping_status":"open","template":"","meta":{"_angie_page":false},"product_brand":[],"product_cat":[14148,14147],"product_tag":[],"class_list":{"0":"post-217994","1":"product","2":"type-product","3":"status-publish","4":"has-post-thumbnail","6":"product_cat-cajas-de-madera","7":"product_cat-cajas-de-regalo-y-embalajes","8":"pa_collection-handcrafted-wooden-boxes-trays--buddha-hamsa-collection-es","9":"pa_made-in-india","11":"first","12":"instock","13":"purchasable","14":"product-type-simple"},"supplier_id":null,"supplier_sku":"ETBT-24","barcode":null,"atum_controlled":true,"out_stock_date":null,"out_stock_threshold":null,"inheritable":false,"inbound_stock":null,"stock_on_hold":0,"sold_today":0,"sales_last_days":0,"reserved_stock":null,"customer_returns":null,"warehouse_damage":null,"lost_in_post":null,"other_logs":null,"out_stock_days":0,"lost_sales":0,"has_location":null,"update_date":"2026-04-27T07:02:18","atum_locations":[],"atum_stock_status":"instock","restock_status":false,"low_stock_amount":"","sales_update_date":"2026-01-30T01:24:35","calc_backorders":null,"_links":{"self":[{"href":"https:\/\/aromasentia.com\/es\/wp-json\/wp\/v2\/product\/217994","targetHints":{"allow":["GET"]}}],"collection":[{"href":"https:\/\/aromasentia.com\/es\/wp-json\/wp\/v2\/product"}],"about":[{"href":"https:\/\/aromasentia.com\/es\/wp-json\/wp\/v2\/types\/product"}],"replies":[{"embeddable":true,"href":"https:\/\/aromasentia.com\/es\/wp-json\/wp\/v2\/comments?post=217994"}],"version-history":[{"count":0,"href":"https:\/\/aromasentia.com\/es\/wp-json\/wp\/v2\/product\/217994\/revisions"}],"wp:featuredmedia":[{"embeddable":true,"href":"https:\/\/aromasentia.com\/es\/wp-json\/wp\/v2\/media\/436672"}],"wp:attachment":[{"href":"https:\/\/aromasentia.com\/es\/wp-json\/wp\/v2\/media?parent=217994"}],"wp:term":[{"taxonomy":"product_brand","embeddable":true,"href":"https:\/\/aromasentia.com\/es\/wp-json\/wp\/v2\/product_brand?post=217994"},{"taxonomy":"product_cat","embeddable":true,"href":"https:\/\/aromasentia.com\/es\/wp-json\/wp\/v2\/product_cat?post=217994"},{"taxonomy":"product_tag","embeddable":true,"href":"https:\/\/aromasentia.com\/es\/wp-json\/wp\/v2\/product_tag?post=217994"}],"curies":[{"name":"wp","href":"https:\/\/api.w.org\/{rel}","templated":true}]}}