{"id":217986,"date":"2025-03-23T12:04:43","date_gmt":"2025-03-23T12:04:43","guid":{"rendered":"https:\/\/aromasentia.com\/product\/long-tray-30x15x2-5cm-buddha-face-black-engraved\/"},"modified":"2025-12-30T20:56:33","modified_gmt":"2025-12-30T20:56:33","slug":"bandeja-alargada-30x15x25cm-cara-de-buda-negro","status":"publish","type":"product","link":"https:\/\/aromasentia.com\/es\/bandeja-alargada-30x15x25cm-cara-de-buda-negro\/","title":{"rendered":"Bandeja Alargada 30x15x2,5cm &#8211; Cara de Buda Negro"},"content":{"rendered":"<p>Las bandejas alargadas al por mayor, son un complemento perfecto para decorar espacios con simbolog\u00eda espiritual, ya sean eventos, bodas u hogares de sus clientes \u00a1estas piezas no pasar\u00e1n desapercibidas!<\/p>\n<p>Estas bandejas hechas a mano en la India con madera de mango ser\u00e1n su producto estrella en tiendas como decoraci\u00f3n o producto espirituales.&nbsp;<\/p>\n<p>Aroma Sentia Espa\u00f1a, como su proveedor favorito de art\u00edculos de regalo, garantizamos un comercio junto de los productos artesanales y una calidad que sorprender\u00e1 la experiencia de compra de sus clientes.&nbsp;<\/p>\n","protected":false},"excerpt":{"rendered":"<p>Las bandejas alargadas al por mayor, son un complemento perfecto para decorar espacios con simbolog\u00eda espiritual, ya sean eventos, bodas u hogares de sus clientes \u00a1estas piezas no pasar\u00e1n desapercibidas! Estas bandejas hechas a mano en la India con madera de mango ser\u00e1n su producto estrella en tiendas como decoraci\u00f3n o producto espirituales.&nbsp; Aroma Sentia [&hellip;]<\/p>\n","protected":false},"featured_media":436654,"comment_status":"closed","ping_status":"open","template":"","meta":{"_angie_page":false},"product_brand":[],"product_cat":[14148,14147],"product_tag":[],"class_list":{"0":"post-217986","1":"product","2":"type-product","3":"status-publish","4":"has-post-thumbnail","6":"product_cat-cajas-de-madera","7":"product_cat-cajas-de-regalo-y-embalajes","8":"pa_collection-handcrafted-wooden-boxes-trays--buddha-hamsa-collection-es","9":"pa_made-in-india","11":"first","12":"instock","13":"purchasable","14":"product-type-simple"},"supplier_id":null,"supplier_sku":"ETBT-22","barcode":null,"atum_controlled":true,"out_stock_date":null,"out_stock_threshold":null,"inheritable":false,"inbound_stock":null,"stock_on_hold":0,"sold_today":0,"sales_last_days":0,"reserved_stock":null,"customer_returns":null,"warehouse_damage":null,"lost_in_post":null,"other_logs":null,"out_stock_days":0,"lost_sales":0,"has_location":null,"update_date":"2026-04-27T07:02:18","atum_locations":[],"atum_stock_status":"instock","restock_status":false,"low_stock_amount":"","sales_update_date":"2025-09-03T00:15:24","calc_backorders":null,"_links":{"self":[{"href":"https:\/\/aromasentia.com\/es\/wp-json\/wp\/v2\/product\/217986","targetHints":{"allow":["GET"]}}],"collection":[{"href":"https:\/\/aromasentia.com\/es\/wp-json\/wp\/v2\/product"}],"about":[{"href":"https:\/\/aromasentia.com\/es\/wp-json\/wp\/v2\/types\/product"}],"replies":[{"embeddable":true,"href":"https:\/\/aromasentia.com\/es\/wp-json\/wp\/v2\/comments?post=217986"}],"version-history":[{"count":0,"href":"https:\/\/aromasentia.com\/es\/wp-json\/wp\/v2\/product\/217986\/revisions"}],"wp:featuredmedia":[{"embeddable":true,"href":"https:\/\/aromasentia.com\/es\/wp-json\/wp\/v2\/media\/436654"}],"wp:attachment":[{"href":"https:\/\/aromasentia.com\/es\/wp-json\/wp\/v2\/media?parent=217986"}],"wp:term":[{"taxonomy":"product_brand","embeddable":true,"href":"https:\/\/aromasentia.com\/es\/wp-json\/wp\/v2\/product_brand?post=217986"},{"taxonomy":"product_cat","embeddable":true,"href":"https:\/\/aromasentia.com\/es\/wp-json\/wp\/v2\/product_cat?post=217986"},{"taxonomy":"product_tag","embeddable":true,"href":"https:\/\/aromasentia.com\/es\/wp-json\/wp\/v2\/product_tag?post=217986"}],"curies":[{"name":"wp","href":"https:\/\/api.w.org\/{rel}","templated":true}]}}