{"id":217982,"date":"2025-03-23T12:04:43","date_gmt":"2025-03-23T12:04:43","guid":{"rendered":"https:\/\/aromasentia.com\/product\/long-tray-30x15x2-5cm-buddha-face-whitewash\/"},"modified":"2025-12-30T20:56:33","modified_gmt":"2025-12-30T20:56:33","slug":"bandeja-alargada-30x15x25cm-cara-de-buda-blanco","status":"publish","type":"product","link":"https:\/\/aromasentia.com\/es\/bandeja-alargada-30x15x25cm-cara-de-buda-blanco\/","title":{"rendered":"Bandeja Alargada 30x15x2,5cm &#8211; Cara de Buda Blanco"},"content":{"rendered":"<p>Las bandejas de madera de mango de<strong>&nbsp;Aroma Sentia Espa\u00f1a <\/strong>garantizan un producto de calidad, artesanal y de comercio justo. En ellas, viene grabado s\u00edmbolos espirituales como Buda para satisfacer a los clientes m\u00e1s espirituales.&nbsp;<\/p>\n<p>El grabado de Buda invita a la serenidad. Sus clientes podr\u00e1n usar estas bandejas para decorar espacios como pasillos o las entradas de sus hogares.&nbsp;<\/p>\n<p><strong>Medidas del producto: 30x15x2.5cm<\/strong><\/p>\n<p>Producto artesanal hecho en la India, a partir de madera de mango de calidad, conocida por su bonito veteado, resistencia y durabilidad.&nbsp;<\/p>\n","protected":false},"excerpt":{"rendered":"<p>Las bandejas de madera de mango de&nbsp;Aroma Sentia Espa\u00f1a garantizan un producto de calidad, artesanal y de comercio justo. En ellas, viene grabado s\u00edmbolos espirituales como Buda para satisfacer a los clientes m\u00e1s espirituales.&nbsp; El grabado de Buda invita a la serenidad. Sus clientes podr\u00e1n usar estas bandejas para decorar espacios como pasillos o las [&hellip;]<\/p>\n","protected":false},"featured_media":436645,"comment_status":"closed","ping_status":"open","template":"","meta":{"_angie_page":false},"product_brand":[],"product_cat":[14148,14147],"product_tag":[],"class_list":{"0":"post-217982","1":"product","2":"type-product","3":"status-publish","4":"has-post-thumbnail","6":"product_cat-cajas-de-madera","7":"product_cat-cajas-de-regalo-y-embalajes","8":"pa_collection-handcrafted-wooden-boxes-trays--buddha-hamsa-collection-es","9":"pa_made-in-india","11":"first","12":"instock","13":"purchasable","14":"product-type-simple"},"supplier_id":null,"supplier_sku":"ETBT-21","barcode":null,"atum_controlled":true,"out_stock_date":null,"out_stock_threshold":null,"inheritable":false,"inbound_stock":null,"stock_on_hold":0,"sold_today":0,"sales_last_days":0,"reserved_stock":null,"customer_returns":null,"warehouse_damage":null,"lost_in_post":null,"other_logs":null,"out_stock_days":0,"lost_sales":0,"has_location":null,"update_date":"2026-05-08T05:08:29","atum_locations":[],"atum_stock_status":"instock","restock_status":false,"low_stock_amount":"","sales_update_date":"2026-01-30T01:24:35","calc_backorders":null,"_links":{"self":[{"href":"https:\/\/aromasentia.com\/es\/wp-json\/wp\/v2\/product\/217982","targetHints":{"allow":["GET"]}}],"collection":[{"href":"https:\/\/aromasentia.com\/es\/wp-json\/wp\/v2\/product"}],"about":[{"href":"https:\/\/aromasentia.com\/es\/wp-json\/wp\/v2\/types\/product"}],"replies":[{"embeddable":true,"href":"https:\/\/aromasentia.com\/es\/wp-json\/wp\/v2\/comments?post=217982"}],"version-history":[{"count":0,"href":"https:\/\/aromasentia.com\/es\/wp-json\/wp\/v2\/product\/217982\/revisions"}],"wp:featuredmedia":[{"embeddable":true,"href":"https:\/\/aromasentia.com\/es\/wp-json\/wp\/v2\/media\/436645"}],"wp:attachment":[{"href":"https:\/\/aromasentia.com\/es\/wp-json\/wp\/v2\/media?parent=217982"}],"wp:term":[{"taxonomy":"product_brand","embeddable":true,"href":"https:\/\/aromasentia.com\/es\/wp-json\/wp\/v2\/product_brand?post=217982"},{"taxonomy":"product_cat","embeddable":true,"href":"https:\/\/aromasentia.com\/es\/wp-json\/wp\/v2\/product_cat?post=217982"},{"taxonomy":"product_tag","embeddable":true,"href":"https:\/\/aromasentia.com\/es\/wp-json\/wp\/v2\/product_tag?post=217982"}],"curies":[{"name":"wp","href":"https:\/\/api.w.org\/{rel}","templated":true}]}}