{"id":217978,"date":"2025-03-23T12:04:43","date_gmt":"2025-03-23T12:04:43","guid":{"rendered":"https:\/\/aromasentia.com\/product\/long-tray-30x20-5x2-5cm-hamsa-shape-with-buddha-black-engraved\/"},"modified":"2025-12-30T20:56:33","modified_gmt":"2025-12-30T20:56:33","slug":"bandeja-alargada-30x205x25cm-hamsa-con-buda-negro","status":"publish","type":"product","link":"https:\/\/aromasentia.com\/es\/bandeja-alargada-30x205x25cm-hamsa-con-buda-negro\/","title":{"rendered":"Bandeja Alargada 30&#215;20,5&#215;2,5cm &#8211; Hamsa con Buda Negro"},"content":{"rendered":"<p>La bandeja larga con forma de mano de F\u00e1tima con un Buda grabado en negro de Aroma Sentia Espa\u00f1a es una impresionante pieza artesanal hecha de madera de mango en la India.&nbsp;<\/p>\n<p><strong>Esta bandeja de madera tiene una medida de 30 x 20,5 x 2,5 cm, sirve tanto como colocar objetos personales como como un elemento decorativo significativo.&nbsp;<\/strong><\/p>\n<p>La mano de F\u00e1tima es un s\u00edmbolo de protecci\u00f3n, buena fortuna y energ\u00eda positiva, que se cree que aleja la negatividad y atrae bendiciones.&nbsp;<\/p>\n<p>Por otro lado, la cara de Buda representa la sabidur\u00eda, la atenci\u00f3n plena y la paz interior. Estos dos simbolismos, crean una fusi\u00f3n armoniosa de protecci\u00f3n, iluminaci\u00f3n y serenidad.&nbsp;<\/p>\n","protected":false},"excerpt":{"rendered":"<p>La bandeja larga con forma de mano de F\u00e1tima con un Buda grabado en negro de Aroma Sentia Espa\u00f1a es una impresionante pieza artesanal hecha de madera de mango en la India.&nbsp; Esta bandeja de madera tiene una medida de 30 x 20,5 x 2,5 cm, sirve tanto como colocar objetos personales como como un [&hellip;]<\/p>\n","protected":false},"featured_media":436636,"comment_status":"closed","ping_status":"open","template":"","meta":{"_angie_page":false},"product_brand":[],"product_cat":[14148,14147],"product_tag":[],"class_list":{"0":"post-217978","1":"product","2":"type-product","3":"status-publish","4":"has-post-thumbnail","6":"product_cat-cajas-de-madera","7":"product_cat-cajas-de-regalo-y-embalajes","8":"pa_collection-handcrafted-wooden-boxes-trays--buddha-hamsa-collection-es","9":"pa_made-in-india","11":"first","12":"instock","13":"purchasable","14":"product-type-simple"},"supplier_id":null,"supplier_sku":"ETBT-20","barcode":null,"atum_controlled":true,"out_stock_date":null,"out_stock_threshold":null,"inheritable":false,"inbound_stock":null,"stock_on_hold":0,"sold_today":0,"sales_last_days":0,"reserved_stock":null,"customer_returns":null,"warehouse_damage":null,"lost_in_post":null,"other_logs":null,"out_stock_days":0,"lost_sales":0,"has_location":null,"update_date":"2026-04-27T07:02:18","atum_locations":[],"atum_stock_status":"instock","restock_status":false,"low_stock_amount":"","sales_update_date":"2026-02-06T00:01:34","calc_backorders":null,"_links":{"self":[{"href":"https:\/\/aromasentia.com\/es\/wp-json\/wp\/v2\/product\/217978","targetHints":{"allow":["GET"]}}],"collection":[{"href":"https:\/\/aromasentia.com\/es\/wp-json\/wp\/v2\/product"}],"about":[{"href":"https:\/\/aromasentia.com\/es\/wp-json\/wp\/v2\/types\/product"}],"replies":[{"embeddable":true,"href":"https:\/\/aromasentia.com\/es\/wp-json\/wp\/v2\/comments?post=217978"}],"version-history":[{"count":0,"href":"https:\/\/aromasentia.com\/es\/wp-json\/wp\/v2\/product\/217978\/revisions"}],"wp:featuredmedia":[{"embeddable":true,"href":"https:\/\/aromasentia.com\/es\/wp-json\/wp\/v2\/media\/436636"}],"wp:attachment":[{"href":"https:\/\/aromasentia.com\/es\/wp-json\/wp\/v2\/media?parent=217978"}],"wp:term":[{"taxonomy":"product_brand","embeddable":true,"href":"https:\/\/aromasentia.com\/es\/wp-json\/wp\/v2\/product_brand?post=217978"},{"taxonomy":"product_cat","embeddable":true,"href":"https:\/\/aromasentia.com\/es\/wp-json\/wp\/v2\/product_cat?post=217978"},{"taxonomy":"product_tag","embeddable":true,"href":"https:\/\/aromasentia.com\/es\/wp-json\/wp\/v2\/product_tag?post=217978"}],"curies":[{"name":"wp","href":"https:\/\/api.w.org\/{rel}","templated":true}]}}