{"id":217970,"date":"2025-03-23T12:04:43","date_gmt":"2025-03-23T12:04:43","guid":{"rendered":"https:\/\/aromasentia.com\/product\/long-tray-30x20-5x2-5cm-hamsa-black-engraved\/"},"modified":"2025-12-30T20:56:33","modified_gmt":"2025-12-30T20:56:33","slug":"bandeja-alargada-30x205x25cm-hamsa-negro","status":"publish","type":"product","link":"https:\/\/aromasentia.com\/es\/bandeja-alargada-30x205x25cm-hamsa-negro\/","title":{"rendered":"Bandeja Alargada 30&#215;20,5&#215;2,5cm &#8211; Hamsa Negro"},"content":{"rendered":"<p>Con nuestras bandejas de madera de mango en forma de mano de Hamsa sus clientes no pasar\u00e1n desapercibidos la <strong>calidad y artesan\u00eda<\/strong> de las cajas de almacenamiento de Aroma Sentia Espa\u00f1a&nbsp;<\/p>\n<p><strong>Medidas del producto: 30&#215;20.5&#215;2.5cm.<\/strong><\/p>\n<p>En estas bandejas podr\u00e1s ofrecer un punto clave para colocar objetos como llaves o monederos que usan sus clientes en el d\u00eda a d\u00eda, dejando un lugar&nbsp; lleno de significado espiritual. Convirti\u00e9ndolas en el regalo perfecto para cualquier persona que busque paz interior.&nbsp;<\/p>\n<p>Producto hecho a mano por artesanos expertos en la India.&nbsp;<\/p>\n<p><strong>\u00a1Haz tu pedido al por mayor y empieza a ofrecer productos \u00fanicos!<\/strong><\/p>\n","protected":false},"excerpt":{"rendered":"<p>Con nuestras bandejas de madera de mango en forma de mano de Hamsa sus clientes no pasar\u00e1n desapercibidos la calidad y artesan\u00eda de las cajas de almacenamiento de Aroma Sentia Espa\u00f1a&nbsp; Medidas del producto: 30&#215;20.5&#215;2.5cm. En estas bandejas podr\u00e1s ofrecer un punto clave para colocar objetos como llaves o monederos que usan sus clientes en [&hellip;]<\/p>\n","protected":false},"featured_media":436618,"comment_status":"closed","ping_status":"open","template":"","meta":[],"product_brand":[],"product_cat":[14148,14147],"product_tag":[],"class_list":{"0":"post-217970","1":"product","2":"type-product","3":"status-publish","4":"has-post-thumbnail","6":"product_cat-cajas-de-madera","7":"product_cat-cajas-de-regalo-y-embalajes","8":"pa_collection-handcrafted-wooden-boxes-trays--buddha-hamsa-collection-es","9":"pa_made-in-india","11":"first","12":"instock","13":"purchasable","14":"product-type-simple"},"supplier_id":null,"supplier_sku":"ETBT-18","barcode":null,"atum_controlled":true,"out_stock_date":null,"out_stock_threshold":null,"inheritable":false,"inbound_stock":null,"stock_on_hold":0,"sold_today":0,"sales_last_days":0,"reserved_stock":null,"customer_returns":null,"warehouse_damage":null,"lost_in_post":null,"other_logs":null,"out_stock_days":0,"lost_sales":0,"has_location":null,"update_date":"2026-02-10T08:31:38","atum_locations":[],"atum_stock_status":"instock","restock_status":false,"low_stock_amount":"","sales_update_date":"2026-02-06T00:01:45","calc_backorders":null,"_links":{"self":[{"href":"https:\/\/aromasentia.com\/es\/wp-json\/wp\/v2\/product\/217970","targetHints":{"allow":["GET"]}}],"collection":[{"href":"https:\/\/aromasentia.com\/es\/wp-json\/wp\/v2\/product"}],"about":[{"href":"https:\/\/aromasentia.com\/es\/wp-json\/wp\/v2\/types\/product"}],"replies":[{"embeddable":true,"href":"https:\/\/aromasentia.com\/es\/wp-json\/wp\/v2\/comments?post=217970"}],"version-history":[{"count":0,"href":"https:\/\/aromasentia.com\/es\/wp-json\/wp\/v2\/product\/217970\/revisions"}],"wp:featuredmedia":[{"embeddable":true,"href":"https:\/\/aromasentia.com\/es\/wp-json\/wp\/v2\/media\/436618"}],"wp:attachment":[{"href":"https:\/\/aromasentia.com\/es\/wp-json\/wp\/v2\/media?parent=217970"}],"wp:term":[{"taxonomy":"product_brand","embeddable":true,"href":"https:\/\/aromasentia.com\/es\/wp-json\/wp\/v2\/product_brand?post=217970"},{"taxonomy":"product_cat","embeddable":true,"href":"https:\/\/aromasentia.com\/es\/wp-json\/wp\/v2\/product_cat?post=217970"},{"taxonomy":"product_tag","embeddable":true,"href":"https:\/\/aromasentia.com\/es\/wp-json\/wp\/v2\/product_tag?post=217970"}],"curies":[{"name":"wp","href":"https:\/\/api.w.org\/{rel}","templated":true}]}}