{"id":217966,"date":"2025-03-23T12:04:43","date_gmt":"2025-03-23T12:04:43","guid":{"rendered":"https:\/\/aromasentia.com\/product\/long-tray-30x20-5x2-5cm-hamsa-whitewash\/"},"modified":"2025-12-30T20:56:25","modified_gmt":"2025-12-30T20:56:25","slug":"bandeja-alargada-30x205x25cm-hamsa-blanco","status":"publish","type":"product","link":"https:\/\/aromasentia.com\/es\/bandeja-alargada-30x205x25cm-hamsa-blanco\/","title":{"rendered":"Bandeja Alargada 30&#215;20,5&#215;2,5cm &#8211; Hamsa Blanco"},"content":{"rendered":"<p><strong>\u00a1Destaca tu tienda con las bandejas alargadas de Aroma Sentia con forma de la Mando de Hamsa o tambi\u00e9n conocida como Mano de F\u00e1tima!&nbsp;<\/strong><\/p>\n<p>Estas bandejas tiene un grabado del s\u00edmbolo de la mano de Fat\u00edma, que es un s\u00edmbolo de la buena suerte o bendici\u00f3n. Ideal para colocar accesorios como pendientes o collares.&nbsp;<\/p>\n<p><strong>Medidas del producto 30&#215;20.5&#215;2.5cm<\/strong><\/p>\n<p><strong>Estas bandejas son hechas artesanalmente en la India.&nbsp;<\/strong><\/p>\n<p>No te pierdas la oportunidad de ofrecer a tus clientes un producto tan significativo y hermoso! Compra al por mayor ahora.<\/p>\n","protected":false},"excerpt":{"rendered":"<p>\u00a1Destaca tu tienda con las bandejas alargadas de Aroma Sentia con forma de la Mando de Hamsa o tambi\u00e9n conocida como Mano de F\u00e1tima!&nbsp; Estas bandejas tiene un grabado del s\u00edmbolo de la mano de Fat\u00edma, que es un s\u00edmbolo de la buena suerte o bendici\u00f3n. Ideal para colocar accesorios como pendientes o collares.&nbsp; Medidas [&hellip;]<\/p>\n","protected":false},"featured_media":436609,"comment_status":"closed","ping_status":"open","template":"","meta":[],"product_brand":[],"product_cat":[14148,14147],"product_tag":[],"class_list":{"0":"post-217966","1":"product","2":"type-product","3":"status-publish","4":"has-post-thumbnail","6":"product_cat-cajas-de-madera","7":"product_cat-cajas-de-regalo-y-embalajes","8":"pa_collection-handcrafted-wooden-boxes-trays--buddha-hamsa-collection-es","9":"pa_made-in-india","11":"first","12":"instock","13":"purchasable","14":"product-type-simple"},"supplier_id":null,"supplier_sku":"ETBT-17","barcode":null,"atum_controlled":true,"out_stock_date":null,"out_stock_threshold":null,"inheritable":false,"inbound_stock":null,"stock_on_hold":0,"sold_today":0,"sales_last_days":0,"reserved_stock":null,"customer_returns":null,"warehouse_damage":null,"lost_in_post":null,"other_logs":null,"out_stock_days":0,"lost_sales":0,"has_location":null,"update_date":"2026-02-10T08:27:30","atum_locations":[],"atum_stock_status":"instock","restock_status":false,"low_stock_amount":"","sales_update_date":"2026-02-06T00:01:35","calc_backorders":null,"_links":{"self":[{"href":"https:\/\/aromasentia.com\/es\/wp-json\/wp\/v2\/product\/217966","targetHints":{"allow":["GET"]}}],"collection":[{"href":"https:\/\/aromasentia.com\/es\/wp-json\/wp\/v2\/product"}],"about":[{"href":"https:\/\/aromasentia.com\/es\/wp-json\/wp\/v2\/types\/product"}],"replies":[{"embeddable":true,"href":"https:\/\/aromasentia.com\/es\/wp-json\/wp\/v2\/comments?post=217966"}],"version-history":[{"count":0,"href":"https:\/\/aromasentia.com\/es\/wp-json\/wp\/v2\/product\/217966\/revisions"}],"wp:featuredmedia":[{"embeddable":true,"href":"https:\/\/aromasentia.com\/es\/wp-json\/wp\/v2\/media\/436609"}],"wp:attachment":[{"href":"https:\/\/aromasentia.com\/es\/wp-json\/wp\/v2\/media?parent=217966"}],"wp:term":[{"taxonomy":"product_brand","embeddable":true,"href":"https:\/\/aromasentia.com\/es\/wp-json\/wp\/v2\/product_brand?post=217966"},{"taxonomy":"product_cat","embeddable":true,"href":"https:\/\/aromasentia.com\/es\/wp-json\/wp\/v2\/product_cat?post=217966"},{"taxonomy":"product_tag","embeddable":true,"href":"https:\/\/aromasentia.com\/es\/wp-json\/wp\/v2\/product_tag?post=217966"}],"curies":[{"name":"wp","href":"https:\/\/api.w.org\/{rel}","templated":true}]}}