{"id":217902,"date":"2025-03-23T12:06:49","date_gmt":"2025-03-23T12:06:49","guid":{"rendered":"https:\/\/aromasentia.com\/product\/big-square-trinket-tray-15x15x2-5cm-hop-hare\/"},"modified":"2025-12-30T20:56:18","modified_gmt":"2025-12-30T20:56:18","slug":"bandeja-para-baratijas-cuadrada-grande-15-x-15-x-25-cm-leon","status":"publish","type":"product","link":"https:\/\/aromasentia.com\/es\/bandeja-para-baratijas-cuadrada-grande-15-x-15-x-25-cm-leon\/","title":{"rendered":"Bandeja para Baratijas Cuadrada grande 15 x 15 x 2,5 cm &#8211; Le\u00f3n"},"content":{"rendered":"<p>Ofrezca a sus clientes un producto que les ayudar\u00e1 a tener los objetos personales a la vista y es un lugar seguro.&nbsp;<\/p>\n<p>Con un dise\u00f1o atractivo y funcional, estas bandejas son perfectas para almacenar peque\u00f1os tesoros como pendientes, anillos, monedas o cualquier objeto que desees tener siempre a mano.&nbsp;<\/p>\n<p>El dise\u00f1o que tiene que esta bandeja en esmalte es la de un le\u00f3n y la serpiente. Estos dos animales representan fuerza y poder, adem\u00e1s, de la transformaci\u00f3n interna, el despertar espiritual y la sabidur\u00eda adquirida a trav\u00e9s del desaf\u00edo.&nbsp;<\/p>\n<p><strong>Producto hecho a mano en la India. <\/strong><\/p>\n<p>Medidas del producto: 15x15x2.5 cm<\/p>\n<p><strong>\u00a1A\u00f1ade una bandeja de madera esmaltada a tu hogar y disfruta del orden con estilo!<\/strong><\/p>\n","protected":false},"excerpt":{"rendered":"<p>Ofrezca a sus clientes un producto que les ayudar\u00e1 a tener los objetos personales a la vista y es un lugar seguro.&nbsp; Con un dise\u00f1o atractivo y funcional, estas bandejas son perfectas para almacenar peque\u00f1os tesoros como pendientes, anillos, monedas o cualquier objeto que desees tener siempre a mano.&nbsp; El dise\u00f1o que tiene que esta [&hellip;]<\/p>\n","protected":false},"featured_media":437621,"comment_status":"closed","ping_status":"open","template":"","meta":{"_angie_page":false},"product_brand":[27117],"product_cat":[14148,14147],"product_tag":[],"class_list":{"0":"post-217902","1":"product","2":"type-product","3":"status-publish","4":"has-post-thumbnail","6":"product_brand-hop-hare","7":"product_cat-cajas-de-madera","8":"product_cat-cajas-de-regalo-y-embalajes","9":"pa_collection-enamelled-wooden-trays-and-boxes-es","10":"pa_made-in-india","12":"first","13":"instock","14":"purchasable","15":"product-type-simple"},"supplier_id":null,"supplier_sku":"HHENBT-07","barcode":null,"atum_controlled":true,"out_stock_date":null,"out_stock_threshold":null,"inheritable":false,"inbound_stock":null,"stock_on_hold":0,"sold_today":0,"sales_last_days":0,"reserved_stock":null,"customer_returns":null,"warehouse_damage":null,"lost_in_post":null,"other_logs":null,"out_stock_days":0,"lost_sales":0,"has_location":null,"update_date":"2026-04-27T07:07:19","atum_locations":[],"atum_stock_status":"instock","restock_status":false,"low_stock_amount":"","sales_update_date":"2026-01-30T01:26:18","calc_backorders":null,"_links":{"self":[{"href":"https:\/\/aromasentia.com\/es\/wp-json\/wp\/v2\/product\/217902","targetHints":{"allow":["GET"]}}],"collection":[{"href":"https:\/\/aromasentia.com\/es\/wp-json\/wp\/v2\/product"}],"about":[{"href":"https:\/\/aromasentia.com\/es\/wp-json\/wp\/v2\/types\/product"}],"replies":[{"embeddable":true,"href":"https:\/\/aromasentia.com\/es\/wp-json\/wp\/v2\/comments?post=217902"}],"version-history":[{"count":0,"href":"https:\/\/aromasentia.com\/es\/wp-json\/wp\/v2\/product\/217902\/revisions"}],"wp:featuredmedia":[{"embeddable":true,"href":"https:\/\/aromasentia.com\/es\/wp-json\/wp\/v2\/media\/437621"}],"wp:attachment":[{"href":"https:\/\/aromasentia.com\/es\/wp-json\/wp\/v2\/media?parent=217902"}],"wp:term":[{"taxonomy":"product_brand","embeddable":true,"href":"https:\/\/aromasentia.com\/es\/wp-json\/wp\/v2\/product_brand?post=217902"},{"taxonomy":"product_cat","embeddable":true,"href":"https:\/\/aromasentia.com\/es\/wp-json\/wp\/v2\/product_cat?post=217902"},{"taxonomy":"product_tag","embeddable":true,"href":"https:\/\/aromasentia.com\/es\/wp-json\/wp\/v2\/product_tag?post=217902"}],"curies":[{"name":"wp","href":"https:\/\/api.w.org\/{rel}","templated":true}]}}