{"id":217898,"date":"2025-03-23T12:06:49","date_gmt":"2025-03-23T12:06:49","guid":{"rendered":"https:\/\/aromasentia.com\/product\/big-square-box-15x17-5x8cm-hop-hare-2\/"},"modified":"2025-12-30T20:56:18","modified_gmt":"2025-12-30T20:56:18","slug":"caja-cuadrada-grande-15-x-175-x-8-cm-leon","status":"publish","type":"product","link":"https:\/\/aromasentia.com\/es\/caja-cuadrada-grande-15-x-175-x-8-cm-leon\/","title":{"rendered":"Caja Cuadrada Grande 15 x 17,5 x 8 cm &#8211; Le\u00f3n"},"content":{"rendered":"<p>Revenda las cajas de madera de <strong>Aroma Sentia Espa\u00f1a<\/strong>, que son perfectas para crear regalos innovadores y elegantes para cualquier ocasi\u00f3n.&nbsp;<\/p>\n<p>Ofrezca ideas a sus clientes para incluir <strong>detalles personalizados<\/strong> dentro de estas cajas, como velas arom\u00e1ticas, aceites esenciales o cristales, podr\u00e1 crear regalos que no solo sean \u00fatiles, sino tambi\u00e9n con significado.&nbsp;<\/p>\n<p><strong>Producto hecho a mano en la India.<\/strong><\/p>\n<p>El <strong>dise\u00f1o <\/strong>que tiene que esta caja en esmalte es la de un le\u00f3n y la serpiente. Estos dos animales representan fuerza y poder, adem\u00e1s, de la transformaci\u00f3n interna, el despertar espiritual y la sabidur\u00eda adquirida a trav\u00e9s del desaf\u00edo. El <strong>le\u00f3n <\/strong>representa el coraje, la capacidad de enfrentarse a desaf\u00edos sin miedo mientras que la <strong>serpiente <\/strong>es un s\u00edmbolo fuerte de transformaci\u00f3n debido a su capacidad para mudar su piel.&nbsp;<\/p>\n<p><strong>Medidas del producto 15&#215;17.5&#215;8 cm<\/strong><\/p>\n<p><strong>El toque artesanal y ecol\u00f3gico de las cajas las convierte en un regalo perfecto para quienes buscan algo diferente y \u00fanico.&nbsp;<\/strong><\/p>\n","protected":false},"excerpt":{"rendered":"<p>Revenda las cajas de madera de Aroma Sentia Espa\u00f1a, que son perfectas para crear regalos innovadores y elegantes para cualquier ocasi\u00f3n.&nbsp; Ofrezca ideas a sus clientes para incluir detalles personalizados dentro de estas cajas, como velas arom\u00e1ticas, aceites esenciales o cristales, podr\u00e1 crear regalos que no solo sean \u00fatiles, sino tambi\u00e9n con significado.&nbsp; Producto hecho [&hellip;]<\/p>\n","protected":false},"featured_media":437604,"comment_status":"closed","ping_status":"open","template":"","meta":{"_angie_page":false},"product_brand":[27117],"product_cat":[14148,14147],"product_tag":[],"class_list":{"0":"post-217898","1":"product","2":"type-product","3":"status-publish","4":"has-post-thumbnail","6":"product_brand-hop-hare","7":"product_cat-cajas-de-madera","8":"product_cat-cajas-de-regalo-y-embalajes","9":"pa_collection-enamelled-wooden-trays-and-boxes-es","10":"pa_made-in-india","12":"first","13":"instock","14":"purchasable","15":"product-type-simple"},"supplier_id":null,"supplier_sku":"HHENBT-06","barcode":null,"atum_controlled":true,"out_stock_date":null,"out_stock_threshold":null,"inheritable":false,"inbound_stock":null,"stock_on_hold":0,"sold_today":0,"sales_last_days":0,"reserved_stock":null,"customer_returns":null,"warehouse_damage":null,"lost_in_post":null,"other_logs":null,"out_stock_days":0,"lost_sales":0,"has_location":null,"update_date":"2026-04-27T07:07:19","atum_locations":[],"atum_stock_status":"instock","restock_status":false,"low_stock_amount":"","sales_update_date":"2026-02-06T00:00:47","calc_backorders":null,"_links":{"self":[{"href":"https:\/\/aromasentia.com\/es\/wp-json\/wp\/v2\/product\/217898","targetHints":{"allow":["GET"]}}],"collection":[{"href":"https:\/\/aromasentia.com\/es\/wp-json\/wp\/v2\/product"}],"about":[{"href":"https:\/\/aromasentia.com\/es\/wp-json\/wp\/v2\/types\/product"}],"replies":[{"embeddable":true,"href":"https:\/\/aromasentia.com\/es\/wp-json\/wp\/v2\/comments?post=217898"}],"version-history":[{"count":0,"href":"https:\/\/aromasentia.com\/es\/wp-json\/wp\/v2\/product\/217898\/revisions"}],"wp:featuredmedia":[{"embeddable":true,"href":"https:\/\/aromasentia.com\/es\/wp-json\/wp\/v2\/media\/437604"}],"wp:attachment":[{"href":"https:\/\/aromasentia.com\/es\/wp-json\/wp\/v2\/media?parent=217898"}],"wp:term":[{"taxonomy":"product_brand","embeddable":true,"href":"https:\/\/aromasentia.com\/es\/wp-json\/wp\/v2\/product_brand?post=217898"},{"taxonomy":"product_cat","embeddable":true,"href":"https:\/\/aromasentia.com\/es\/wp-json\/wp\/v2\/product_cat?post=217898"},{"taxonomy":"product_tag","embeddable":true,"href":"https:\/\/aromasentia.com\/es\/wp-json\/wp\/v2\/product_tag?post=217898"}],"curies":[{"name":"wp","href":"https:\/\/api.w.org\/{rel}","templated":true}]}}