{"id":217890,"date":"2025-03-23T12:06:49","date_gmt":"2025-03-23T12:06:49","guid":{"rendered":"https:\/\/aromasentia.com\/product\/med-square-box-13-5x13-5x6cm-hop-hare-2\/"},"modified":"2025-12-30T20:56:18","modified_gmt":"2025-12-30T20:56:18","slug":"caja-cuadrada-mediana-135-x-135-x-6-cm-lobo-luna","status":"publish","type":"product","link":"https:\/\/aromasentia.com\/es\/caja-cuadrada-mediana-135-x-135-x-6-cm-lobo-luna\/","title":{"rendered":"Caja Cuadrada Mediana 13,5 x 13,5 x 6 cm &#8211; Lobo &#038; Luna"},"content":{"rendered":"<p>Deleite a sus clientes con las cajas de <strong>Aroma Sentia Espa\u00f1a<\/strong>, gracias a sus dise\u00f1os \u00fanicos. Estas cajas son hechas a mano en la India. Elaboradas a partir de madera de mango, conocida por su durabilidad y belleza.<\/p>\n<p>El dise\u00f1o de esta caja evocan conceptos de fuerza, libertad, misterio y conexi\u00f3n espiritual Los lobos son conocidos por su independencia y la luna representa el ciclo de la vida, el cambio y la transformaci\u00f3n. Juntos pueden representar una traves\u00eda hacia la transformaci\u00f3n personal.&nbsp;<\/p>\n<p><strong>Medidas del producto 13.5&#215;13.5&#215;6 cm&nbsp;<\/strong><\/p>\n<p>No espere m\u00e1s, haga que su marca se destaque con nuestras cajas de madera de mango y haga su pedido al por mayor hoy mismo!<\/p>\n","protected":false},"excerpt":{"rendered":"<p>Deleite a sus clientes con las cajas de Aroma Sentia Espa\u00f1a, gracias a sus dise\u00f1os \u00fanicos. Estas cajas son hechas a mano en la India. Elaboradas a partir de madera de mango, conocida por su durabilidad y belleza. El dise\u00f1o de esta caja evocan conceptos de fuerza, libertad, misterio y conexi\u00f3n espiritual Los lobos son [&hellip;]<\/p>\n","protected":false},"featured_media":437570,"comment_status":"closed","ping_status":"open","template":"","meta":{"_angie_page":false},"product_brand":[27117],"product_cat":[14148,14147],"product_tag":[],"class_list":{"0":"post-217890","1":"product","2":"type-product","3":"status-publish","4":"has-post-thumbnail","6":"product_brand-hop-hare","7":"product_cat-cajas-de-madera","8":"product_cat-cajas-de-regalo-y-embalajes","9":"pa_collection-enamelled-wooden-trays-and-boxes-es","10":"pa_made-in-india","12":"first","13":"instock","14":"purchasable","15":"product-type-simple"},"supplier_id":null,"supplier_sku":"HHENBT-04","barcode":null,"atum_controlled":true,"out_stock_date":null,"out_stock_threshold":null,"inheritable":false,"inbound_stock":null,"stock_on_hold":0,"sold_today":0,"sales_last_days":0,"reserved_stock":null,"customer_returns":null,"warehouse_damage":null,"lost_in_post":null,"other_logs":null,"out_stock_days":0,"lost_sales":0,"has_location":null,"update_date":"2026-04-27T07:07:19","atum_locations":[],"atum_stock_status":"instock","restock_status":false,"low_stock_amount":"","sales_update_date":"2026-01-30T01:24:31","calc_backorders":null,"_links":{"self":[{"href":"https:\/\/aromasentia.com\/es\/wp-json\/wp\/v2\/product\/217890","targetHints":{"allow":["GET"]}}],"collection":[{"href":"https:\/\/aromasentia.com\/es\/wp-json\/wp\/v2\/product"}],"about":[{"href":"https:\/\/aromasentia.com\/es\/wp-json\/wp\/v2\/types\/product"}],"replies":[{"embeddable":true,"href":"https:\/\/aromasentia.com\/es\/wp-json\/wp\/v2\/comments?post=217890"}],"version-history":[{"count":0,"href":"https:\/\/aromasentia.com\/es\/wp-json\/wp\/v2\/product\/217890\/revisions"}],"wp:featuredmedia":[{"embeddable":true,"href":"https:\/\/aromasentia.com\/es\/wp-json\/wp\/v2\/media\/437570"}],"wp:attachment":[{"href":"https:\/\/aromasentia.com\/es\/wp-json\/wp\/v2\/media?parent=217890"}],"wp:term":[{"taxonomy":"product_brand","embeddable":true,"href":"https:\/\/aromasentia.com\/es\/wp-json\/wp\/v2\/product_brand?post=217890"},{"taxonomy":"product_cat","embeddable":true,"href":"https:\/\/aromasentia.com\/es\/wp-json\/wp\/v2\/product_cat?post=217890"},{"taxonomy":"product_tag","embeddable":true,"href":"https:\/\/aromasentia.com\/es\/wp-json\/wp\/v2\/product_tag?post=217890"}],"curies":[{"name":"wp","href":"https:\/\/api.w.org\/{rel}","templated":true}]}}