{"id":217886,"date":"2025-03-23T12:06:49","date_gmt":"2025-03-23T12:06:49","guid":{"rendered":"https:\/\/aromasentia.com\/product\/med-square-box-13-5x13-5x6cm-hop-hare\/"},"modified":"2025-12-30T20:56:10","modified_gmt":"2025-12-30T20:56:10","slug":"caja-cuadrada-mediana-135-x-135-x-6-cm-sol-luna","status":"publish","type":"product","link":"https:\/\/aromasentia.com\/es\/caja-cuadrada-mediana-135-x-135-x-6-cm-sol-luna\/","title":{"rendered":"Caja Cuadrada Mediana 13,5 x 13,5 x 6 cm &#8211; Sol &#038; Luna"},"content":{"rendered":"<p>Las cajas de madera de mango artesanales decoradas con esmalte y son la opci\u00f3n perfecta para revender en tiendas de decoraci\u00f3n del hogar, boutiques y minoristas en general.&nbsp;<\/p>\n<p><strong>Su dise\u00f1o del sol y las fases lunares lo convierte en un art\u00edculo vers\u00e1til que puede servir tanto como elemento de almacenamiento como pieza decorativa.<\/strong><\/p>\n<p>La combinaci\u00f3n del dise\u00f1o del sol y las fases lunares crea una poderosa dualidad que refleja el balance entre dos energ\u00edas complementarias, pero opuestas. Juntos, representan el ciclo completo de la vida, la energ\u00eda masculina y femenina, lo consciente y lo inconsciente.<\/p>\n<p>Medidas del producto 13.5&#215;13.5&#215;6 cm<\/p>\n<p><strong>\u00a1Compre al por mayor ahora las cajas de madera de Aroma Sentia Espa\u00f1a y aumente las ventas en su tienda!<\/strong><\/p>\n","protected":false},"excerpt":{"rendered":"<p>Las cajas de madera de mango artesanales decoradas con esmalte y son la opci\u00f3n perfecta para revender en tiendas de decoraci\u00f3n del hogar, boutiques y minoristas en general.&nbsp; Su dise\u00f1o del sol y las fases lunares lo convierte en un art\u00edculo vers\u00e1til que puede servir tanto como elemento de almacenamiento como pieza decorativa. La combinaci\u00f3n [&hellip;]<\/p>\n","protected":false},"featured_media":437553,"comment_status":"closed","ping_status":"open","template":"","meta":[],"product_brand":[27117],"product_cat":[14148,14147],"product_tag":[],"class_list":{"0":"post-217886","1":"product","2":"type-product","3":"status-publish","4":"has-post-thumbnail","6":"product_brand-hop-hare","7":"product_cat-cajas-de-madera","8":"product_cat-cajas-de-regalo-y-embalajes","9":"pa_collection-enamelled-wooden-trays-and-boxes-es","10":"pa_made-in-india","12":"first","13":"instock","14":"purchasable","15":"product-type-simple"},"supplier_id":null,"supplier_sku":"HHENBT-03","barcode":null,"atum_controlled":true,"out_stock_date":null,"out_stock_threshold":null,"inheritable":false,"inbound_stock":null,"stock_on_hold":0,"sold_today":0,"sales_last_days":0,"reserved_stock":null,"customer_returns":null,"warehouse_damage":null,"lost_in_post":null,"other_logs":null,"out_stock_days":0,"lost_sales":0,"has_location":null,"update_date":"2026-01-30T01:24:36","atum_locations":[],"atum_stock_status":"instock","restock_status":false,"low_stock_amount":"","sales_update_date":"2026-01-30T01:24:36","calc_backorders":null,"_links":{"self":[{"href":"https:\/\/aromasentia.com\/es\/wp-json\/wp\/v2\/product\/217886","targetHints":{"allow":["GET"]}}],"collection":[{"href":"https:\/\/aromasentia.com\/es\/wp-json\/wp\/v2\/product"}],"about":[{"href":"https:\/\/aromasentia.com\/es\/wp-json\/wp\/v2\/types\/product"}],"replies":[{"embeddable":true,"href":"https:\/\/aromasentia.com\/es\/wp-json\/wp\/v2\/comments?post=217886"}],"version-history":[{"count":0,"href":"https:\/\/aromasentia.com\/es\/wp-json\/wp\/v2\/product\/217886\/revisions"}],"wp:featuredmedia":[{"embeddable":true,"href":"https:\/\/aromasentia.com\/es\/wp-json\/wp\/v2\/media\/437553"}],"wp:attachment":[{"href":"https:\/\/aromasentia.com\/es\/wp-json\/wp\/v2\/media?parent=217886"}],"wp:term":[{"taxonomy":"product_brand","embeddable":true,"href":"https:\/\/aromasentia.com\/es\/wp-json\/wp\/v2\/product_brand?post=217886"},{"taxonomy":"product_cat","embeddable":true,"href":"https:\/\/aromasentia.com\/es\/wp-json\/wp\/v2\/product_cat?post=217886"},{"taxonomy":"product_tag","embeddable":true,"href":"https:\/\/aromasentia.com\/es\/wp-json\/wp\/v2\/product_tag?post=217886"}],"curies":[{"name":"wp","href":"https:\/\/api.w.org\/{rel}","templated":true}]}}