{"id":217878,"date":"2025-03-23T12:06:49","date_gmt":"2025-03-23T12:06:49","guid":{"rendered":"https:\/\/aromasentia.com\/product\/small-enameled-square-box-10x10x4-2cm-hop-hare\/"},"modified":"2025-12-30T20:56:10","modified_gmt":"2025-12-30T20:56:10","slug":"caja-cuadrada-pequena-10-x-10-x-42-cm-cupido-corazon","status":"publish","type":"product","link":"https:\/\/aromasentia.com\/es\/caja-cuadrada-pequena-10-x-10-x-42-cm-cupido-corazon\/","title":{"rendered":"Caja cuadrada Peque\u00f1a 10 x 10 x 4,2 cm &#8211; Cupido &#038; Coraz\u00f3n"},"content":{"rendered":"<p>Descubre las cajas de madera en tama\u00f1o peque\u00f1o de <strong>Aroma Sentia Espa\u00f1a.&nbsp;<\/strong>Estas cajas tienen un dise\u00f1o de esmalte de de coraz\u00f3n y cupido ideales para revender a empresas que \u00a1buscan productos hechos a mano y diferente al resto!<\/p>\n<p>Esta caja evoca al amor, ideal para regalar en cualquier momento en que se desee expresar amor y aprecio como navidad, d\u00eda de cumplea\u00f1os o san Valent\u00edn.<\/p>\n<p><strong>Medidas del producto: 10x10x4.2 cm<\/strong><\/p>\n<p><strong>Producto hecho a mano en la India.<\/strong><\/p>\n","protected":false},"excerpt":{"rendered":"<p>Descubre las cajas de madera en tama\u00f1o peque\u00f1o de Aroma Sentia Espa\u00f1a.&nbsp;Estas cajas tienen un dise\u00f1o de esmalte de de coraz\u00f3n y cupido ideales para revender a empresas que \u00a1buscan productos hechos a mano y diferente al resto! Esta caja evoca al amor, ideal para regalar en cualquier momento en que se desee expresar amor [&hellip;]<\/p>\n","protected":false},"featured_media":437519,"comment_status":"closed","ping_status":"open","template":"","meta":{"_angie_page":false},"product_brand":[27117],"product_cat":[14148,14147],"product_tag":[],"class_list":{"0":"post-217878","1":"product","2":"type-product","3":"status-publish","4":"has-post-thumbnail","6":"product_brand-hop-hare","7":"product_cat-cajas-de-madera","8":"product_cat-cajas-de-regalo-y-embalajes","9":"pa_collection-enamelled-wooden-trays-and-boxes-es","10":"pa_made-in-india","12":"first","13":"instock","14":"purchasable","15":"product-type-simple"},"supplier_id":null,"supplier_sku":"HHENBT-01","barcode":null,"atum_controlled":true,"out_stock_date":null,"out_stock_threshold":null,"inheritable":false,"inbound_stock":null,"stock_on_hold":0,"sold_today":0,"sales_last_days":0,"reserved_stock":null,"customer_returns":null,"warehouse_damage":null,"lost_in_post":null,"other_logs":null,"out_stock_days":0,"lost_sales":0,"has_location":null,"update_date":"2026-04-27T07:07:11","atum_locations":[],"atum_stock_status":"instock","restock_status":false,"low_stock_amount":"","sales_update_date":"2026-01-30T01:26:28","calc_backorders":null,"_links":{"self":[{"href":"https:\/\/aromasentia.com\/es\/wp-json\/wp\/v2\/product\/217878","targetHints":{"allow":["GET"]}}],"collection":[{"href":"https:\/\/aromasentia.com\/es\/wp-json\/wp\/v2\/product"}],"about":[{"href":"https:\/\/aromasentia.com\/es\/wp-json\/wp\/v2\/types\/product"}],"replies":[{"embeddable":true,"href":"https:\/\/aromasentia.com\/es\/wp-json\/wp\/v2\/comments?post=217878"}],"version-history":[{"count":0,"href":"https:\/\/aromasentia.com\/es\/wp-json\/wp\/v2\/product\/217878\/revisions"}],"wp:featuredmedia":[{"embeddable":true,"href":"https:\/\/aromasentia.com\/es\/wp-json\/wp\/v2\/media\/437519"}],"wp:attachment":[{"href":"https:\/\/aromasentia.com\/es\/wp-json\/wp\/v2\/media?parent=217878"}],"wp:term":[{"taxonomy":"product_brand","embeddable":true,"href":"https:\/\/aromasentia.com\/es\/wp-json\/wp\/v2\/product_brand?post=217878"},{"taxonomy":"product_cat","embeddable":true,"href":"https:\/\/aromasentia.com\/es\/wp-json\/wp\/v2\/product_cat?post=217878"},{"taxonomy":"product_tag","embeddable":true,"href":"https:\/\/aromasentia.com\/es\/wp-json\/wp\/v2\/product_tag?post=217878"}],"curies":[{"name":"wp","href":"https:\/\/api.w.org\/{rel}","templated":true}]}}