{"id":217794,"date":"2025-03-23T12:07:48","date_gmt":"2025-03-23T12:07:48","guid":{"rendered":"https:\/\/aromasentia.com\/product\/double-trinket-tray-20x10x2-5cm-hop-hare-2\/"},"modified":"2025-12-30T20:55:56","modified_gmt":"2025-12-30T20:55:56","slug":"bandeja-para-baratijas-doble-20-x-10-x-25-cm-sol-luna","status":"publish","type":"product","link":"https:\/\/aromasentia.com\/es\/bandeja-para-baratijas-doble-20-x-10-x-25-cm-sol-luna\/","title":{"rendered":"Bandeja para Baratijas doble 20 x 10 x 2,5 cm &#8211; Sol &#038; Luna"},"content":{"rendered":"<p><strong>\u00bfBuscas productos esot\u00e9ricos pero que sean a la vez pr\u00e1cticos?<\/strong> Descubre las bandejas de madera al por mayor, de<strong>&nbsp;A<\/strong><strong>W Artisan Espa\u00f1a.&nbsp;<\/strong><\/p>\n<p>Estas bandejas cuentan con un dise\u00f1o esmaltado donde se pueden ver el sol y la luna, estos dos elementos representan las fuerzas opuestas de la vida: el sol es masculino, activo y expansivo, mientras que la luna es femenina, pasiva y receptiva. Juntos, representan el equilibrio perfecto.<\/p>\n<p>Medidas del producto: 20x10x2.5cm<\/p>\n<p><strong>\u00a1Un producto artesanal, perfecto para los clientes m\u00e1s esot\u00e9ricos que quieran adornar sus espacios!<\/strong><\/p>\n","protected":false},"excerpt":{"rendered":"<p>\u00bfBuscas productos esot\u00e9ricos pero que sean a la vez pr\u00e1cticos? Descubre las bandejas de madera al por mayor, de&nbsp;AW Artisan Espa\u00f1a.&nbsp; Estas bandejas cuentan con un dise\u00f1o esmaltado donde se pueden ver el sol y la luna, estos dos elementos representan las fuerzas opuestas de la vida: el sol es masculino, activo y expansivo, mientras [&hellip;]<\/p>\n","protected":false},"featured_media":437680,"comment_status":"closed","ping_status":"open","template":"","meta":{"_angie_page":false},"product_brand":[27117],"product_cat":[14148,14147],"product_tag":[],"class_list":{"0":"post-217794","1":"product","2":"type-product","3":"status-publish","4":"has-post-thumbnail","6":"product_brand-hop-hare","7":"product_cat-cajas-de-madera","8":"product_cat-cajas-de-regalo-y-embalajes","9":"pa_collection-enamelled-wooden-trays-and-boxes-es","10":"pa_made-in-india","12":"first","13":"instock","14":"purchasable","15":"product-type-simple"},"supplier_id":null,"supplier_sku":"HHENBT-10","barcode":null,"atum_controlled":true,"out_stock_date":null,"out_stock_threshold":null,"inheritable":false,"inbound_stock":null,"stock_on_hold":0,"sold_today":0,"sales_last_days":0,"reserved_stock":null,"customer_returns":null,"warehouse_damage":null,"lost_in_post":null,"other_logs":null,"out_stock_days":0,"lost_sales":0,"has_location":null,"update_date":"2026-04-27T07:07:19","atum_locations":[],"atum_stock_status":"instock","restock_status":false,"low_stock_amount":"","sales_update_date":"2026-02-06T00:01:15","calc_backorders":null,"_links":{"self":[{"href":"https:\/\/aromasentia.com\/es\/wp-json\/wp\/v2\/product\/217794","targetHints":{"allow":["GET"]}}],"collection":[{"href":"https:\/\/aromasentia.com\/es\/wp-json\/wp\/v2\/product"}],"about":[{"href":"https:\/\/aromasentia.com\/es\/wp-json\/wp\/v2\/types\/product"}],"replies":[{"embeddable":true,"href":"https:\/\/aromasentia.com\/es\/wp-json\/wp\/v2\/comments?post=217794"}],"version-history":[{"count":0,"href":"https:\/\/aromasentia.com\/es\/wp-json\/wp\/v2\/product\/217794\/revisions"}],"wp:featuredmedia":[{"embeddable":true,"href":"https:\/\/aromasentia.com\/es\/wp-json\/wp\/v2\/media\/437680"}],"wp:attachment":[{"href":"https:\/\/aromasentia.com\/es\/wp-json\/wp\/v2\/media?parent=217794"}],"wp:term":[{"taxonomy":"product_brand","embeddable":true,"href":"https:\/\/aromasentia.com\/es\/wp-json\/wp\/v2\/product_brand?post=217794"},{"taxonomy":"product_cat","embeddable":true,"href":"https:\/\/aromasentia.com\/es\/wp-json\/wp\/v2\/product_cat?post=217794"},{"taxonomy":"product_tag","embeddable":true,"href":"https:\/\/aromasentia.com\/es\/wp-json\/wp\/v2\/product_tag?post=217794"}],"curies":[{"name":"wp","href":"https:\/\/api.w.org\/{rel}","templated":true}]}}