{"id":217790,"date":"2025-03-23T12:07:48","date_gmt":"2025-03-23T12:07:48","guid":{"rendered":"https:\/\/aromasentia.com\/product\/double-trinket-tray-20x10x2-5cm-hop-hare\/"},"modified":"2025-12-30T20:55:56","modified_gmt":"2025-12-30T20:55:56","slug":"bandeja-para-baratijas-doble-20-x-10-x-25-cm-leon-corazones","status":"publish","type":"product","link":"https:\/\/aromasentia.com\/es\/bandeja-para-baratijas-doble-20-x-10-x-25-cm-leon-corazones\/","title":{"rendered":"Bandeja para Baratijas doble 20 x 10 x 2,5 cm &#8211; Le\u00f3n &#038; Corazones"},"content":{"rendered":"<p>Explora las bandejas de madera dobles de <strong>Aroma Sentia Espa\u00f1a<\/strong>, con un tama\u00f1o m\u00e1s grande, con un tama\u00f1o de 20x10x2.5cm &nbsp;para que sus clientes puedan colocar los objetos del d\u00eda a d\u00eda, como llaves, monederos o accesorios.&nbsp;<\/p>\n<p>El dise\u00f1o de esta bandeja es una variaci\u00f3n, entre cupido y el le\u00f3n. Un s\u00edmbolo del amor al lado, el s\u00edmbolo de la fuerza y la transformaci\u00f3n, dos energ\u00edas muy fuertes y potentes.&nbsp;<\/p>\n<p>Producto artesanal, elaborado en la India.<\/p>\n<p><strong>\u00a1Combine estas bandejas con sus cajas y crea un pack de productos de almacenamiento exclusivo! \u2b07\ufe0f<\/strong><\/p>\n","protected":false},"excerpt":{"rendered":"<p>Explora las bandejas de madera dobles de Aroma Sentia Espa\u00f1a, con un tama\u00f1o m\u00e1s grande, con un tama\u00f1o de 20x10x2.5cm &nbsp;para que sus clientes puedan colocar los objetos del d\u00eda a d\u00eda, como llaves, monederos o accesorios.&nbsp; El dise\u00f1o de esta bandeja es una variaci\u00f3n, entre cupido y el le\u00f3n. Un s\u00edmbolo del amor al [&hellip;]<\/p>\n","protected":false},"featured_media":437647,"comment_status":"closed","ping_status":"open","template":"","meta":{"_angie_page":false},"product_brand":[27117],"product_cat":[14148,14147],"product_tag":[],"class_list":{"0":"post-217790","1":"product","2":"type-product","3":"status-publish","4":"has-post-thumbnail","6":"product_brand-hop-hare","7":"product_cat-cajas-de-madera","8":"product_cat-cajas-de-regalo-y-embalajes","9":"pa_collection-enamelled-wooden-trays-and-boxes-es","10":"pa_made-in-india","12":"first","13":"instock","14":"purchasable","15":"product-type-simple"},"supplier_id":null,"supplier_sku":"HHENBT-09","barcode":null,"atum_controlled":true,"out_stock_date":null,"out_stock_threshold":null,"inheritable":false,"inbound_stock":null,"stock_on_hold":0,"sold_today":0,"sales_last_days":0,"reserved_stock":null,"customer_returns":null,"warehouse_damage":null,"lost_in_post":null,"other_logs":null,"out_stock_days":0,"lost_sales":0,"has_location":null,"update_date":"2026-04-27T07:07:19","atum_locations":[],"atum_stock_status":"instock","restock_status":false,"low_stock_amount":"","sales_update_date":"2026-01-30T01:26:16","calc_backorders":null,"_links":{"self":[{"href":"https:\/\/aromasentia.com\/es\/wp-json\/wp\/v2\/product\/217790","targetHints":{"allow":["GET"]}}],"collection":[{"href":"https:\/\/aromasentia.com\/es\/wp-json\/wp\/v2\/product"}],"about":[{"href":"https:\/\/aromasentia.com\/es\/wp-json\/wp\/v2\/types\/product"}],"replies":[{"embeddable":true,"href":"https:\/\/aromasentia.com\/es\/wp-json\/wp\/v2\/comments?post=217790"}],"version-history":[{"count":0,"href":"https:\/\/aromasentia.com\/es\/wp-json\/wp\/v2\/product\/217790\/revisions"}],"wp:featuredmedia":[{"embeddable":true,"href":"https:\/\/aromasentia.com\/es\/wp-json\/wp\/v2\/media\/437647"}],"wp:attachment":[{"href":"https:\/\/aromasentia.com\/es\/wp-json\/wp\/v2\/media?parent=217790"}],"wp:term":[{"taxonomy":"product_brand","embeddable":true,"href":"https:\/\/aromasentia.com\/es\/wp-json\/wp\/v2\/product_brand?post=217790"},{"taxonomy":"product_cat","embeddable":true,"href":"https:\/\/aromasentia.com\/es\/wp-json\/wp\/v2\/product_cat?post=217790"},{"taxonomy":"product_tag","embeddable":true,"href":"https:\/\/aromasentia.com\/es\/wp-json\/wp\/v2\/product_tag?post=217790"}],"curies":[{"name":"wp","href":"https:\/\/api.w.org\/{rel}","templated":true}]}}