{"id":217786,"date":"2025-03-23T12:07:48","date_gmt":"2025-03-23T12:07:48","guid":{"rendered":"https:\/\/aromasentia.com\/product\/big-square-trinket-tray-15x15x2-5cm-hop-hare-2\/"},"modified":"2025-12-30T20:55:56","modified_gmt":"2025-12-30T20:55:56","slug":"bandeja-para-baratijas-cuadrada-grande-15-x-15-x-25-cm-sol","status":"publish","type":"product","link":"https:\/\/aromasentia.com\/es\/bandeja-para-baratijas-cuadrada-grande-15-x-15-x-25-cm-sol\/","title":{"rendered":"Bandeja para Baratijas Cuadrada grande 15 x 15 x 2,5 cm &#8211; Sol"},"content":{"rendered":"<p>Ofrezca a sus clientes producto artesanales y \u00fanicos, con dise\u00f1os esot\u00e9ricos y distintivos. <strong>Aroma Sentia Espa\u00f1a<\/strong> presenta la bandeja para dejar objetos al por mayor.&nbsp;<\/p>\n<p><strong>Tama\u00f1o del producto: 15x15x2.5cm elaborado en la India Material utilizado: madera de mango<\/strong><\/p>\n<p>La combinaci\u00f3n del dise\u00f1o del sol y las fases lunares crea una poderosa dualidad que refleja el balance entre dos energ\u00edas complementarias, pero opuestas. Juntos, representan el ciclo completo de la vida, la energ\u00eda masculina y femenina, lo consciente y lo inconsciente.<\/p>\n<p><strong>\u00a1Ofrezca productos de calidad y artesanales a precios competitivos!<\/strong><\/p>\n","protected":false},"excerpt":{"rendered":"<p>Ofrezca a sus clientes producto artesanales y \u00fanicos, con dise\u00f1os esot\u00e9ricos y distintivos. Aroma Sentia Espa\u00f1a presenta la bandeja para dejar objetos al por mayor.&nbsp; Tama\u00f1o del producto: 15x15x2.5cm elaborado en la India Material utilizado: madera de mango La combinaci\u00f3n del dise\u00f1o del sol y las fases lunares crea una poderosa dualidad que refleja el [&hellip;]<\/p>\n","protected":false},"featured_media":643565,"comment_status":"closed","ping_status":"open","template":"","meta":{"_angie_page":false},"product_brand":[27117],"product_cat":[14148,14147],"product_tag":[],"class_list":{"0":"post-217786","1":"product","2":"type-product","3":"status-publish","4":"has-post-thumbnail","6":"product_brand-hop-hare","7":"product_cat-cajas-de-madera","8":"product_cat-cajas-de-regalo-y-embalajes","9":"pa_collection-enamelled-wooden-trays-and-boxes-es","10":"pa_made-in-india","12":"first","13":"instock","14":"purchasable","15":"product-type-simple"},"supplier_id":null,"supplier_sku":"HHENBT-08","barcode":null,"atum_controlled":true,"out_stock_date":null,"out_stock_threshold":null,"inheritable":false,"inbound_stock":null,"stock_on_hold":0,"sold_today":0,"sales_last_days":0,"reserved_stock":null,"customer_returns":null,"warehouse_damage":null,"lost_in_post":null,"other_logs":null,"out_stock_days":0,"lost_sales":0,"has_location":null,"update_date":"2026-04-27T07:07:19","atum_locations":[],"atum_stock_status":"instock","restock_status":false,"low_stock_amount":"","sales_update_date":"2026-01-20T05:13:56","calc_backorders":null,"_links":{"self":[{"href":"https:\/\/aromasentia.com\/es\/wp-json\/wp\/v2\/product\/217786","targetHints":{"allow":["GET"]}}],"collection":[{"href":"https:\/\/aromasentia.com\/es\/wp-json\/wp\/v2\/product"}],"about":[{"href":"https:\/\/aromasentia.com\/es\/wp-json\/wp\/v2\/types\/product"}],"replies":[{"embeddable":true,"href":"https:\/\/aromasentia.com\/es\/wp-json\/wp\/v2\/comments?post=217786"}],"version-history":[{"count":0,"href":"https:\/\/aromasentia.com\/es\/wp-json\/wp\/v2\/product\/217786\/revisions"}],"wp:featuredmedia":[{"embeddable":true,"href":"https:\/\/aromasentia.com\/es\/wp-json\/wp\/v2\/media\/643565"}],"wp:attachment":[{"href":"https:\/\/aromasentia.com\/es\/wp-json\/wp\/v2\/media?parent=217786"}],"wp:term":[{"taxonomy":"product_brand","embeddable":true,"href":"https:\/\/aromasentia.com\/es\/wp-json\/wp\/v2\/product_brand?post=217786"},{"taxonomy":"product_cat","embeddable":true,"href":"https:\/\/aromasentia.com\/es\/wp-json\/wp\/v2\/product_cat?post=217786"},{"taxonomy":"product_tag","embeddable":true,"href":"https:\/\/aromasentia.com\/es\/wp-json\/wp\/v2\/product_tag?post=217786"}],"curies":[{"name":"wp","href":"https:\/\/api.w.org\/{rel}","templated":true}]}}