{"id":217762,"date":"2025-03-23T12:08:32","date_gmt":"2025-03-23T12:08:32","guid":{"rendered":"https:\/\/aromasentia.com\/product\/leather-lapis-notebook-17x12-cm\/"},"modified":"2025-12-30T20:55:48","modified_gmt":"2025-12-30T20:55:48","slug":"cuaderno-de-cuero-lapizlazuli","status":"publish","type":"product","link":"https:\/\/aromasentia.com\/es\/cuaderno-de-cuero-lapizlazuli\/","title":{"rendered":"Cuaderno de Cuero Lapizlazuli"},"content":{"rendered":"<p><strong>Informaci\u00f3n del producto:<\/strong><\/p>\n<p>P\u00e1ginas con l\u00edneas<\/p>\n","protected":false},"excerpt":{"rendered":"<p>Informaci\u00f3n del producto: P\u00e1ginas con l\u00edneas<\/p>\n","protected":false},"featured_media":438594,"comment_status":"closed","ping_status":"open","template":"","meta":[],"product_brand":[],"product_cat":[14065,25225,25658,14066],"product_tag":[],"class_list":{"0":"post-217762","1":"product","2":"type-product","3":"status-publish","4":"has-post-thumbnail","6":"product_cat-cuadernos-y-diario","7":"product_cat-gemas-y-minerales","8":"product_cat-lapislazuli","9":"product_cat-regalos-vintage-y-souvenir","10":"pa_collection-leather-notebooks-diaries-es","11":"pa_made-in-india","13":"first","14":"instock","15":"purchasable","16":"product-type-simple"},"supplier_id":null,"supplier_sku":"LBN-15","barcode":null,"atum_controlled":true,"out_stock_date":null,"out_stock_threshold":null,"inheritable":false,"inbound_stock":null,"stock_on_hold":0,"sold_today":0,"sales_last_days":0,"reserved_stock":null,"customer_returns":null,"warehouse_damage":null,"lost_in_post":null,"other_logs":null,"out_stock_days":0,"lost_sales":0,"has_location":null,"update_date":"2026-02-10T10:27:24","atum_locations":[],"atum_stock_status":"instock","restock_status":false,"low_stock_amount":"","sales_update_date":"2025-09-03T00:15:12","calc_backorders":null,"_links":{"self":[{"href":"https:\/\/aromasentia.com\/es\/wp-json\/wp\/v2\/product\/217762","targetHints":{"allow":["GET"]}}],"collection":[{"href":"https:\/\/aromasentia.com\/es\/wp-json\/wp\/v2\/product"}],"about":[{"href":"https:\/\/aromasentia.com\/es\/wp-json\/wp\/v2\/types\/product"}],"replies":[{"embeddable":true,"href":"https:\/\/aromasentia.com\/es\/wp-json\/wp\/v2\/comments?post=217762"}],"version-history":[{"count":0,"href":"https:\/\/aromasentia.com\/es\/wp-json\/wp\/v2\/product\/217762\/revisions"}],"wp:featuredmedia":[{"embeddable":true,"href":"https:\/\/aromasentia.com\/es\/wp-json\/wp\/v2\/media\/438594"}],"wp:attachment":[{"href":"https:\/\/aromasentia.com\/es\/wp-json\/wp\/v2\/media?parent=217762"}],"wp:term":[{"taxonomy":"product_brand","embeddable":true,"href":"https:\/\/aromasentia.com\/es\/wp-json\/wp\/v2\/product_brand?post=217762"},{"taxonomy":"product_cat","embeddable":true,"href":"https:\/\/aromasentia.com\/es\/wp-json\/wp\/v2\/product_cat?post=217762"},{"taxonomy":"product_tag","embeddable":true,"href":"https:\/\/aromasentia.com\/es\/wp-json\/wp\/v2\/product_tag?post=217762"}],"curies":[{"name":"wp","href":"https:\/\/api.w.org\/{rel}","templated":true}]}}