{"id":217742,"date":"2025-03-23T12:08:32","date_gmt":"2025-03-23T12:08:32","guid":{"rendered":"https:\/\/aromasentia.com\/product\/mini-assorted-leather-notebook-10x7-5-cm-1-piece\/"},"modified":"2025-12-30T20:55:48","modified_gmt":"2025-12-30T20:55:48","slug":"mini-cuaderno-de-cuero-surtidos","status":"publish","type":"product","link":"https:\/\/aromasentia.com\/es\/mini-cuaderno-de-cuero-surtidos\/","title":{"rendered":"Mini Cuaderno de Cuero (surtidos)"},"content":{"rendered":"<p><strong>Informaci\u00f3n del producto:<\/strong><\/p>\n<p>Tama\u00f1o del cuaderno: Alto 10 cm, Ancho 7.5cm&nbsp;<\/p>\n<p>Cuaderno con 100 p\u00e1ginas.&nbsp;<\/p>\n<p>P\u00e1ginas en blanco.<\/p>\n","protected":false},"excerpt":{"rendered":"<p>Informaci\u00f3n del producto: Tama\u00f1o del cuaderno: Alto 10 cm, Ancho 7.5cm&nbsp; Cuaderno con 100 p\u00e1ginas.&nbsp; P\u00e1ginas en blanco.<\/p>\n","protected":false},"featured_media":438437,"comment_status":"closed","ping_status":"open","template":"","meta":[],"product_brand":[],"product_cat":[14065,14066],"product_tag":[],"class_list":{"0":"post-217742","1":"product","2":"type-product","3":"status-publish","4":"has-post-thumbnail","6":"product_cat-cuadernos-y-diario","7":"product_cat-regalos-vintage-y-souvenir","8":"pa_collection-leather-notebooks-diaries-es","9":"pa_made-in-india","11":"first","12":"instock","13":"purchasable","14":"product-type-simple"},"supplier_id":null,"supplier_sku":"LBN-10","barcode":null,"atum_controlled":true,"out_stock_date":null,"out_stock_threshold":null,"inheritable":false,"inbound_stock":null,"stock_on_hold":0,"sold_today":0,"sales_last_days":0,"reserved_stock":null,"customer_returns":null,"warehouse_damage":null,"lost_in_post":null,"other_logs":null,"out_stock_days":0,"lost_sales":0,"has_location":null,"update_date":"2026-02-11T03:24:46","atum_locations":[],"atum_stock_status":"instock","restock_status":false,"low_stock_amount":"","sales_update_date":"2026-02-06T00:02:27","calc_backorders":null,"_links":{"self":[{"href":"https:\/\/aromasentia.com\/es\/wp-json\/wp\/v2\/product\/217742","targetHints":{"allow":["GET"]}}],"collection":[{"href":"https:\/\/aromasentia.com\/es\/wp-json\/wp\/v2\/product"}],"about":[{"href":"https:\/\/aromasentia.com\/es\/wp-json\/wp\/v2\/types\/product"}],"replies":[{"embeddable":true,"href":"https:\/\/aromasentia.com\/es\/wp-json\/wp\/v2\/comments?post=217742"}],"version-history":[{"count":0,"href":"https:\/\/aromasentia.com\/es\/wp-json\/wp\/v2\/product\/217742\/revisions"}],"wp:featuredmedia":[{"embeddable":true,"href":"https:\/\/aromasentia.com\/es\/wp-json\/wp\/v2\/media\/438437"}],"wp:attachment":[{"href":"https:\/\/aromasentia.com\/es\/wp-json\/wp\/v2\/media?parent=217742"}],"wp:term":[{"taxonomy":"product_brand","embeddable":true,"href":"https:\/\/aromasentia.com\/es\/wp-json\/wp\/v2\/product_brand?post=217742"},{"taxonomy":"product_cat","embeddable":true,"href":"https:\/\/aromasentia.com\/es\/wp-json\/wp\/v2\/product_cat?post=217742"},{"taxonomy":"product_tag","embeddable":true,"href":"https:\/\/aromasentia.com\/es\/wp-json\/wp\/v2\/product_tag?post=217742"}],"curies":[{"name":"wp","href":"https:\/\/api.w.org\/{rel}","templated":true}]}}