{"id":217718,"date":"2025-03-23T12:10:29","date_gmt":"2025-03-23T12:10:29","guid":{"rendered":"https:\/\/aromasentia.com\/product\/rolled-leather-travel-notebook-96-pages-green-21x15cm\/"},"modified":"2025-12-30T20:55:40","modified_gmt":"2025-12-30T20:55:40","slug":"cuaderno-de-viaje-de-piel-enrollada-verde","status":"publish","type":"product","link":"https:\/\/aromasentia.com\/es\/cuaderno-de-viaje-de-piel-enrollada-verde\/","title":{"rendered":"Cuaderno de viaje de piel enrollada &#8211; Verde"},"content":{"rendered":"<p>Aroma Sentia Espa\u00f1a os presenta el cuaderno ideal para viajes, un cuaderno enrollado con un dise\u00f1o atemporal y sofisticado.&nbsp;<\/p>\n<p>La cubierta de este cuaderno es de cuero de color verde cautivador dando una sensaci\u00f3n de elegancia y buen gusto.&nbsp;<\/p>\n<p>Este cuaderno adem\u00e1s cuenta con un cierre de correa de cuero para proteger los dibujos o escrituras de sus clientes.&nbsp;<\/p>\n<p>Las dimensiones de este producto son de 21&#215;25 cm<\/p>\n","protected":false},"excerpt":{"rendered":"<p>Aroma Sentia Espa\u00f1a os presenta el cuaderno ideal para viajes, un cuaderno enrollado con un dise\u00f1o atemporal y sofisticado.&nbsp; La cubierta de este cuaderno es de cuero de color verde cautivador dando una sensaci\u00f3n de elegancia y buen gusto.&nbsp; Este cuaderno adem\u00e1s cuenta con un cierre de correa de cuero para proteger los dibujos o [&hellip;]<\/p>\n","protected":false},"featured_media":439000,"comment_status":"closed","ping_status":"open","template":"","meta":[],"product_brand":[],"product_cat":[14065,14066],"product_tag":[],"class_list":{"0":"post-217718","1":"product","2":"type-product","3":"status-publish","4":"has-post-thumbnail","6":"product_cat-cuadernos-y-diario","7":"product_cat-regalos-vintage-y-souvenir","8":"pa_collection-leather-notebooks-diaries-es","9":"pa_made-in-india","11":"first","12":"instock","13":"purchasable","14":"product-type-simple"},"supplier_id":null,"supplier_sku":"LBN-32","barcode":null,"atum_controlled":true,"out_stock_date":null,"out_stock_threshold":null,"inheritable":false,"inbound_stock":null,"stock_on_hold":0,"sold_today":0,"sales_last_days":0,"reserved_stock":null,"customer_returns":null,"warehouse_damage":null,"lost_in_post":null,"other_logs":null,"out_stock_days":0,"lost_sales":0,"has_location":null,"update_date":"2026-02-11T03:20:27","atum_locations":[],"atum_stock_status":"instock","restock_status":false,"low_stock_amount":"","sales_update_date":"2026-01-30T01:26:08","calc_backorders":null,"_links":{"self":[{"href":"https:\/\/aromasentia.com\/es\/wp-json\/wp\/v2\/product\/217718","targetHints":{"allow":["GET"]}}],"collection":[{"href":"https:\/\/aromasentia.com\/es\/wp-json\/wp\/v2\/product"}],"about":[{"href":"https:\/\/aromasentia.com\/es\/wp-json\/wp\/v2\/types\/product"}],"replies":[{"embeddable":true,"href":"https:\/\/aromasentia.com\/es\/wp-json\/wp\/v2\/comments?post=217718"}],"version-history":[{"count":0,"href":"https:\/\/aromasentia.com\/es\/wp-json\/wp\/v2\/product\/217718\/revisions"}],"wp:featuredmedia":[{"embeddable":true,"href":"https:\/\/aromasentia.com\/es\/wp-json\/wp\/v2\/media\/439000"}],"wp:attachment":[{"href":"https:\/\/aromasentia.com\/es\/wp-json\/wp\/v2\/media?parent=217718"}],"wp:term":[{"taxonomy":"product_brand","embeddable":true,"href":"https:\/\/aromasentia.com\/es\/wp-json\/wp\/v2\/product_brand?post=217718"},{"taxonomy":"product_cat","embeddable":true,"href":"https:\/\/aromasentia.com\/es\/wp-json\/wp\/v2\/product_cat?post=217718"},{"taxonomy":"product_tag","embeddable":true,"href":"https:\/\/aromasentia.com\/es\/wp-json\/wp\/v2\/product_tag?post=217718"}],"curies":[{"name":"wp","href":"https:\/\/api.w.org\/{rel}","templated":true}]}}