{"id":217710,"date":"2025-03-23T12:10:29","date_gmt":"2025-03-23T12:10:29","guid":{"rendered":"https:\/\/aromasentia.com\/product\/oiled-tan-leather-key-200-pages-13x18cm\/"},"modified":"2025-12-30T20:55:40","modified_gmt":"2025-12-30T20:55:40","slug":"cuaderno-de-cuero-claro-con-llave","status":"publish","type":"product","link":"https:\/\/aromasentia.com\/es\/cuaderno-de-cuero-claro-con-llave\/","title":{"rendered":"Cuaderno de Cuero Claro con Llave"},"content":{"rendered":"<p>Aroma Sentia ofrece m\u00faltiples dise\u00f1os de cuadernos de cuero, este cuaderno en concreto ofrece un dise\u00f1o moderno y tradicional.&nbsp;<\/p>\n<p>Este cuaderno cuenta con 200 p\u00e1ginas para capturar recuerdos o reflexiones de sus clientes, adem\u00e1s las medidas de este cuaderno son de 13 cm x 18 cm.&nbsp;<\/p>\n<p>Cuenta con 200 hojas<\/p>\n<p>La llave que se adjunta proporciona un toque de misterio y seguridad.<\/p>\n","protected":false},"excerpt":{"rendered":"<p>Aroma Sentia ofrece m\u00faltiples dise\u00f1os de cuadernos de cuero, este cuaderno en concreto ofrece un dise\u00f1o moderno y tradicional.&nbsp; Este cuaderno cuenta con 200 p\u00e1ginas para capturar recuerdos o reflexiones de sus clientes, adem\u00e1s las medidas de este cuaderno son de 13 cm x 18 cm.&nbsp; Cuenta con 200 hojas La llave que se adjunta [&hellip;]<\/p>\n","protected":false},"featured_media":438934,"comment_status":"closed","ping_status":"open","template":"","meta":[],"product_brand":[],"product_cat":[14065,14066],"product_tag":[],"class_list":{"0":"post-217710","1":"product","2":"type-product","3":"status-publish","4":"has-post-thumbnail","6":"product_cat-cuadernos-y-diario","7":"product_cat-regalos-vintage-y-souvenir","8":"pa_collection-leather-notebooks-diaries-es","9":"pa_made-in-india","11":"first","12":"instock","13":"purchasable","14":"product-type-simple"},"supplier_id":null,"supplier_sku":"LBN-30","barcode":null,"atum_controlled":true,"out_stock_date":null,"out_stock_threshold":null,"inheritable":false,"inbound_stock":null,"stock_on_hold":0,"sold_today":0,"sales_last_days":0,"reserved_stock":null,"customer_returns":null,"warehouse_damage":null,"lost_in_post":null,"other_logs":null,"out_stock_days":0,"lost_sales":0,"has_location":null,"update_date":"2026-02-03T09:12:19","atum_locations":[],"atum_stock_status":"instock","restock_status":false,"low_stock_amount":"","sales_update_date":"2026-01-30T01:24:54","calc_backorders":null,"_links":{"self":[{"href":"https:\/\/aromasentia.com\/es\/wp-json\/wp\/v2\/product\/217710","targetHints":{"allow":["GET"]}}],"collection":[{"href":"https:\/\/aromasentia.com\/es\/wp-json\/wp\/v2\/product"}],"about":[{"href":"https:\/\/aromasentia.com\/es\/wp-json\/wp\/v2\/types\/product"}],"replies":[{"embeddable":true,"href":"https:\/\/aromasentia.com\/es\/wp-json\/wp\/v2\/comments?post=217710"}],"version-history":[{"count":0,"href":"https:\/\/aromasentia.com\/es\/wp-json\/wp\/v2\/product\/217710\/revisions"}],"wp:featuredmedia":[{"embeddable":true,"href":"https:\/\/aromasentia.com\/es\/wp-json\/wp\/v2\/media\/438934"}],"wp:attachment":[{"href":"https:\/\/aromasentia.com\/es\/wp-json\/wp\/v2\/media?parent=217710"}],"wp:term":[{"taxonomy":"product_brand","embeddable":true,"href":"https:\/\/aromasentia.com\/es\/wp-json\/wp\/v2\/product_brand?post=217710"},{"taxonomy":"product_cat","embeddable":true,"href":"https:\/\/aromasentia.com\/es\/wp-json\/wp\/v2\/product_cat?post=217710"},{"taxonomy":"product_tag","embeddable":true,"href":"https:\/\/aromasentia.com\/es\/wp-json\/wp\/v2\/product_tag?post=217710"}],"curies":[{"name":"wp","href":"https:\/\/api.w.org\/{rel}","templated":true}]}}