{"id":250293,"date":"2025-05-13T18:40:11","date_gmt":"2025-05-13T18:40:11","guid":{"rendered":"https:\/\/aromasentia.com\/cookies\/"},"modified":"2026-04-22T17:38:57","modified_gmt":"2026-04-22T17:38:57","slug":"cookies","status":"publish","type":"page","link":"https:\/\/aromasentia.com\/es\/cookies\/","title":{"rendered":"Cookies"},"content":{"rendered":"\t\t<div data-elementor-type=\"wp-page\" data-elementor-id=\"250293\" class=\"elementor elementor-250293 elementor-250124\" data-elementor-post-type=\"page\">\n\t\t\t\t<div class=\"elementor-element elementor-element-ec97d5a e-flex e-con-boxed e-con e-parent\" data-id=\"ec97d5a\" data-element_type=\"container\" data-e-type=\"container\">\n\t\t\t\t\t<div class=\"e-con-inner\">\n\t\t\t\t<div class=\"elementor-element elementor-element-bd48281 elementor-widget elementor-widget-heading\" data-id=\"bd48281\" data-element_type=\"widget\" data-e-type=\"widget\" data-widget_type=\"heading.default\">\n\t\t\t\t\t<h1 class=\"elementor-heading-title elementor-size-default\">Politica de Cookies<\/h1>\t\t\t\t<\/div>\n\t\t\t\t<div class=\"elementor-element elementor-element-8e878b1 elementor-widget elementor-widget-text-editor\" data-id=\"8e878b1\" data-element_type=\"widget\" data-e-type=\"widget\" data-widget_type=\"text-editor.default\">\n\t\t\t\t\t\t\t\t\t<p>\u00daltima actualizaci\u00f3n: 12 de mayo de 2025<\/p><p>Aroma Sentia Marketing (\u00abnosotros\u00bb o \u00abnuestro\u00bb) utiliza cookies en el sitio web aromasentia.com (el \u00abServicio\u00bb). Al continuar utilizando el sitio, aceptas el uso de cookies. Puedes cambiar esto y obtener m\u00e1s informaci\u00f3n leyendo la siguiente Pol\u00edtica de Cookies.<\/p><p>Nuestra Pol\u00edtica de Cookies explica qu\u00e9 son las cookies, c\u00f3mo las utilizamos, c\u00f3mo terceros con los que podemos asociarnos pueden utilizar cookies en el Servicio, tus opciones en relaci\u00f3n con las cookies y m\u00e1s informaci\u00f3n sobre las cookies.<\/p><h3>Qu\u00e9 son las cookies<\/h3><p>Las cookies son peque\u00f1os fragmentos de texto que un sitio web que visitas env\u00eda a tu navegador. Un archivo cookie se almacena en tu navegador web y permite al Servicio o a un tercero reconocerte y hacer que tu pr\u00f3xima visita sea m\u00e1s f\u00e1cil y el Servicio te resulte m\u00e1s \u00fatil.<\/p><p>Las cookies pueden ser \u00abpersistentes\u00bb o \u00abde sesi\u00f3n\u00bb. Las cookies persistentes permanecen en tu ordenador personal o dispositivo m\u00f3vil cuando te desconectas, mientras que las cookies de sesi\u00f3n se eliminan en cuanto cierras tu navegador web.<\/p><h3>C\u00f3mo utiliza Aroma Sentia Marketing las cookies<\/h3><p>Cuando utilizas y accedes al Servicio, podemos colocar una serie de archivos cookies en tu navegador web.<\/p><p>Utilizamos cookies para los siguientes fines<\/p><p>Para habilitar ciertas funciones del Servicio<\/p><p>Para proporcionar an\u00e1lisis<\/p><p>Para almacenar tus preferencias<\/p><p>En el Servicio utilizamos tanto cookies de sesi\u00f3n como persistentes y utilizamos diferentes tipos de cookies para hacer funcionar el Servicio:<\/p><p>Cookies esenciales. Podemos utilizar cookies esenciales para autenticar a los usuarios y evitar el uso fraudulento de las cuentas de usuario.<\/p><p>Cookies de preferencias. Podemos utilizar cookies de preferencias para recordar informaci\u00f3n que cambie el comportamiento o el aspecto del Servicio, como la funcionalidad \u00abrecu\u00e9rdame\u00bb de un usuario registrado o la preferencia de idioma de un usuario.<\/p><p>Cookies anal\u00edticas. Podemos utilizar cookies anal\u00edticas para rastrear informaci\u00f3n sobre c\u00f3mo se utiliza el Servicio para que podamos hacer mejoras. Tambi\u00e9n podemos utilizar cookies anal\u00edticas para probar nuevos anuncios, p\u00e1ginas, caracter\u00edsticas o nuevas funcionalidades del Servicio para ver c\u00f3mo reaccionan a ellos nuestros usuarios.<\/p><h3>Cookies de terceros<\/h3><p>Adem\u00e1s de nuestras propias cookies, tambi\u00e9n podemos utilizar varias cookies de terceros para informar sobre estad\u00edsticas de uso del Servicio, ofrecer anuncios en y a trav\u00e9s del Servicio, etc.<\/p><h3>\u00bfCu\u00e1les son tus opciones con respecto a las cookies?<\/h3><p>Si deseas eliminar las cookies o indicar a tu navegador web que las elimine o rechace, visita las p\u00e1ginas de ayuda de tu navegador web.<\/p><p>Sin embargo, ten en cuenta que si eliminas las cookies o te niegas a aceptarlas, es posible que no puedas utilizar todas las funciones que ofrecemos, que no puedas almacenar tus preferencias y que algunas de nuestras p\u00e1ginas no se muestren correctamente.<\/p><p>Para el navegador web Chrome: https:\/\/support.google.com\/accounts\/answer\/32050<\/p><p>Para el navegador Internet Explorer: http:\/\/support.microsoft.com\/kb\/278835<\/p><p>Para el navegador web Firefox: https:\/\/support.mozilla.org\/en-US\/kb\/delete-cookies-remove-info-websites-stored<\/p><p>Para el navegador web Safari: https:\/\/support.apple.com\/kb\/PH21411?locale=en_US<\/p><p>Para cualquier otro navegador web, visita las p\u00e1ginas web oficiales de tu navegador web.<\/p><p>D\u00f3nde puedes encontrar m\u00e1s informaci\u00f3n sobre las cookies<\/p><p>Puedes obtener m\u00e1s informaci\u00f3n sobre las cookies en los siguientes sitios web de terceros:<\/p><p>AllAboutCookies: http:\/\/www.allaboutcookies.org\/<\/p><p>Iniciativa de Publicidad en la Red: http:\/\/www.networkadvertising.org\/<\/p>\t\t\t\t\t\t\t\t<\/div>\n\t\t\t\t\t<\/div>\n\t\t\t\t<\/div>\n\t\t\t\t<\/div>\n\t\t","protected":false},"excerpt":{"rendered":"<p>Politica de Cookies \u00daltima actualizaci\u00f3n: 12 de mayo de 2025 Aroma Sentia Marketing (\u00abnosotros\u00bb o \u00abnuestro\u00bb) utiliza cookies en el sitio web aromasentia.com (el \u00abServicio\u00bb). Al continuar utilizando el sitio, aceptas el uso de cookies. Puedes cambiar esto y obtener m\u00e1s informaci\u00f3n leyendo la siguiente Pol\u00edtica de Cookies. Nuestra Pol\u00edtica de Cookies explica qu\u00e9 son [&hellip;]<\/p>\n","protected":false},"author":1,"featured_media":0,"parent":0,"menu_order":0,"comment_status":"closed","ping_status":"closed","template":"","meta":{"_angie_page":false,"footnotes":""},"class_list":["post-250293","page","type-page","status-publish","hentry"],"_links":{"self":[{"href":"https:\/\/aromasentia.com\/es\/wp-json\/wp\/v2\/pages\/250293","targetHints":{"allow":["GET"]}}],"collection":[{"href":"https:\/\/aromasentia.com\/es\/wp-json\/wp\/v2\/pages"}],"about":[{"href":"https:\/\/aromasentia.com\/es\/wp-json\/wp\/v2\/types\/page"}],"author":[{"embeddable":true,"href":"https:\/\/aromasentia.com\/es\/wp-json\/wp\/v2\/users\/1"}],"replies":[{"embeddable":true,"href":"https:\/\/aromasentia.com\/es\/wp-json\/wp\/v2\/comments?post=250293"}],"version-history":[{"count":0,"href":"https:\/\/aromasentia.com\/es\/wp-json\/wp\/v2\/pages\/250293\/revisions"}],"wp:attachment":[{"href":"https:\/\/aromasentia.com\/es\/wp-json\/wp\/v2\/media?parent=250293"}],"curies":[{"name":"wp","href":"https:\/\/api.w.org\/{rel}","templated":true}]}}