{"id":217586,"date":"2025-03-17T10:16:39","date_gmt":"2025-03-17T10:16:39","guid":{"rendered":"https:\/\/aromasentia.com\/?page_id=217586"},"modified":"2025-05-14T23:38:17","modified_gmt":"2025-05-14T23:38:17","slug":"politica-de-privacidad","status":"publish","type":"page","link":"https:\/\/aromasentia.com\/es\/politica-de-privacidad\/","title":{"rendered":"Pol\u00edtica de Privacidad"},"content":{"rendered":"\t\t<div data-elementor-type=\"wp-page\" data-elementor-id=\"217586\" class=\"elementor elementor-217586 elementor-3\" data-elementor-post-type=\"page\">\n\t\t\t\t<div class=\"elementor-element elementor-element-91263a8 e-flex e-con-boxed e-con e-parent\" data-id=\"91263a8\" data-element_type=\"container\" data-e-type=\"container\">\n\t\t\t\t\t<div class=\"e-con-inner\">\n\t\t\t\t\t<\/div>\n\t\t\t\t<\/div>\n\t\t\t\t<\/div>\n\t\t","protected":false},"excerpt":{"rendered":"<p>Pol\u00edtica de Privacidad Fecha de entrada en vigor: 2025-05-14Actualizado el: 2025-05-14 La presente Pol\u00edtica de Privacidad explica las pol\u00edticas de Aroma Sentia Marketing ltd sobre la recopilaci\u00f3n y el uso de la informaci\u00f3n que recogemos cuando usted accede a https:\/\/aromasentia.com (el \u00abServicio\u00bb). Esta Pol\u00edtica de Privacidad describe sus derechos de privacidad y c\u00f3mo est\u00e1 protegido [&hellip;]<\/p>\n","protected":false},"author":1,"featured_media":0,"parent":0,"menu_order":0,"comment_status":"closed","ping_status":"open","template":"","meta":{"_angie_page":false,"footnotes":""},"class_list":["post-217586","page","type-page","status-publish","hentry"],"_links":{"self":[{"href":"https:\/\/aromasentia.com\/es\/wp-json\/wp\/v2\/pages\/217586","targetHints":{"allow":["GET"]}}],"collection":[{"href":"https:\/\/aromasentia.com\/es\/wp-json\/wp\/v2\/pages"}],"about":[{"href":"https:\/\/aromasentia.com\/es\/wp-json\/wp\/v2\/types\/page"}],"author":[{"embeddable":true,"href":"https:\/\/aromasentia.com\/es\/wp-json\/wp\/v2\/users\/1"}],"replies":[{"embeddable":true,"href":"https:\/\/aromasentia.com\/es\/wp-json\/wp\/v2\/comments?post=217586"}],"version-history":[{"count":0,"href":"https:\/\/aromasentia.com\/es\/wp-json\/wp\/v2\/pages\/217586\/revisions"}],"wp:attachment":[{"href":"https:\/\/aromasentia.com\/es\/wp-json\/wp\/v2\/media?parent=217586"}],"curies":[{"name":"wp","href":"https:\/\/api.w.org\/{rel}","templated":true}]}}