{"id":246242,"date":"2025-04-23T18:28:57","date_gmt":"2025-04-23T18:28:57","guid":{"rendered":"https:\/\/aromasentia.com\/product\/hop-hare-bamboo-socks-41-46-bali-buddha\/"},"modified":"2025-12-30T20:51:20","modified_gmt":"2025-12-30T20:51:20","slug":"hop-hare-bambussocken-41-46-bali-buddha-2","status":"publish","type":"product","link":"https:\/\/aromasentia.com\/de\/hop-hare-bambussocken-41-46-bali-buddha-2\/","title":{"rendered":"Hop Hare Bambussocken (41-46) &#8211; Bali Buddha"},"content":{"rendered":"<p>Finden Sie Gelassenheit mit den Hop Hare Bamboo Socks (41-46) &#8211; Bali Buddha. Inspiriert von der ruhigen Spiritualit\u00e4t Balis, zeigen diese Bambussocken (Gr\u00f6\u00dfe 41-46) heitere Buddha-Bilder, die Frieden und Achtsamkeit f\u00f6rdern. Das au\u00dfergew\u00f6hnlich weiche und atmungsaktive Bambusgewebe sorgt daf\u00fcr, dass Ihre F\u00fc\u00dfe bequem und k\u00fchl bleiben. Diese Socken sind eine wunderbare M\u00f6glichkeit, ein Gef\u00fchl der Ruhe und Erleuchtung mit sich zu tragen. Sie verleihen Ihrer Alltagskleidung einen Hauch von exotischer Spiritualit\u00e4t und achtsamem Komfort.<\/p>\n","protected":false},"excerpt":{"rendered":"<p>Finden Sie Gelassenheit mit den Hop Hare Bamboo Socks (41-46) &#8211; Bali Buddha. Inspiriert von der ruhigen Spiritualit\u00e4t Balis, zeigen diese Bambussocken (Gr\u00f6\u00dfe 41-46) heitere Buddha-Bilder, die Frieden und Achtsamkeit f\u00f6rdern. Das au\u00dfergew\u00f6hnlich weiche und atmungsaktive Bambusgewebe sorgt daf\u00fcr, dass Ihre F\u00fc\u00dfe bequem und k\u00fchl bleiben. Diese Socken sind eine wunderbare M\u00f6glichkeit, ein Gef\u00fchl der [&hellip;]<\/p>\n","protected":false},"featured_media":668771,"comment_status":"closed","ping_status":"open","template":"","meta":{"_angie_page":false},"product_brand":[27112],"product_cat":[25835,26618],"product_tag":[],"class_list":{"0":"post-246242","1":"product","2":"type-product","3":"status-publish","4":"has-post-thumbnail","6":"product_brand-hop-hare","7":"product_cat-kleidung","8":"product_cat-socken-und-strumpfe","9":"pa_collection-hop-hare-bamboo-socks-de","10":"pa_made-in-tuerkei","12":"first","13":"instock","14":"purchasable","15":"product-type-simple"},"supplier_id":null,"supplier_sku":"BamS-10M","barcode":null,"atum_controlled":true,"out_stock_date":null,"out_stock_threshold":null,"inheritable":false,"inbound_stock":null,"stock_on_hold":0,"sold_today":0,"sales_last_days":0,"reserved_stock":null,"customer_returns":null,"warehouse_damage":null,"lost_in_post":null,"other_logs":null,"out_stock_days":0,"lost_sales":0,"has_location":null,"update_date":"2026-01-30T01:26:00","atum_locations":[],"atum_stock_status":"instock","restock_status":false,"low_stock_amount":"","sales_update_date":"2026-01-30T01:26:00","calc_backorders":null,"_links":{"self":[{"href":"https:\/\/aromasentia.com\/de\/wp-json\/wp\/v2\/product\/246242","targetHints":{"allow":["GET"]}}],"collection":[{"href":"https:\/\/aromasentia.com\/de\/wp-json\/wp\/v2\/product"}],"about":[{"href":"https:\/\/aromasentia.com\/de\/wp-json\/wp\/v2\/types\/product"}],"replies":[{"embeddable":true,"href":"https:\/\/aromasentia.com\/de\/wp-json\/wp\/v2\/comments?post=246242"}],"version-history":[{"count":0,"href":"https:\/\/aromasentia.com\/de\/wp-json\/wp\/v2\/product\/246242\/revisions"}],"wp:featuredmedia":[{"embeddable":true,"href":"https:\/\/aromasentia.com\/de\/wp-json\/wp\/v2\/media\/668771"}],"wp:attachment":[{"href":"https:\/\/aromasentia.com\/de\/wp-json\/wp\/v2\/media?parent=246242"}],"wp:term":[{"taxonomy":"product_brand","embeddable":true,"href":"https:\/\/aromasentia.com\/de\/wp-json\/wp\/v2\/product_brand?post=246242"},{"taxonomy":"product_cat","embeddable":true,"href":"https:\/\/aromasentia.com\/de\/wp-json\/wp\/v2\/product_cat?post=246242"},{"taxonomy":"product_tag","embeddable":true,"href":"https:\/\/aromasentia.com\/de\/wp-json\/wp\/v2\/product_tag?post=246242"}],"curies":[{"name":"wp","href":"https:\/\/api.w.org\/{rel}","templated":true}]}}