{"id":246228,"date":"2025-04-23T18:29:01","date_gmt":"2025-04-23T18:29:01","guid":{"rendered":"https:\/\/aromasentia.com\/product\/hop-hare-bamboo-socks-41-46-pink-buddha-lotus\/"},"modified":"2025-12-30T20:51:13","modified_gmt":"2025-12-30T20:51:13","slug":"hop-hare-bambussocken-41-46-pink-buddha-lotus","status":"publish","type":"product","link":"https:\/\/aromasentia.com\/de\/hop-hare-bambussocken-41-46-pink-buddha-lotus\/","title":{"rendered":"Hop Hare Bambussocken (41-46) &#8211; Pink Buddha &#038; Lotus\u00a0"},"content":{"rendered":"<p>Finden Sie friedliche Erleuchtung mit den Hop Hare Bamboo Socks (41-46) &#8211; Pink Buddha &#038; Lotus. Diese ruhigen Bambussocken, passend f\u00fcr die Gr\u00f6\u00dfen 41-46, zeigen ein beruhigendes Design einer Buddha-Figur, gepaart mit der heiligen Lotusblume, alles in sanften rosa T\u00f6nen. Die Socken sind aus besonders weichem und umweltfreundlichem Bambus gefertigt und bieten h\u00f6chsten Komfort und erinnern an Ruhe. Eine sch\u00f6ne Art, Symbole des Friedens, der Reinheit und des spirituellen Erwachens durch den Tag zu tragen.<\/p>\n","protected":false},"excerpt":{"rendered":"<p>Finden Sie friedliche Erleuchtung mit den Hop Hare Bamboo Socks (41-46) &#8211; Pink Buddha &#038; Lotus. Diese ruhigen Bambussocken, passend f\u00fcr die Gr\u00f6\u00dfen 41-46, zeigen ein beruhigendes Design einer Buddha-Figur, gepaart mit der heiligen Lotusblume, alles in sanften rosa T\u00f6nen. Die Socken sind aus besonders weichem und umweltfreundlichem Bambus gefertigt und bieten h\u00f6chsten Komfort und [&hellip;]<\/p>\n","protected":false},"featured_media":668747,"comment_status":"closed","ping_status":"open","template":"","meta":[],"product_brand":[27112],"product_cat":[25835,26618],"product_tag":[],"class_list":{"0":"post-246228","1":"product","2":"type-product","3":"status-publish","4":"has-post-thumbnail","6":"product_brand-hop-hare","7":"product_cat-kleidung","8":"product_cat-socken-und-strumpfe","9":"pa_collection-hop-hare-bamboo-socks-de","10":"pa_made-in-tuerkei","12":"first","13":"instock","14":"purchasable","15":"product-type-simple"},"supplier_id":null,"supplier_sku":"BamS-22M","barcode":null,"atum_controlled":true,"out_stock_date":null,"out_stock_threshold":null,"inheritable":false,"inbound_stock":null,"stock_on_hold":0,"sold_today":0,"sales_last_days":0,"reserved_stock":null,"customer_returns":null,"warehouse_damage":null,"lost_in_post":null,"other_logs":null,"out_stock_days":0,"lost_sales":0,"has_location":null,"update_date":"2026-01-30T01:26:34","atum_locations":[],"atum_stock_status":"instock","restock_status":false,"low_stock_amount":"","sales_update_date":"2026-01-30T01:26:34","calc_backorders":null,"_links":{"self":[{"href":"https:\/\/aromasentia.com\/de\/wp-json\/wp\/v2\/product\/246228","targetHints":{"allow":["GET"]}}],"collection":[{"href":"https:\/\/aromasentia.com\/de\/wp-json\/wp\/v2\/product"}],"about":[{"href":"https:\/\/aromasentia.com\/de\/wp-json\/wp\/v2\/types\/product"}],"replies":[{"embeddable":true,"href":"https:\/\/aromasentia.com\/de\/wp-json\/wp\/v2\/comments?post=246228"}],"version-history":[{"count":0,"href":"https:\/\/aromasentia.com\/de\/wp-json\/wp\/v2\/product\/246228\/revisions"}],"wp:featuredmedia":[{"embeddable":true,"href":"https:\/\/aromasentia.com\/de\/wp-json\/wp\/v2\/media\/668747"}],"wp:attachment":[{"href":"https:\/\/aromasentia.com\/de\/wp-json\/wp\/v2\/media?parent=246228"}],"wp:term":[{"taxonomy":"product_brand","embeddable":true,"href":"https:\/\/aromasentia.com\/de\/wp-json\/wp\/v2\/product_brand?post=246228"},{"taxonomy":"product_cat","embeddable":true,"href":"https:\/\/aromasentia.com\/de\/wp-json\/wp\/v2\/product_cat?post=246228"},{"taxonomy":"product_tag","embeddable":true,"href":"https:\/\/aromasentia.com\/de\/wp-json\/wp\/v2\/product_tag?post=246228"}],"curies":[{"name":"wp","href":"https:\/\/api.w.org\/{rel}","templated":true}]}}