{"id":246062,"date":"2025-03-23T11:07:03","date_gmt":"2025-03-23T11:07:03","guid":{"rendered":"https:\/\/aromasentia.com\/product\/tree-of-life-pendant-sodalite\/"},"modified":"2025-12-30T20:51:13","modified_gmt":"2025-12-30T20:51:13","slug":"baum-des-lebens-anhaenger-sodalith","status":"publish","type":"product","link":"https:\/\/aromasentia.com\/de\/baum-des-lebens-anhaenger-sodalith\/","title":{"rendered":"Baum des Lebens Anh\u00e4nger \u2013 Sodalith"},"content":{"rendered":"<p>Erweitern Sie Ihre Schmuckkollektion mit einem <strong>Gro\u00dfhandel Baum des Lebens Anh\u00e4nger in Sodalith<\/strong>. Dieses exquisite St\u00fcck kombiniert nahtlos die zeitlose Symbolik des Lebensbaums mit der beruhigenden und introspektiven Energie des Sodaliths. Er ist mehr als nur ein Anh\u00e4nger, er ist ein Symbol f\u00fcr Weisheit, Intuition und Selbstentdeckung.<\/p>\n<p>Jeder Anh\u00e4nger des Lebensbaums ist sorgf\u00e4ltig gefertigt, mit verschlungenen \u00c4sten, die einen echten <strong><span style=\"color: rgb(41, 105, 176);\">Sodalit-Edelstein umschlie\u00dfen.<\/span><\/strong> Das tiefe Blau mit wei\u00dfer Marmorierung des Sodaliths l\u00e4dt zu innerer Einkehr und Einsicht ein und macht diesen Anh\u00e4nger zu einer fesselnden Wahl f\u00fcr Ihre Kunden.<\/p>\n<p>Bieten Sie Ihren Kunden die M\u00f6glichkeit, ein St\u00fcck innerer Weisheit und Selbstentdeckung mit diesem Gro\u00dfhandelsanh\u00e4nger Baum des Lebens &#8211; Sodalith zu tragen. Lassen Sie seine beruhigende und introspektive Energie ihren Geist fesseln und ein Gef\u00fchl von innerer Klarheit und Intuition inspirieren.<\/p>\n<p><strong>Bestellen Sie jetzt und f\u00fcllen Sie Ihre Schmuckkollektion mit der Essenz von Weisheit und Selbstentdeckung.<\/strong><\/p>\n","protected":false},"excerpt":{"rendered":"<p>Erweitern Sie Ihre Schmuckkollektion mit einem Gro\u00dfhandel Baum des Lebens Anh\u00e4nger in Sodalith. Dieses exquisite St\u00fcck kombiniert nahtlos die zeitlose Symbolik des Lebensbaums mit der beruhigenden und introspektiven Energie des Sodaliths. Er ist mehr als nur ein Anh\u00e4nger, er ist ein Symbol f\u00fcr Weisheit, Intuition und Selbstentdeckung. Jeder Anh\u00e4nger des Lebensbaums ist sorgf\u00e4ltig gefertigt, mit [&hellip;]<\/p>\n","protected":false},"featured_media":430740,"comment_status":"closed","ping_status":"open","template":"","meta":{"_angie_page":false},"product_brand":[],"product_cat":[25223,25217,14524,25767],"product_tag":[],"class_list":{"0":"post-246062","1":"product","2":"type-product","3":"status-publish","4":"has-post-thumbnail","6":"product_cat-edelsteine-mineralien","7":"product_cat-halsketten-anhaenger","8":"product_cat-schmuck-und-accessoires","9":"product_cat-sodalith","10":"pa_collection-gemstone-pendants-tree-of-life-de","11":"pa_made-in-china","13":"first","14":"instock","15":"purchasable","16":"product-type-simple"},"supplier_id":null,"supplier_sku":"TOLP-09","barcode":null,"atum_controlled":true,"out_stock_date":null,"out_stock_threshold":null,"inheritable":false,"inbound_stock":null,"stock_on_hold":0,"sold_today":0,"sales_last_days":0,"reserved_stock":null,"customer_returns":null,"warehouse_damage":null,"lost_in_post":null,"other_logs":null,"out_stock_days":0,"lost_sales":0,"has_location":null,"update_date":"2026-04-27T07:25:10","atum_locations":[],"atum_stock_status":"instock","restock_status":false,"low_stock_amount":"","sales_update_date":"2025-09-03T00:15:13","calc_backorders":null,"_links":{"self":[{"href":"https:\/\/aromasentia.com\/de\/wp-json\/wp\/v2\/product\/246062","targetHints":{"allow":["GET"]}}],"collection":[{"href":"https:\/\/aromasentia.com\/de\/wp-json\/wp\/v2\/product"}],"about":[{"href":"https:\/\/aromasentia.com\/de\/wp-json\/wp\/v2\/types\/product"}],"replies":[{"embeddable":true,"href":"https:\/\/aromasentia.com\/de\/wp-json\/wp\/v2\/comments?post=246062"}],"version-history":[{"count":0,"href":"https:\/\/aromasentia.com\/de\/wp-json\/wp\/v2\/product\/246062\/revisions"}],"wp:featuredmedia":[{"embeddable":true,"href":"https:\/\/aromasentia.com\/de\/wp-json\/wp\/v2\/media\/430740"}],"wp:attachment":[{"href":"https:\/\/aromasentia.com\/de\/wp-json\/wp\/v2\/media?parent=246062"}],"wp:term":[{"taxonomy":"product_brand","embeddable":true,"href":"https:\/\/aromasentia.com\/de\/wp-json\/wp\/v2\/product_brand?post=246062"},{"taxonomy":"product_cat","embeddable":true,"href":"https:\/\/aromasentia.com\/de\/wp-json\/wp\/v2\/product_cat?post=246062"},{"taxonomy":"product_tag","embeddable":true,"href":"https:\/\/aromasentia.com\/de\/wp-json\/wp\/v2\/product_tag?post=246062"}],"curies":[{"name":"wp","href":"https:\/\/api.w.org\/{rel}","templated":true}]}}