{"id":246056,"date":"2025-03-23T11:07:03","date_gmt":"2025-03-23T11:07:03","guid":{"rendered":"https:\/\/aromasentia.com\/product\/tree-of-life-pendant-amethyst\/"},"modified":"2025-12-30T20:51:06","modified_gmt":"2025-12-30T20:51:06","slug":"baum-des-lebens-anhaenger-amethyst","status":"publish","type":"product","link":"https:\/\/aromasentia.com\/de\/baum-des-lebens-anhaenger-amethyst\/","title":{"rendered":"Baum des Lebens Anh\u00e4nger \u2013 Amethyst"},"content":{"rendered":"<p>Erweitern Sie Ihre Schmucksammlung mit einem <strong>Gro\u00dfhandel Baum des Lebens Anh\u00e4nger in Amethyst. <\/strong>Dieses exquisite St\u00fcck verbindet harmonisch die zeitlose Symbolik des Lebensbaums mit der beruhigenden und spirituellen Energie des Amethysts. Er ist mehr als nur ein Anh\u00e4nger; er ist ein Symbol f\u00fcr Frieden, Intuition und Erleuchtung.<\/p>\n<p>Jeder Anh\u00e4nger des Lebensbaums ist sorgf\u00e4ltig gefertigt und weist verschlungene Zweige auf, die einen echten<strong><span style=\"color: rgb(147, 101, 184);\">&nbsp;Amethyst-Edelstein umschlie\u00dfen. <\/span><\/strong>Die beruhigenden violetten Farbt\u00f6ne des Amethysts rufen ein Gef\u00fchl von Gelassenheit und innerer Weisheit hervor und machen diesen Anh\u00e4nger zu einer fesselnden Wahl f\u00fcr Ihre Kunden.<\/p>\n<p>Bieten Sie Ihren Kunden die M\u00f6glichkeit, ein St\u00fcck Ruhe und spirituelle Verbindung mit diesem Gro\u00dfhandelsanh\u00e4nger Tree of Life &#8211; Amethyst zu tragen. Lassen Sie seine beruhigende Energie ihren Geist fesseln und ein Gef\u00fchl von innerem Frieden und Erleuchtung inspirieren.<\/p>\n<p><strong>Bestellen Sie jetzt und f\u00fcllen Sie Ihre Schmuckkollektion mit der Essenz von Gelassenheit und Spiritualit\u00e4t.<\/strong><\/p>\n","protected":false},"excerpt":{"rendered":"<p>Erweitern Sie Ihre Schmucksammlung mit einem Gro\u00dfhandel Baum des Lebens Anh\u00e4nger in Amethyst. Dieses exquisite St\u00fcck verbindet harmonisch die zeitlose Symbolik des Lebensbaums mit der beruhigenden und spirituellen Energie des Amethysts. Er ist mehr als nur ein Anh\u00e4nger; er ist ein Symbol f\u00fcr Frieden, Intuition und Erleuchtung. Jeder Anh\u00e4nger des Lebensbaums ist sorgf\u00e4ltig gefertigt und [&hellip;]<\/p>\n","protected":false},"featured_media":430658,"comment_status":"closed","ping_status":"open","template":"","meta":{"_angie_page":false},"product_brand":[],"product_cat":[25546,25223,25217,14524],"product_tag":[],"class_list":{"0":"post-246056","1":"product","2":"type-product","3":"status-publish","4":"has-post-thumbnail","6":"product_cat-amethyst","7":"product_cat-edelsteine-mineralien","8":"product_cat-halsketten-anhaenger","9":"product_cat-schmuck-und-accessoires","10":"pa_collection-gemstone-pendants-tree-of-life-de","11":"pa_made-in-china","13":"first","14":"instock","15":"purchasable","16":"product-type-simple"},"supplier_id":null,"supplier_sku":"TOLP-07","barcode":null,"atum_controlled":true,"out_stock_date":null,"out_stock_threshold":null,"inheritable":false,"inbound_stock":null,"stock_on_hold":0,"sold_today":0,"sales_last_days":0,"reserved_stock":null,"customer_returns":null,"warehouse_damage":null,"lost_in_post":null,"other_logs":null,"out_stock_days":0,"lost_sales":0,"has_location":null,"update_date":"2026-05-08T05:21:25","atum_locations":[],"atum_stock_status":"instock","restock_status":false,"low_stock_amount":"","sales_update_date":"2025-09-03T00:15:12","calc_backorders":null,"_links":{"self":[{"href":"https:\/\/aromasentia.com\/de\/wp-json\/wp\/v2\/product\/246056","targetHints":{"allow":["GET"]}}],"collection":[{"href":"https:\/\/aromasentia.com\/de\/wp-json\/wp\/v2\/product"}],"about":[{"href":"https:\/\/aromasentia.com\/de\/wp-json\/wp\/v2\/types\/product"}],"replies":[{"embeddable":true,"href":"https:\/\/aromasentia.com\/de\/wp-json\/wp\/v2\/comments?post=246056"}],"version-history":[{"count":0,"href":"https:\/\/aromasentia.com\/de\/wp-json\/wp\/v2\/product\/246056\/revisions"}],"wp:featuredmedia":[{"embeddable":true,"href":"https:\/\/aromasentia.com\/de\/wp-json\/wp\/v2\/media\/430658"}],"wp:attachment":[{"href":"https:\/\/aromasentia.com\/de\/wp-json\/wp\/v2\/media?parent=246056"}],"wp:term":[{"taxonomy":"product_brand","embeddable":true,"href":"https:\/\/aromasentia.com\/de\/wp-json\/wp\/v2\/product_brand?post=246056"},{"taxonomy":"product_cat","embeddable":true,"href":"https:\/\/aromasentia.com\/de\/wp-json\/wp\/v2\/product_cat?post=246056"},{"taxonomy":"product_tag","embeddable":true,"href":"https:\/\/aromasentia.com\/de\/wp-json\/wp\/v2\/product_tag?post=246056"}],"curies":[{"name":"wp","href":"https:\/\/api.w.org\/{rel}","templated":true}]}}