{"id":246053,"date":"2025-03-23T11:07:03","date_gmt":"2025-03-23T11:07:03","guid":{"rendered":"https:\/\/aromasentia.com\/product\/tree-of-life-pendant-jade\/"},"modified":"2025-12-30T20:51:06","modified_gmt":"2025-12-30T20:51:06","slug":"anhaenger-baum-des-lebens-jade","status":"publish","type":"product","link":"https:\/\/aromasentia.com\/de\/anhaenger-baum-des-lebens-jade\/","title":{"rendered":"Anh\u00e4nger &#8222;Baum des Lebens&#8220; \u2013 Jade"},"content":{"rendered":"<p>Erweitern Sie Ihre Schmuckkollektion mit einem <strong>Gro\u00dfhandelsanh\u00e4nger Baum des Lebens aus Jade<\/strong>. Dieses exquisite St\u00fcck verbindet die zeitlose Sch\u00f6nheit des Lebensbaums mit der beruhigenden Energie der Jade. Er ist nicht nur ein Anh\u00e4nger, sondern ein Symbol f\u00fcr Harmonie, Wohlstand und Gleichgewicht.<\/p>\n<p>Jeder Baum des Lebens-Anh\u00e4nger ist sorgf\u00e4ltig gefertigt, mit verschlungenen \u00c4sten, die einen echten <strong><span style=\"color: rgb(26, 188, 156);\">Jade-Edelstein umschlie\u00dfen. <\/span><\/strong>Die beruhigenden Gr\u00fcnt\u00f6ne der Jade rufen ein Gef\u00fchl des Friedens und des Wohlbefindens hervor und machen diesen Anh\u00e4nger zu einer fesselnden Wahl f\u00fcr Ihre Kunden.<\/p>\n<p>Bieten Sie Ihren Kunden die M\u00f6glichkeit, ein St\u00fcck Ruhe und Wohlstand mit diesem Gro\u00dfhandel Baum des Lebens Anh\u00e4nger &#8211; Jade zu tragen. Lassen Sie seine harmonische Energie ihren Geist fesseln und ein Gef\u00fchl von Gleichgewicht und F\u00fclle inspirieren.<\/p>\n<p><strong>Bestellen Sie jetzt und f\u00fcllen Sie Ihre Schmuckkollektion mit der Essenz von Gelassenheit und Wohlstand.<\/strong><\/p>\n","protected":false},"excerpt":{"rendered":"<p>Erweitern Sie Ihre Schmuckkollektion mit einem Gro\u00dfhandelsanh\u00e4nger Baum des Lebens aus Jade. Dieses exquisite St\u00fcck verbindet die zeitlose Sch\u00f6nheit des Lebensbaums mit der beruhigenden Energie der Jade. Er ist nicht nur ein Anh\u00e4nger, sondern ein Symbol f\u00fcr Harmonie, Wohlstand und Gleichgewicht. Jeder Baum des Lebens-Anh\u00e4nger ist sorgf\u00e4ltig gefertigt, mit verschlungenen \u00c4sten, die einen echten Jade-Edelstein [&hellip;]<\/p>\n","protected":false},"featured_media":430617,"comment_status":"closed","ping_status":"open","template":"","meta":{"_angie_page":false},"product_brand":[],"product_cat":[25223,25217,25640,14524],"product_tag":[],"class_list":{"0":"post-246053","1":"product","2":"type-product","3":"status-publish","4":"has-post-thumbnail","6":"product_cat-edelsteine-mineralien","7":"product_cat-halsketten-anhaenger","8":"product_cat-jade","9":"product_cat-schmuck-und-accessoires","10":"pa_collection-gemstone-pendants-tree-of-life-de","11":"pa_made-in-china","13":"first","14":"instock","15":"purchasable","16":"product-type-simple"},"supplier_id":null,"supplier_sku":"TOLP-06","barcode":null,"atum_controlled":true,"out_stock_date":null,"out_stock_threshold":null,"inheritable":false,"inbound_stock":null,"stock_on_hold":0,"sold_today":0,"sales_last_days":0,"reserved_stock":null,"customer_returns":null,"warehouse_damage":null,"lost_in_post":null,"other_logs":null,"out_stock_days":0,"lost_sales":0,"has_location":null,"update_date":"2026-05-08T05:21:25","atum_locations":[],"atum_stock_status":"instock","restock_status":false,"low_stock_amount":"","sales_update_date":"2026-01-30T01:24:54","calc_backorders":null,"_links":{"self":[{"href":"https:\/\/aromasentia.com\/de\/wp-json\/wp\/v2\/product\/246053","targetHints":{"allow":["GET"]}}],"collection":[{"href":"https:\/\/aromasentia.com\/de\/wp-json\/wp\/v2\/product"}],"about":[{"href":"https:\/\/aromasentia.com\/de\/wp-json\/wp\/v2\/types\/product"}],"replies":[{"embeddable":true,"href":"https:\/\/aromasentia.com\/de\/wp-json\/wp\/v2\/comments?post=246053"}],"version-history":[{"count":0,"href":"https:\/\/aromasentia.com\/de\/wp-json\/wp\/v2\/product\/246053\/revisions"}],"wp:featuredmedia":[{"embeddable":true,"href":"https:\/\/aromasentia.com\/de\/wp-json\/wp\/v2\/media\/430617"}],"wp:attachment":[{"href":"https:\/\/aromasentia.com\/de\/wp-json\/wp\/v2\/media?parent=246053"}],"wp:term":[{"taxonomy":"product_brand","embeddable":true,"href":"https:\/\/aromasentia.com\/de\/wp-json\/wp\/v2\/product_brand?post=246053"},{"taxonomy":"product_cat","embeddable":true,"href":"https:\/\/aromasentia.com\/de\/wp-json\/wp\/v2\/product_cat?post=246053"},{"taxonomy":"product_tag","embeddable":true,"href":"https:\/\/aromasentia.com\/de\/wp-json\/wp\/v2\/product_tag?post=246053"}],"curies":[{"name":"wp","href":"https:\/\/api.w.org\/{rel}","templated":true}]}}