{"id":246047,"date":"2025-03-23T11:07:03","date_gmt":"2025-03-23T11:07:03","guid":{"rendered":"https:\/\/aromasentia.com\/product\/tree-of-life-pendant-tiger-eye\/"},"modified":"2025-12-30T20:51:06","modified_gmt":"2025-12-30T20:51:06","slug":"baum-des-lebens-anhaenger-tigerauge","status":"publish","type":"product","link":"https:\/\/aromasentia.com\/de\/baum-des-lebens-anhaenger-tigerauge\/","title":{"rendered":"Baum des Lebens Anh\u00e4nger \u2013 Tigerauge"},"content":{"rendered":"<p>Erweitern Sie Ihre Schmucksammlung mit dem <strong>Gro\u00dfhandel Baum des Lebens Anh\u00e4nger in Tigerauge.<\/strong> Dieses exquisite St\u00fcck verbindet die zeitlose Symbolik des Lebensbaums mit der erdenden Energie von Tigerauge. Er ist mehr als nur ein Anh\u00e4nger, er ist ein Symbol der St\u00e4rke, des Schutzes und der Weisheit.<\/p>\n<p>Jeder Baum des Lebens-Anh\u00e4nger ist sorgf\u00e4ltig gefertigt, mit verschlungenen \u00c4sten, die einen echten <strong><span style=\"color: rgb(124, 112, 107);\">Tiger Eye Edelstein<\/span><\/strong> umschlie\u00dfen. Die satten, goldbraunen Farbt\u00f6ne des Tigerauges vermitteln ein Gef\u00fchl von Stabilit\u00e4t und Zuversicht und machen diesen Anh\u00e4nger zu einer fesselnden Wahl f\u00fcr Ihre Kunden.<\/p>\n<p>Bieten Sie Ihren Kunden die M\u00f6glichkeit, ein St\u00fcck innerer St\u00e4rke und Widerstandskraft zu tragen mit diesem Gro\u00dfhandel Baum des Lebens Anh\u00e4nger &#8211; Tigerauge. Lassen Sie seine sch\u00fctzende Energie ihren Geist fesseln und ein Gef\u00fchl von Mut inspirieren.<\/p>\n<p><strong>Bestellen Sie jetzt und f\u00fcgen Sie einen Hauch von erdender Eleganz zu Ihrem Schmuckangebot hinzu.<\/strong><\/p>\n","protected":false},"excerpt":{"rendered":"<p>Erweitern Sie Ihre Schmucksammlung mit dem Gro\u00dfhandel Baum des Lebens Anh\u00e4nger in Tigerauge. Dieses exquisite St\u00fcck verbindet die zeitlose Symbolik des Lebensbaums mit der erdenden Energie von Tigerauge. Er ist mehr als nur ein Anh\u00e4nger, er ist ein Symbol der St\u00e4rke, des Schutzes und der Weisheit. Jeder Baum des Lebens-Anh\u00e4nger ist sorgf\u00e4ltig gefertigt, mit verschlungenen [&hellip;]<\/p>\n","protected":false},"featured_media":430535,"comment_status":"closed","ping_status":"open","template":"","meta":{"_angie_page":false},"product_brand":[],"product_cat":[25223,25217,14524,25787],"product_tag":[],"class_list":{"0":"post-246047","1":"product","2":"type-product","3":"status-publish","4":"has-post-thumbnail","6":"product_cat-edelsteine-mineralien","7":"product_cat-halsketten-anhaenger","8":"product_cat-schmuck-und-accessoires","9":"product_cat-tigerauge","10":"pa_collection-gemstone-pendants-tree-of-life-de","11":"pa_made-in-china","13":"first","14":"instock","15":"purchasable","16":"product-type-simple"},"supplier_id":null,"supplier_sku":"TOLP-04","barcode":null,"atum_controlled":true,"out_stock_date":null,"out_stock_threshold":null,"inheritable":false,"inbound_stock":null,"stock_on_hold":0,"sold_today":0,"sales_last_days":0,"reserved_stock":null,"customer_returns":null,"warehouse_damage":null,"lost_in_post":null,"other_logs":null,"out_stock_days":0,"lost_sales":0,"has_location":null,"update_date":"2026-05-04T00:05:00","atum_locations":[],"atum_stock_status":"instock","restock_status":false,"low_stock_amount":"","sales_update_date":"2025-09-03T00:15:12","calc_backorders":null,"_links":{"self":[{"href":"https:\/\/aromasentia.com\/de\/wp-json\/wp\/v2\/product\/246047","targetHints":{"allow":["GET"]}}],"collection":[{"href":"https:\/\/aromasentia.com\/de\/wp-json\/wp\/v2\/product"}],"about":[{"href":"https:\/\/aromasentia.com\/de\/wp-json\/wp\/v2\/types\/product"}],"replies":[{"embeddable":true,"href":"https:\/\/aromasentia.com\/de\/wp-json\/wp\/v2\/comments?post=246047"}],"version-history":[{"count":0,"href":"https:\/\/aromasentia.com\/de\/wp-json\/wp\/v2\/product\/246047\/revisions"}],"wp:featuredmedia":[{"embeddable":true,"href":"https:\/\/aromasentia.com\/de\/wp-json\/wp\/v2\/media\/430535"}],"wp:attachment":[{"href":"https:\/\/aromasentia.com\/de\/wp-json\/wp\/v2\/media?parent=246047"}],"wp:term":[{"taxonomy":"product_brand","embeddable":true,"href":"https:\/\/aromasentia.com\/de\/wp-json\/wp\/v2\/product_brand?post=246047"},{"taxonomy":"product_cat","embeddable":true,"href":"https:\/\/aromasentia.com\/de\/wp-json\/wp\/v2\/product_cat?post=246047"},{"taxonomy":"product_tag","embeddable":true,"href":"https:\/\/aromasentia.com\/de\/wp-json\/wp\/v2\/product_tag?post=246047"}],"curies":[{"name":"wp","href":"https:\/\/api.w.org\/{rel}","templated":true}]}}